{"id":20826,"date":"2023-09-06T13:34:37","date_gmt":"2023-09-06T11:34:37","guid":{"rendered":"https:\/\/e-adams.pl\/produkt\/cekol-gladz-cementowa-biala-c-35-5kg\/"},"modified":"2024-07-15T11:31:20","modified_gmt":"2024-07-15T09:31:20","slug":"biala-gladz-cementowo-polimerowa-cekol-c-35-5kg","status":"publish","type":"product","link":"https:\/\/e-adams.pl\/de\/produkt\/biala-gladz-cementowo-polimerowa-cekol-c-35-5kg\/","title":{"rendered":"Bia\u0142a g\u0142ad\u017a cementowo-polimerowa CEKOL C-35 &#8211; 5kg"},"content":{"rendered":"<h3>Opis:<\/h3>\n<p>Bia\u0142a g\u0142ad\u017a cementowo-polimerowa CEKOL C-35 jest zapraw\u0105 wodoodporn\u0105 i mrozoodporn\u0105. Jest such\u0105 mieszank\u0105 wysokiej jako\u015bci bia\u0142ego cementu, bia\u0142ych wype\u0142niaczy mineralnych i \u015brodk\u00f3w modyfikuj\u0105cych, zapewniaj\u0105cych doskona\u0142\u0105 urabialno\u015b\u0107 i przyczepno\u015b\u0107 do pod\u0142o\u017cy mineralnych (np. beton, ceg\u0142a, gazobeton itp.). CEKOL C-35 nie zawiera sk\u0142adnik\u00f3w toksycznych, ani podatnych na \u017c\u00f3\u0142kni\u0119cie pod wp\u0142ywem \u015bwiat\u0142a i warunk\u00f3w atmosferycznych. Jest doskona\u0142ym podk\u0142adem pod farby emulsyjne, akrylowe, silikatowe, silikonowe i mineralne. Bia\u0142a barwa pozwala na ograniczenie ilo\u015bci wymalowa\u0144 dla uzyskania pe\u0142nego efektu barwnego. CEKOL C-35 polecany jest, jako warstwa zewn\u0119trzna w systemach ocieple\u0144 ETICS.<\/p>\n<h3>Zastosowanie:<\/h3>\n<p>CEKOL C-35 jest wysokiej jako\u015bci materia\u0142em przeznaczonym do wyg\u0142adzania, wyr\u00f3wnywania i uszlachetniania zewn\u0119trznych \u015bcian budynk\u00f3w (elewacji). Mo\u017ce by\u0107 r\u00f3wnie\u017c stosowany wewn\u0105trz pomieszcze\u0144, a szczeg\u00f3lnie w pomieszczeniach o du\u017cej wilgotno\u015bci (np. \u0142azienki, sauny, ch\u0142odnie). CEKOL C-35 umo\u017cliwia wykonanie g\u0142adkich powierzchni. Nadaje si\u0119 do nak\u0142adania r\u0119cznego i mechanicznego.<\/p>\n<h3>Przygotowanie pod\u0142o\u017ca:<\/h3>\n<p>Zaprawa posiada doskona\u0142\u0105 przyczepno\u015b\u0107 do pod\u0142o\u017cy betonowych, z ceg\u0142y, gazobetonu, bloczk\u00f3w keramzytowych, p\u0142yt i bloczk\u00f3w gipsowych. Pod\u0142o\u017ce powinno by\u0107 czyste, zwarte, no\u015bne i wolne od zat\u0142uszcze\u0144. Farby, lu\u017ane ziarenka piasku i tynku oraz wszelkie warstwy trwale niezwi\u0105zane z pod\u0142o\u017cem nale\u017cy usun\u0105\u0107. Pod\u0142o\u017ca ch\u0142onne zagruntowa\u0107 CEKOL DL-80. Przed stosowaniem na warstwie zbroj\u0105cej w systemach ETICS zaleca si\u0119 zastosowanie CEKOL GB-87.<\/p>\n<h3>Wykonanie:<\/h3>\n<p>Zawarto\u015b\u0107 opakowania wsypa\u0107 do odmierzonej ilo\u015bci wody i delikatnie wst\u0119pnie wymiesza\u0107 stosuj\u0105c ok. 0,4 litra wody na 1 kg suchego proszku. Nast\u0119pnie odczeka\u0107 ok. 3 minut i jeszcze raz dok\u0142adnie wymiesza\u0107 do uzyskania jednolitej masy. Zapraw\u0119 nanosi\u0107 na pod\u0142o\u017ce stosuj\u0105c czyste narz\u0119dzia ze stali nierdzewnej lub plastikowe. Po wst\u0119pnym stwardnieniu i wyschni\u0119ciu masy mo\u017cliwe s\u0105 drobne wyko\u0144czeniowe korekty powierzchni. Zaleca si\u0119 nak\u0142adanie jednorazowo warstw nie grubszych ni\u017c 5 mm. Malowanie mo\u017cna przeprowadzi\u0107 po ca\u0142kowitym stwardnieniu i wyschni\u0119ciu tynku. Warstw\u0119 \u015bwie\u017cego tynku nale\u017cy chroni\u0107 przed nadmiernym wysychaniem.<\/p>\n<h3>Przechowywanie:<\/h3>\n<p>Przechowywa\u0107 nale\u017cy w pomieszczeniach suchych, w oryginalnych opakowaniach.<\/p>\n<h3>Uwagi:<\/h3>\n<p>Cementowo-polimerowa bia\u0142a g\u0142ad\u017a szpachlowa do wewn\u0105trz i na zewn\u0105trz, tak\u017ce do pomieszcze\u0144 o du\u017cej wilgotno\u015bci: gara\u017c, \u0142azienka, itp. , do wykonywania g\u0142adkich elewacji:<\/p>\n<h3>Dane techniczne:<\/h3>\n<ul>\n<li>Spe\u0142nia wymagania: EN 998-1<\/li>\n<li>Proporcje mieszanki: oko\u0142o 0,4 l wody na 1 kg suchego proszku<\/li>\n<li>Czas zu\u017cycia zaprawy: oko\u0142o 3 h<\/li>\n<li>Wydajno\u015b\u0107: oko\u0142o 1,5 kg\/m\u00b2\/mm<\/li>\n<li>Grubo\u015b\u0107 warstwy: 1 do 5 mm<\/li>\n<li>Temperatura wykonywania prac: +5\u00b0C do +25\u00b0C<\/li>\n<li>Absorpcja wody: Wc2<\/li>\n<li>Reakcja na ogie\u0144: A1<\/li>\n<li>Produkt posiada: Atest higieniczny<\/li>\n<li>Opakowanie 5kg: EAN 5906474350052<\/li>\n<li>Opakowanie 20kg: EAN 5906474350205<\/li>\n<li>CN: 32141090<\/li>\n<\/ul>\n","protected":false},"excerpt":{"rendered":"<p>Bia\u0142a g\u0142ad\u017a cementowo-polimerowa CEKOL C-35 to wodoodporna i mrozoodporna mieszanka, zapewniaj\u0105ca doskona\u0142\u0105 przyczepno\u015b\u0107 do pod\u0142o\u017cy mineralnych, idealna jako podk\u0142ad pod r\u00f3\u017cne rodzaje farb i systemy ocieple\u0144 ETICS.<\/p>\n","protected":false},"featured_media":20868,"comment_status":"open","ping_status":"closed","template":"","meta":{"_acf_changed":false,"inline_featured_image":false},"product_cat":[285],"product_tag":[1691,1690,1689,1692],"class_list":{"0":"post-20826","1":"product","2":"type-product","3":"status-publish","4":"has-post-thumbnail","6":"product_cat-silikony-i-uszczelniacze","7":"product_tag-biala-gladz","8":"product_tag-cekol-c-35","9":"product_tag-gladz-cementowo-polimerowa","10":"product_tag-zaprawa-wodoodporna-i-mrozoodporna","12":"first","13":"instock","14":"shipping-taxable","15":"purchasable","16":"product-type-simple"},"acf":[],"_links":{"self":[{"href":"https:\/\/e-adams.pl\/de\/wp-json\/wp\/v2\/product\/20826","targetHints":{"allow":["GET"]}}],"collection":[{"href":"https:\/\/e-adams.pl\/de\/wp-json\/wp\/v2\/product"}],"about":[{"href":"https:\/\/e-adams.pl\/de\/wp-json\/wp\/v2\/types\/product"}],"replies":[{"embeddable":true,"href":"https:\/\/e-adams.pl\/de\/wp-json\/wp\/v2\/comments?post=20826"}],"wp:featuredmedia":[{"embeddable":true,"href":"https:\/\/e-adams.pl\/de\/wp-json\/wp\/v2\/media\/20868"}],"wp:attachment":[{"href":"https:\/\/e-adams.pl\/de\/wp-json\/wp\/v2\/media?parent=20826"}],"wp:term":[{"taxonomy":"product_cat","embeddable":true,"href":"https:\/\/e-adams.pl\/de\/wp-json\/wp\/v2\/product_cat?post=20826"},{"taxonomy":"product_tag","embeddable":true,"href":"https:\/\/e-adams.pl\/de\/wp-json\/wp\/v2\/product_tag?post=20826"}],"curies":[{"name":"wp","href":"https:\/\/api.w.org\/{rel}","templated":true}]}}