{"id":20827,"date":"2023-09-06T13:34:38","date_gmt":"2023-09-06T11:34:38","guid":{"rendered":"https:\/\/e-adams.pl\/produkt\/beton-b20-25kg-promotor\/"},"modified":"2024-07-15T11:31:21","modified_gmt":"2024-07-15T09:31:21","slug":"promotor-beton-b-20-25kg","status":"publish","type":"product","link":"https:\/\/e-adams.pl\/de\/produkt\/promotor-beton-b-20-25kg\/","title":{"rendered":"PROMOTOR BETON B-20 &#8211; 25kg"},"content":{"rendered":"<h3>Opis:<\/h3>\n<p>Receptura betonu PROMOTOR BETON B-20 zosta\u0142a oparta o prawid\u0142owy stos kruszywowy zawieraj\u0105cy kruszywo do 8 mm oraz wysokogatunkowe spoiwo. Dzi\u0119ki temu oddajemy w Pa\u0144stwa r\u0119ce produkt oparty na \u017cwirze, analogiczny do powstaj\u0105cego w profesjonalnej betoniarni, w przeciwie\u0144stwie do wielu dost\u0119pnych na rynku produkt\u00f3w, kt\u00f3re pr\u00f3buj\u0105 uzyska\u0107 w\u0142a\u015bciwy beton na drobnym piasku. Aby uzyska\u0107 beton o wysokiej wytrzyma\u0142o\u015bci nale\u017cy zastosowa\u0107 gruby \u017cwir, aby naturalny kamie\u0144 w nim zawarty wzmocni\u0142 powsta\u0142y beton. \u015awietnie sprawdzi si\u0119 do wykonania: \u0142aw fundamentowych, nadpro\u017cy, schod\u00f3w, posadzek o du\u017cej odporno\u015bci wytrzyma\u0142o\u015bciowej, wylewek pod ogrodzenia, podjazd\u00f3w, element\u00f3w ma\u0142ej architektury, drobnych prac betoniarskich.<\/p>\n<p>Dzi\u0119ki innowacyjnej recepturze Beton B-20 Promotor charakteryzuje si\u0119 wytrzyma\u0142o\u015bci\u0105 na \u015bciskanie przekraczaj\u0105c\u0105 20 MPa, niskim skurczem, a przede wszystkim \u015bwietnie nadaje si\u0119 do cel\u00f3w konstrukcyjnych.<\/p>\n<p><img loading=\"lazy\" decoding=\"async\" class=\"aligncenter wp-image-20928 \" src=\"https:\/\/e-adams.pl\/wp-content\/uploads\/2023\/09\/beton-promotor-b-20-banner.png\" alt=\"beton promotor b-20 banner\" width=\"575\" height=\"416\" title=\"\"><\/p>\n<h3>Co to jest beton B-20?<\/h3>\n<p>Beton B-20 jest jednym z najpopularniejszych materia\u0142\u00f3w budowlanych. Przede wszystkim charakteryzuje si\u0119 wysok\u0105 wytrzyma\u0142o\u015bci\u0105 na urazy mechaniczne. Jego odporno\u015b\u0107 na \u015bciskanie przekracza 20MPa. Dojrzewa on po 28 dniach, czyli czterech tygodniach. Jest tak\u017ce niesamowicie uniwersalny, poniewa\u017c mo\u017ce by\u0107 stosowany zar\u00f3wno w wewn\u0119trznych jak i zewn\u0119trznych konstrukcjach budowlanych. Czasem tak\u017ce wykorzystuje si\u0119 go w bardziej artystycznych instalacjach, kt\u00f3re s\u0105 w mniejszej skali.<\/p>\n<h3>Dane techniczne:<\/h3>\n<p>Zu\u017cycie: 81 work\u00f3w (2025 kg) na 1m3<br \/>\nIlo\u015b\u0107 zu\u017cycia wody: 3,0 l \/ 25 kg<br \/>\nMinimalna warstwa: 40 mm (25 mm przy trwa\u0142ym pod\u0142o\u017cu)<br \/>\nWytrzyma\u0142o\u015b\u0107: 20 MPa<br \/>\nOpakowanie: worek 25 kg<\/p>\n<p>Beton B20 charakteryzuje si\u0119 znakomit\u0105 przyczepno\u015bci\u0105 oraz uniwersalno\u015bci\u0105 w u\u017cyciu. Mowa tu o pracach przeprowadzonych zar\u00f3wno wewn\u0105trz, jak i na zewn\u0105trz budynku. Jego g\u0119sto\u015b\u0107 wynosi powy\u017cej 1800 kg na metr sze\u015bcienny. Jednocze\u015bnie powinien by\u0107 on \u0142atwy w u\u017cyciu \u2013 zapewnia to prostota w przygotowaniu mieszanki. Na szczeg\u00f3ln\u0105 uwag\u0119 zas\u0142uguje tak\u017ce zakres temperatur, w kt\u00f3rych mo\u017cna tworzy\u0107 beton B-20. Waha si\u0119 od 5 do 30 stopni Celsjusza. Jak wcze\u015bniej wspomniano, produkt ten posiada wysok\u0105 wytrzyma\u0142o\u015b\u0107 na \u015bciskanie 20MPa. Czasem jest tak\u017ce mrozoodporny.<\/p>\n<h3>Czy beton B-20 jest mocny?<\/h3>\n<p>Jest niezwykle wytrzyma\u0142y na urazy mechaniczne oraz \u015bciskanie. Dzi\u0119ki temu istnieje mo\u017cliwo\u015b\u0107 stosowania betonu na ka\u017cdym etapie budowy domu. Nadaje si\u0119 przyk\u0142adowo do wylewania fundament\u00f3w, schod\u00f3w albo strop\u00f3w.<\/p>\n<h3>Do czego stosuje si\u0119 beton B-20?<\/h3>\n<p>Jak wcze\u015bniej wspomniano, jest on niezwykle uniwersalny w u\u017cyciu. Przyk\u0142adowo mo\u017cna go wykorzysta\u0107 do tworzenia takich konstrukcji jak:<\/p>\n<ul>\n<li>Schody<\/li>\n<li>Posadzki, kt\u00f3re b\u0119d\u0105 posiada\u0142y du\u017c\u0105 odporno\u015b\u0107 wytrzyma\u0142o\u015bciowo<\/li>\n<li>Podjazdy<\/li>\n<li>Elementy maj\u0105ce podnosi\u0107 estetyk\u0119 \u2013 ma\u0142a architektura<\/li>\n<li>\u0141awy fundamentowe<\/li>\n<li>Stropy<\/li>\n<li>Podbudowy i \u015bciany<\/li>\n<li>Nadpro\u017ca<\/li>\n<\/ul>\n<p><img loading=\"lazy\" decoding=\"async\" class=\"aligncenter wp-image-20929 size-full\" src=\"https:\/\/e-adams.pl\/wp-content\/uploads\/2023\/09\/beton-promotor-b-20-zastosowanie.png\" alt=\"beton promotor b-20 zastosowanie\" width=\"1106\" height=\"334\" title=\"\"><\/p>\n","protected":false},"excerpt":{"rendered":"<p>Beton PROMOTOR B-20 to wysokiej jako\u015bci produkt oparty na prawid\u0142owym stosie kruszyw zawieraj\u0105cych kruszywo do 8 mm i wysokogatunkowe spoiwo, zapewniaj\u0105cy wytrzyma\u0142o\u015b\u0107 na \u015bciskanie przekraczaj\u0105c\u0105 20 MPa i doskonale nadaj\u0105cy si\u0119 do cel\u00f3w konstrukcyjnych.<\/p>\n","protected":false},"featured_media":21527,"comment_status":"open","ping_status":"closed","template":"","meta":{"_acf_changed":false,"inline_featured_image":false},"product_cat":[281],"product_tag":[996,1775],"class_list":{"0":"post-20827","1":"product","2":"type-product","3":"status-publish","4":"has-post-thumbnail","6":"product_cat-wylewki-posadzkowe","7":"product_tag-beton","8":"product_tag-promotor-beton-b-20","10":"first","11":"instock","12":"shipping-taxable","13":"purchasable","14":"product-type-simple"},"acf":[],"_links":{"self":[{"href":"https:\/\/e-adams.pl\/de\/wp-json\/wp\/v2\/product\/20827","targetHints":{"allow":["GET"]}}],"collection":[{"href":"https:\/\/e-adams.pl\/de\/wp-json\/wp\/v2\/product"}],"about":[{"href":"https:\/\/e-adams.pl\/de\/wp-json\/wp\/v2\/types\/product"}],"replies":[{"embeddable":true,"href":"https:\/\/e-adams.pl\/de\/wp-json\/wp\/v2\/comments?post=20827"}],"wp:featuredmedia":[{"embeddable":true,"href":"https:\/\/e-adams.pl\/de\/wp-json\/wp\/v2\/media\/21527"}],"wp:attachment":[{"href":"https:\/\/e-adams.pl\/de\/wp-json\/wp\/v2\/media?parent=20827"}],"wp:term":[{"taxonomy":"product_cat","embeddable":true,"href":"https:\/\/e-adams.pl\/de\/wp-json\/wp\/v2\/product_cat?post=20827"},{"taxonomy":"product_tag","embeddable":true,"href":"https:\/\/e-adams.pl\/de\/wp-json\/wp\/v2\/product_tag?post=20827"}],"curies":[{"name":"wp","href":"https:\/\/api.w.org\/{rel}","templated":true}]}}