{"id":20828,"date":"2023-09-06T13:34:39","date_gmt":"2023-09-06T11:34:39","guid":{"rendered":"https:\/\/e-adams.pl\/produkt\/klej-flex-white-bialy-s1-25kg-wim\/"},"modified":"2024-02-15T11:49:28","modified_gmt":"2024-02-15T10:49:28","slug":"klej-elastyczny-wim-flex-s1-25kg-bialy","status":"publish","type":"product","link":"https:\/\/e-adams.pl\/de\/produkt\/klej-elastyczny-wim-flex-s1-25kg-bialy\/","title":{"rendered":"Klej elastyczny WIM FLEX S1 25kg bia\u0142y"},"content":{"rendered":"<h3>OPIS:<\/h3>\n<p>Klej elastyczny WIM FLEX S1 to cienkowarstwowa zaprawa klej\u0105ca do mocowania p\u0142ytek ceramicznych, gresowych i klinkierowych ka\u017cdego formatu i nasi\u0105kliwo\u015bci, wewn\u0105trz i na zewn\u0105trz pomieszcze\u0144. Szczeg\u00f3lnie zalecana do monta\u017cu kamienia naturalnego (np marmuru, granitu, trawertynu) nawet w jasnych kolorach.<\/p>\n<p>Zaprawa nie powoduje efektu szarzenia powierzchni kamienia, nie nale\u017cy jej jednak stosowa\u0107 do kamieni wra\u017cliwych na odkszta\u0142cenia i przebarwienia pod wp\u0142ywem wilgoci. W takim wypadku nale\u017cy stosowa\u0107 kleje szybkowi\u0105\u017c\u0105ce a w wyj\u0105tkowych przypadkach nawet kleje bezwodne.<\/p>\n<p>Zapraw\u0119 mo\u017cna stosowa\u0107 do klejenia p\u0142ytek na \u015bcianach z p\u0142yt kartonowo-gipsowych, posadzkach z zamontowanym ogrzewaniem pod\u0142ogowym, na odpowiednio wykonanych i wyschni\u0119tych pow\u0142okach hydroizolacyjnych w kabinach natryskowych, na tarasach i w basenach.<\/p>\n<h3>DANE TECHNICZNE:<\/h3>\n<ul>\n<li>Temperatura stosowania (powietrza i materia\u0142\u00f3w): od+5<sup>o<\/sup>C do +25<sup>o<\/sup>C<\/li>\n<li>Proporcja mieszania: ok. 6,50-7,00 l wody na 25 kg kleju (ok. 0,26-0,28 l wody na 1 kg kleju)<\/li>\n<li>Czas dojrzewania: 5 minut<\/li>\n<li>Czas pracy: oko\u0142o 4-6 godzin<\/li>\n<li>Czas otwarty: minimum 45 minut<\/li>\n<li>Czas korygowalno\u015bci: minimum 30 minut<\/li>\n<li>Mo\u017cliwo\u015b\u0107 chodzenia: po oko\u0142o 24 godzinach<\/li>\n<li>Mo\u017cliwo\u015b\u0107 spoinowania \u015bciany: 4-8 godzin<\/li>\n<li>Mo\u017cliwo\u015b\u0107 spoinowania posadzki: po oko\u0142o 24 godzinach<\/li>\n<li>Odporno\u015b\u0107 na temperatur\u0119: od -30oC do +70oC<\/li>\n<li>Maksymalna grubo\u015b\u0107 warstwy zaprawy: 10 mm<\/li>\n<\/ul>\n","protected":false},"excerpt":{"rendered":"<p>Klej elastyczny WIM FLEX S1 to cienkowarstwowa zaprawa klej\u0105ca do mocowania p\u0142ytek ceramicznych, gresowych i klinkierowych ka\u017cdego formatu i nasi\u0105kliwo\u015bci, wewn\u0105trz i na zewn\u0105trz pomieszcze\u0144. Szczeg\u00f3lnie zalecana do monta\u017cu kamienia naturalnego (np marmuru, granitu, trawertynu) nawet w jasnych kolorach.<\/p>\n","protected":false},"featured_media":22230,"comment_status":"open","ping_status":"closed","template":"","meta":{"_acf_changed":false,"inline_featured_image":false},"product_cat":[1452],"product_tag":[2148,2146,2147],"class_list":{"0":"post-20828","1":"product","2":"type-product","3":"status-publish","4":"has-post-thumbnail","6":"product_cat-zaprawy-klejowe","7":"product_tag-flex-s1","8":"product_tag-klej-elastyczny","9":"product_tag-wim","11":"first","12":"instock","13":"shipping-taxable","14":"purchasable","15":"product-type-simple"},"acf":[],"_links":{"self":[{"href":"https:\/\/e-adams.pl\/de\/wp-json\/wp\/v2\/product\/20828","targetHints":{"allow":["GET"]}}],"collection":[{"href":"https:\/\/e-adams.pl\/de\/wp-json\/wp\/v2\/product"}],"about":[{"href":"https:\/\/e-adams.pl\/de\/wp-json\/wp\/v2\/types\/product"}],"replies":[{"embeddable":true,"href":"https:\/\/e-adams.pl\/de\/wp-json\/wp\/v2\/comments?post=20828"}],"wp:featuredmedia":[{"embeddable":true,"href":"https:\/\/e-adams.pl\/de\/wp-json\/wp\/v2\/media\/22230"}],"wp:attachment":[{"href":"https:\/\/e-adams.pl\/de\/wp-json\/wp\/v2\/media?parent=20828"}],"wp:term":[{"taxonomy":"product_cat","embeddable":true,"href":"https:\/\/e-adams.pl\/de\/wp-json\/wp\/v2\/product_cat?post=20828"},{"taxonomy":"product_tag","embeddable":true,"href":"https:\/\/e-adams.pl\/de\/wp-json\/wp\/v2\/product_tag?post=20828"}],"curies":[{"name":"wp","href":"https:\/\/api.w.org\/{rel}","templated":true}]}}