{"id":20829,"date":"2023-09-06T13:34:39","date_gmt":"2023-09-06T11:34:39","guid":{"rendered":"https:\/\/e-adams.pl\/produkt\/zaprawa-posadzkowa-cementowa-beton-b30-25kg-wim\/"},"modified":"2024-05-10T11:02:25","modified_gmt":"2024-05-10T09:02:25","slug":"zaprawa-cementowa-do-posadzek-wim-beton-b30-25kg","status":"publish","type":"product","link":"https:\/\/e-adams.pl\/de\/produkt\/zaprawa-cementowa-do-posadzek-wim-beton-b30-25kg\/","title":{"rendered":"Zaprawa cementowa do posadzek WIM BETON B30 25kg"},"content":{"rendered":"<h3>OPIS:<\/h3>\n<p>Zaprawa cementowa do posadzek WIM BETON B30 do r\u0119cznego lub maszynowego wykonywania cementowych posadzek oraz podk\u0142ad\u00f3w\u00a0pod\u0142ogowych pod dowolne wyko\u0144czenia takie jak p\u0142ytki ceramiczne, parkiet, masa\u00a0samopoziomuj\u0105ca itp&#8230; Przeznaczona jest do stosowania szczeg\u00f3lnie tam, gdzie\u00a0istniej\u0105 wymogi w zakresie zwi\u0119kszonej wytrzyma\u0142o\u015bci na obci\u0105\u017cenie (posadzki w gara\u017cach,\u00a0halach magazynowych, korytarzach, warsztatach).<\/p>\n<p>Wykorzystywana jest g\u0142\u00f3wnie przy realizacji nowych pod\u0142\u00f3g,\u00a0ale mo\u017ce by\u0107 tak\u017ce u\u017cywana przy pracach remontowych wewn\u0105trz i zewn\u0105trz budynk\u00f3w w tym\u00a0r\u00f3wnie\u017c na tarasach i balkonach do wykonywania warstwy dociskowej oraz warstwy spadkowej.<\/p>\n<h3>DANE TECHNICZNE:<\/h3>\n<ul>\n<li>Maksymalna \u015brednica kruszywa: 3,0 mm<\/li>\n<li>Proporcja mieszania: oko\u0142o 0,08-0,15 l wody na 1 kg zaprawy<\/li>\n<li>Proporcja mieszania: oko\u0142o 2,00-3,75 l wody na 25 kg zaprawy<\/li>\n<li>Czas pracy: oko\u0142o 1 godziny<\/li>\n<li>temperatura stosowania (powietrza i materia\u0142\u00f3w): od +5<sup>o<\/sup>C do +25<sup>o<\/sup>C<\/li>\n<li>Odporno\u015b\u0107 na temperatury: od -20<sup>o<\/sup>C do +60<sup>o<\/sup>C<\/li>\n<li>Mo\u017cliwo\u015b\u0107 u\u017cytkowania \/ ch\u0142odzenia: po oko\u0142o 24 godzinach<\/li>\n<li>Minimalna grubo\u015b\u0107 warstwy zaprawy: 10 mm (uzale\u017cnione od zastosowania i wybranego uk\u0142adu konstrukcyjnego)<\/li>\n<li>Wytrzyma\u0142o\u015b\u0107 na \u015bciskanie: wi\u0119ksze lub r\u00f3wne 30 N\/mm<sup>2<\/sup><\/li>\n<li>Wytrzyma\u0142o\u015b\u0107 na zginanie: wi\u0119ksze lub r\u00f3wne 5 N\/mm<sup>2<\/sup><\/li>\n<li>Odporno\u015b\u0107 na \u015bcieranie: A 12<\/li>\n<li>Masa suchej zaprawy: 1600 &#8211; 1850 kg\/m<sup>3<\/sup><\/li>\n<li>Wydajno\u015b\u0107: oko\u0142o 2000 kg\/m<sup>3<\/sup><\/li>\n<\/ul>\n","protected":false},"excerpt":{"rendered":"<p>Zaprawa cementowa do posadzek WIM BETON B30 do r\u0119cznego lub maszynowego wykonywania cementowych posadzek oraz podk\u0142ad\u00f3w\u00a0pod\u0142ogowych pod dowolne wyko\u0144czenia takie jak p\u0142ytki ceramiczne, parkiet, masa\u00a0samopoziomuj\u0105ca itp&#8230; Przeznaczona jest do stosowania szczeg\u00f3lnie tam, gdzie\u00a0istniej\u0105 wymogi w zakresie zwi\u0119kszonej wytrzyma\u0142o\u015bci na obci\u0105\u017cenie (posadzki w gara\u017cach,\u00a0halach magazynowych, korytarzach, warsztatach).<\/p>\n","protected":false},"featured_media":22539,"comment_status":"open","ping_status":"closed","template":"","meta":{"_acf_changed":false,"inline_featured_image":false},"product_cat":[281],"product_tag":[2147,2307],"class_list":{"0":"post-20829","1":"product","2":"type-product","3":"status-publish","4":"has-post-thumbnail","6":"product_cat-wylewki-posadzkowe","7":"product_tag-wim","8":"product_tag-zaprawa-cementowa-do-posadzek","10":"first","11":"outofstock","12":"shipping-taxable","13":"purchasable","14":"product-type-simple"},"acf":[],"_links":{"self":[{"href":"https:\/\/e-adams.pl\/de\/wp-json\/wp\/v2\/product\/20829","targetHints":{"allow":["GET"]}}],"collection":[{"href":"https:\/\/e-adams.pl\/de\/wp-json\/wp\/v2\/product"}],"about":[{"href":"https:\/\/e-adams.pl\/de\/wp-json\/wp\/v2\/types\/product"}],"replies":[{"embeddable":true,"href":"https:\/\/e-adams.pl\/de\/wp-json\/wp\/v2\/comments?post=20829"}],"wp:featuredmedia":[{"embeddable":true,"href":"https:\/\/e-adams.pl\/de\/wp-json\/wp\/v2\/media\/22539"}],"wp:attachment":[{"href":"https:\/\/e-adams.pl\/de\/wp-json\/wp\/v2\/media?parent=20829"}],"wp:term":[{"taxonomy":"product_cat","embeddable":true,"href":"https:\/\/e-adams.pl\/de\/wp-json\/wp\/v2\/product_cat?post=20829"},{"taxonomy":"product_tag","embeddable":true,"href":"https:\/\/e-adams.pl\/de\/wp-json\/wp\/v2\/product_tag?post=20829"}],"curies":[{"name":"wp","href":"https:\/\/api.w.org\/{rel}","templated":true}]}}