{"id":20830,"date":"2023-09-06T13:34:40","date_gmt":"2023-09-06T11:34:40","guid":{"rendered":"https:\/\/e-adams.pl\/produkt\/klej-superflex-s1-szary-25kg-folia-wim\/"},"modified":"2024-02-15T11:49:28","modified_gmt":"2024-02-15T10:49:28","slug":"klej-do-plytek-wim-superflex-s1-25kg","status":"publish","type":"product","link":"https:\/\/e-adams.pl\/de\/produkt\/klej-do-plytek-wim-superflex-s1-25kg\/","title":{"rendered":"Klej do p\u0142ytek WIM SUPERFLEX S1 25kg"},"content":{"rendered":"<h3>OPIS:<\/h3>\n<p>Klej do p\u0142ytek WIM SUPERFLEX S1 mo\u017ce by\u0107 stosowana do klejenia p\u0142ytek na trudnych pod\u0142o\u017cach takich jak \u015bciany z p\u0142yt gipsowo-kartonowych, p\u0142yty OSB, stare p\u0142ytki, lastryko, posadzki z ogrzewaniem pod\u0142ogowym, odpowiednio wykonane i wyschni\u0119te pow\u0142oki hydroizolacyjne w kabinach natryskowych oraz szczeg\u00f3lnie na tarasach, balkonach i w basenach.<\/p>\n<p>Nadaje si\u0119 r\u00f3wnie\u017c do uk\u0142adania kamienia naturalnego, niewra\u017cliwego na dzia\u0142anie wilgoci i przebarwienia. Odkszta\u0142calna, wysoko elastyczna, bez ogranicze\u0144, zaprawa klej\u0105ca do mocowania p\u0142ytek ceramicznych, gresowych i klinkierowych ka\u017cdego formatu i nasi\u0105kliwo\u015bci, nara\u017conych na wyj\u0105tkowo trudne warunki u\u017cytkowania oraz odkszta\u0142cenia, wewn\u0105trz i na zewn\u0105trz pomieszcze\u0144.<\/p>\n<h3>DANE TECHNICZNE:<\/h3>\n<p>\u2022 Odnosz\u0105 si\u0119 do temp. +23\u00b0C (\u00b12) i wilgotno\u015bci powietrza 50% (\u00b15)<br \/>\n\u2022 Temperatura stosowania (powietrza i materia\u0142\u00f3w): od +5\u00b0C do +25\u00b0C<br \/>\n\u2022 Sk\u0142ad: mieszanka cementu, kruszyw mineralnych i \u015brodk\u00f3w modyfikuj\u0105cych<br \/>\n\u2022 Proporcja mieszania: 6,60 \u2013 7,25 l wody: 25 kg kleju (ok. 0,26 \u2013 0,29 l wody na 1 kg kleju)<br \/>\n\u2022 Czas dojrzewania: 5 minut<br \/>\n\u2022 Czas pracy: ok. 4 &#8211; 6 godz.<br \/>\n\u2022 Czas otwarty: min. 30 minut<br \/>\n\u2022 Czas korygowalno\u015bci: min. 10 minut<br \/>\n\u2022 Mo\u017cliwo\u015b\u0107 chodzenia: po ok. 24 godz.<br \/>\n\u2022 Mo\u017cliwo\u015b\u0107 spoinowania:<br \/>\n&#8211; \u015bciany: 4 \u2013 8 godz.<br \/>\n&#8211; posadzki: po ok. 24 godz.<br \/>\n\u2022 Odporno\u015b\u0107 na temperatur\u0119: \u201330\u00b0C do +70\u00b0C<br \/>\n\u2022 Maksymalna grubo\u015b\u0107 warstwy zaprawy: 10 mm<\/p>\n","protected":false},"excerpt":{"rendered":"<p>Klej do p\u0142ytek WIM SUPERFLEX S1 mo\u017ce by\u0107 stosowana do klejenia p\u0142ytek na trudnych pod\u0142o\u017cach takich jak \u015bciany z p\u0142yt gipsowo-kartonowych, p\u0142yty OSB, stare p\u0142ytki, lastryko, posadzki z ogrzewaniem pod\u0142ogowym, odpowiednio wykonane i wyschni\u0119te pow\u0142oki hydroizolacyjne w kabinach natryskowych oraz szczeg\u00f3lnie na tarasach, balkonach i w basenach.<\/p>\n","protected":false},"featured_media":22306,"comment_status":"open","ping_status":"closed","template":"","meta":{"_acf_changed":false,"inline_featured_image":false},"product_cat":[982],"product_tag":[2177,2178],"class_list":{"0":"post-20830","1":"product","2":"type-product","3":"status-publish","4":"has-post-thumbnail","6":"product_cat-kleje-do-plytek","7":"product_tag-klej-do-plytek","8":"product_tag-wim-superflex","10":"first","11":"outofstock","12":"shipping-taxable","13":"purchasable","14":"product-type-simple"},"acf":[],"_links":{"self":[{"href":"https:\/\/e-adams.pl\/de\/wp-json\/wp\/v2\/product\/20830","targetHints":{"allow":["GET"]}}],"collection":[{"href":"https:\/\/e-adams.pl\/de\/wp-json\/wp\/v2\/product"}],"about":[{"href":"https:\/\/e-adams.pl\/de\/wp-json\/wp\/v2\/types\/product"}],"replies":[{"embeddable":true,"href":"https:\/\/e-adams.pl\/de\/wp-json\/wp\/v2\/comments?post=20830"}],"wp:featuredmedia":[{"embeddable":true,"href":"https:\/\/e-adams.pl\/de\/wp-json\/wp\/v2\/media\/22306"}],"wp:attachment":[{"href":"https:\/\/e-adams.pl\/de\/wp-json\/wp\/v2\/media?parent=20830"}],"wp:term":[{"taxonomy":"product_cat","embeddable":true,"href":"https:\/\/e-adams.pl\/de\/wp-json\/wp\/v2\/product_cat?post=20830"},{"taxonomy":"product_tag","embeddable":true,"href":"https:\/\/e-adams.pl\/de\/wp-json\/wp\/v2\/product_tag?post=20830"}],"curies":[{"name":"wp","href":"https:\/\/api.w.org\/{rel}","templated":true}]}}