{"id":20831,"date":"2023-09-06T13:34:41","date_gmt":"2023-09-06T11:34:41","guid":{"rendered":"https:\/\/e-adams.pl\/produkt\/klej-elastyczny-cm16-pro-25kg\/"},"modified":"2024-07-15T11:31:21","modified_gmt":"2024-07-15T09:31:21","slug":"elastyczna-zaprawa-klejaca-ceresit-cm-16-pro-25kg","status":"publish","type":"product","link":"https:\/\/e-adams.pl\/de\/produkt\/elastyczna-zaprawa-klejaca-ceresit-cm-16-pro-25kg\/","title":{"rendered":"Elastyczna zaprawa klej\u0105ca CERESIT CM 16 PRO &#8211; 25kg"},"content":{"rendered":"<h3>Opis:<\/h3>\n<p>CERESIT CM 16 PRO to elastyczna zaprawa klej\u0105ca, wyposa\u017cona w trzy technologie: AERO, Mikro \u017cel i Fibre Force, umo\u017cliwiaj\u0105ca aplikacj\u0119 zar\u00f3wno na powierzchniach pionowych, jak i poziomych, z doskona\u0142\u0105 przyczepno\u015bci\u0105 i wytrzyma\u0142o\u015bci\u0105 w r\u00f3\u017cnych grubo\u015bciach (do 10 mm), nadaje si\u0119 do wielu rodzaj\u00f3w p\u0142ytek, w tym ceramicznych i kamienia naturalnego, oraz jest odpowiednia do stosowania wewn\u0105trz i na zewn\u0105trz budynk\u00f3w, na pod\u0142o\u017cach odkszta\u0142calnych i jako warstwa w systemach ocieple\u0144.<\/p>\n<p><img loading=\"lazy\" decoding=\"async\" class=\"aligncenter wp-image-20934 size-full\" src=\"https:\/\/e-adams.pl\/wp-content\/uploads\/2023\/09\/elastyczna-zaprawa-klejaca-ceresit-cm-16-pro-25kg_banner.png\" alt=\"elastyczna-zaprawa-klejaca-ceresit-cm-16-pro-25kg_banner\" width=\"566\" height=\"553\" title=\"\"><\/p>\n<h3>W\u0142a\u015bciwo\u015bci:<\/h3>\n<ul>\n<li>Elastyczna zaprawa klej\u0105ca posiadaj\u0105ca 3 technologie \u2013 AERO, Mikro \u017cel, Fibre Force<\/li>\n<li>technologia AERO: doskonale napowietrzona, plastyczna konsystencja<\/li>\n<li>technologia MIKRO \u017bEL: spoinowanie po 12h, aplikacja w podwy\u017cszonych temperaturach<\/li>\n<li>wzmocniona w\u0142\u00f3knami Fibre Force -wi\u0119ksza przyczepno\u015b\u0107 i elastyczno\u015b\u0107<\/li>\n<li>3w1 &#8211; \u015bredniowarstwowy do 10mm, wyr\u00f3wnuj\u0105cy, stabilny w r\u00f3\u017cnych grubo\u015bciach<\/li>\n<li>zalecana do wszystkich rodzaj\u00f3w p\u0142ytek<\/li>\n<li>do p\u0142ytek ma\u0142ego, \u015bredniego i wielkiego formatu<\/li>\n<li>na balkony i tarasy<\/li>\n<li>mo\u017cliwo\u015b\u0107 dostosowania konsystencji<\/li>\n<\/ul>\n<h3>Zastosowanie:<\/h3>\n<p>Zawansowana technologicznie nowa zaprawa CM 16 PRO posiada:<\/p>\n<ul>\n<li>Technologi\u0119 AERO &#8211; specjalnie wyselekcjonowane i zoptymalizo\u00adwane pod k\u0105tem zawarto\u015bci powietrza oraz w\u0142a\u015bciwo\u015bci reologicz\u00adnych domieszki zapewniaj\u0105 unikaln\u0105, homogeniczn\u0105 mikrostruktur\u0119 oraz \u015bwietne w\u0142a\u015bciwo\u015bci robocze. Przek\u0142ada si\u0119 to na doskona\u0142\u0105 \u201emase\u0142kowat\u0105\u201d bardzo plastyczn\u0105 i napowietrzona konsystencj\u0119, dzi\u0119ki czemu aplikacja kleju jest bardzo \u0142atwa, zar\u00f3wno na po\u00adwierzchniach pionowych jak i poziomych. Ponadto pozwala na uzy\u00adskanie odpowiedniej konsystencji w zale\u017cno\u015bci od rodzaju klejonych p\u0142ytek jak i powierzchni na jakich b\u0119d\u0105 aplikowane,<\/li>\n<li>MIKRO \u017bEL \u2013 dzi\u0119ki zastosowaniu specjalnej mieszanki biopoli\u00admer\u00f3w, kt\u00f3re tworz\u0105 struktur\u0119 \u017celu, zaprawa posiada zdecydowanie jeszcze lepsz\u0105 retencj\u0119 wody w ca\u0142ej strukturze, co przek\u0142ada si\u0119 na d\u0142u\u017cszy czas korekty nawet w wysokich temperaturach. Specjalnie zaprojektowana mieszanka doskonale nadaje si\u0119 do trwa\u0142ego kleje\u00adnia p\u0142ytek o r\u00f3\u017cnych nasi\u0105kliwo\u015bciach, na pod\u0142o\u017ca odkszta\u0142calnych w warunkach podwy\u017cszonych temperatur. Charakteryzuje si\u0119 r\u00f3w\u00adnie\u017c wysok\u0105 przyczepno\u015bci\u0105, bardzo dobrym i \u0142atwym rozp\u0142ywem pod p\u0142ytk\u0105, co zapewnia elastyczne po\u0142\u0105czenie p\u0142ytek z odkszta\u0142cal\u00adnym pod\u0142o\u017cem, przenosz\u0105ce napr\u0119\u017cenia \u015bcinaj\u0105ce.<\/li>\n<li>Mo\u017cliwo\u015b\u0107 aplikacji do 10mm \u2013 ze wzgl\u0119du na napowietrza\u00adnie, dzi\u0119ki strukturze mikro \u017celu i specjalnej kombinacji w\u0142\u00f3kien, ca\u0142a struktura kleju ma tak\u0105 sam\u0105 wytrzyma\u0142o\u015b\u0107 w ca\u0142ej grubo\u015bci. Daje to mo\u017cliwo\u015b\u0107 u\u017cycia kleju w grubszej warstwie ni\u017c typowe produkty cienkowarstwowe nawet do 10mm, w jednej czynno\u015bci roboczej. Co pozwala na mo\u017cliwo\u015b\u0107 wyr\u00f3wnania i klejenia p\u0142ytek w tym samym momencie. Ponadto dzi\u0119ki bezskurczowemu wysychaniu oraz wi\u0105\u00adzaniu przyklejone p\u0142ytki s\u0105 stabilne zar\u00f3wno w pierwszej fazie wi\u0105\u00adzania jak i po ca\u0142kowitym wyschni\u0119ciu. Zawarto\u015b\u0107 w\u0142\u00f3kien sprawia, \u017ce zaprawa posiada doskona\u0142e parametry robocze oraz techniczne. Wykazuje si\u0119 wysok\u0105 si\u0142\u0105 klejenia i elastyczno\u015bci\u0105, ma to du\u017ce zna\u00adczenie w systemie balkon-tarasy czy przy uk\u0142adaniu p\u0142ytek w systemie ogrzewania pod\u0142ogowego.<\/li>\n<\/ul>\n<p>Dzi\u0119ki zastosowaniu zaawansowanych technologii doskonale nada\u00adje si\u0119 do aplikacji:<\/p>\n<ul>\n<li>Wewn\u0105trz i na zewn\u0105trz pomieszcze\u0144.<\/li>\n<li>Na balkony i tarasy.<\/li>\n<li>Na powierzchnie poziome jak i pionowe.<\/li>\n<li>Na pod\u0142o\u017ca odkszta\u0142calne.<\/li>\n<li>Do wyr\u00f3wnywania pod\u0142o\u017ca.<\/li>\n<li>Do mocowania p\u0142ytek ceramicznych (glazura, terakota, gres), ce\u00admentowych oraz z kamienia naturalnego (niewra\u017cliwego na przebar\u00adwienia).<\/li>\n<\/ul>\n<p>Mo\u017ce by\u0107 stosowana na tynkach cementowych i cementowo-wapien\u00adnych, jastrychach cementowych, podk\u0142adach cementowych, betonie, betonie kom\u00f3rkowym.<\/p>\n<ul>\n<li>Na zagruntowanych pod\u0142o\u017cach: gipsowych, anhydrytowych.<\/li>\n<li>Na hydroizolacje wewn\u0119trzne oraz zewn\u0119trzne.<\/li>\n<li>Na p\u0142ytach gipsowo-kartonowych.<\/li>\n<li>Na mocne i dobrze przyczepne pow\u0142oki malarskie.<\/li>\n<li>Na pod\u0142o\u017ca anhydrytowe.<\/li>\n<li>Na p\u0142ytach OSB i p\u0142ytach wi\u00f3rowych.<\/li>\n<li>Na istniej\u0105cych p\u0142ytkach ceramicznych i kamiennych.<\/li>\n<\/ul>\n","protected":false},"excerpt":{"rendered":"<p>Elastyczna zaprawa klej\u0105ca CERESIT CM 16 PRO z Technologi\u0105 AERO.<\/p>\n","protected":false},"featured_media":20933,"comment_status":"open","ping_status":"closed","template":"","meta":{"_acf_changed":false,"inline_featured_image":false},"product_cat":[285],"product_tag":[1780,1779,1778,1782,1781],"class_list":{"0":"post-20831","1":"product","2":"type-product","3":"status-publish","4":"has-post-thumbnail","6":"product_cat-silikony-i-uszczelniacze","7":"product_tag-aero","8":"product_tag-ceresit-cm-16-pro","9":"product_tag-elastyczna-zaprawa-klejaca","10":"product_tag-fibre-force","11":"product_tag-mikro-zel","13":"first","14":"instock","15":"shipping-taxable","16":"purchasable","17":"product-type-simple"},"acf":[],"_links":{"self":[{"href":"https:\/\/e-adams.pl\/de\/wp-json\/wp\/v2\/product\/20831","targetHints":{"allow":["GET"]}}],"collection":[{"href":"https:\/\/e-adams.pl\/de\/wp-json\/wp\/v2\/product"}],"about":[{"href":"https:\/\/e-adams.pl\/de\/wp-json\/wp\/v2\/types\/product"}],"replies":[{"embeddable":true,"href":"https:\/\/e-adams.pl\/de\/wp-json\/wp\/v2\/comments?post=20831"}],"wp:featuredmedia":[{"embeddable":true,"href":"https:\/\/e-adams.pl\/de\/wp-json\/wp\/v2\/media\/20933"}],"wp:attachment":[{"href":"https:\/\/e-adams.pl\/de\/wp-json\/wp\/v2\/media?parent=20831"}],"wp:term":[{"taxonomy":"product_cat","embeddable":true,"href":"https:\/\/e-adams.pl\/de\/wp-json\/wp\/v2\/product_cat?post=20831"},{"taxonomy":"product_tag","embeddable":true,"href":"https:\/\/e-adams.pl\/de\/wp-json\/wp\/v2\/product_tag?post=20831"}],"curies":[{"name":"wp","href":"https:\/\/api.w.org\/{rel}","templated":true}]}}