{"id":20832,"date":"2023-09-06T13:34:41","date_gmt":"2023-09-06T11:34:41","guid":{"rendered":"https:\/\/e-adams.pl\/produkt\/klej-do-styropianu-25kg-190s\/"},"modified":"2024-02-15T11:49:28","modified_gmt":"2024-02-15T10:49:28","slug":"klej-do-styropiany-caparol-190s-25kg","status":"publish","type":"product","link":"https:\/\/e-adams.pl\/de\/produkt\/klej-do-styropiany-caparol-190s-25kg\/","title":{"rendered":"Klej do styropiany CAPAROL 190S 25kg"},"content":{"rendered":"<h3>OPIS:<\/h3>\n<p>Klej do styropiany <a href=\"https:\/\/e-adams.pl\/caparol\/\">CAPAROL<\/a> 190S jest gotowy do u\u017cycia po zarobieniu wod\u0105. Przeznaczony do mocowania p\u0142yt styropianowych w systemach ocieple\u0144 Caparol Capatect. <strong>Capatect 190 S<\/strong> jest stosowany do klejenia styropianu bia\u0142ego i grafitowego do elewacji, lub jako szpachla do wyr\u00f3wnywania i uzupe\u0142niania ubytk\u00f3w na grubo\u015b\u0107 do 1.5 cm.<\/p>\n<p>Klej do styropianu Caparol 190S jest jednym z najlepszych produkt\u00f3w do tego celu. Zastosowanie dobrego kleju zabezpiecza dodatkowo\u00a0elewacje przed odklejeniem si\u0119 w przypadku niekorzystnych warunk\u00f3w atmosferycznych. Zaoszcz\u0119dzenie kilku z\u0142otych na kleju do styropianu mo\u017ce si\u0119 nie op\u0142aca\u0107 w og\u00f3lnym rachunku.<\/p>\n<h3>DANE TECHNICZNE:<\/h3>\n<p>\u2022 Temperatura minimalna stosowania: 5 Cel<br \/>\n\u2022 G\u0119sto\u015b\u0107: 1250 kg\/m3<br \/>\n\u2022 Temperatura maksymalna stosowania: 30 Cel<br \/>\n\u2022 Wsp\u00f3\u0142czynnik \u019b przewodzenia ciep\u0142a: 0.49 W\/(m.K)<br \/>\n\u2022 Indeks SIG: T011373<br \/>\n\u2022 Klasa reakcji na ogie\u0144: A2-s1, d0<br \/>\n\u2022 Seria produktu: CAPATECT 190S<br \/>\n\u2022 Marka produktu: CAPAROL<br \/>\n\u2022 PKWiU: 38245090<br \/>\n\u2022 Symbol producenta: 99539<\/p>\n","protected":false},"excerpt":{"rendered":"<p>Klej do styropiany CAPAROL 190S jest gotowy do u\u017cycia po zarobieniu wod\u0105. Przeznaczony do mocowania p\u0142yt styropianowych w systemach ocieple\u0144 Caparol Capatect. <strong>Capatect 190 S<\/strong> jest stosowany do klejenia styropianu bia\u0142ego i grafitowego do elewacji, lub jako szpachla do wyr\u00f3wnywania i uzupe\u0142niania ubytk\u00f3w na grubo\u015b\u0107 do 1.5 cm.<\/p>\n","protected":false},"featured_media":22537,"comment_status":"open","ping_status":"closed","template":"","meta":{"_acf_changed":false,"inline_featured_image":false},"product_cat":[276],"product_tag":[2128,2306],"class_list":{"0":"post-20832","1":"product","2":"type-product","3":"status-publish","4":"has-post-thumbnail","6":"product_cat-kleje-do-ocieplen","7":"product_tag-caparol","8":"product_tag-klej-do-styropiany","10":"first","11":"instock","12":"shipping-taxable","13":"purchasable","14":"product-type-simple"},"acf":[],"_links":{"self":[{"href":"https:\/\/e-adams.pl\/de\/wp-json\/wp\/v2\/product\/20832","targetHints":{"allow":["GET"]}}],"collection":[{"href":"https:\/\/e-adams.pl\/de\/wp-json\/wp\/v2\/product"}],"about":[{"href":"https:\/\/e-adams.pl\/de\/wp-json\/wp\/v2\/types\/product"}],"replies":[{"embeddable":true,"href":"https:\/\/e-adams.pl\/de\/wp-json\/wp\/v2\/comments?post=20832"}],"wp:featuredmedia":[{"embeddable":true,"href":"https:\/\/e-adams.pl\/de\/wp-json\/wp\/v2\/media\/22537"}],"wp:attachment":[{"href":"https:\/\/e-adams.pl\/de\/wp-json\/wp\/v2\/media?parent=20832"}],"wp:term":[{"taxonomy":"product_cat","embeddable":true,"href":"https:\/\/e-adams.pl\/de\/wp-json\/wp\/v2\/product_cat?post=20832"},{"taxonomy":"product_tag","embeddable":true,"href":"https:\/\/e-adams.pl\/de\/wp-json\/wp\/v2\/product_tag?post=20832"}],"curies":[{"name":"wp","href":"https:\/\/api.w.org\/{rel}","templated":true}]}}