{"id":20833,"date":"2023-09-06T13:34:42","date_gmt":"2023-09-06T11:34:42","guid":{"rendered":"https:\/\/e-adams.pl\/produkt\/semin-gips-szpachlowy-do-plyt-g-k-ce86-5-kg\/"},"modified":"2024-07-15T11:31:22","modified_gmt":"2024-07-15T09:31:22","slug":"gips-szpachlowy-do-spoinowania-plyt-g-k-semin-ce-86-5kg","status":"publish","type":"product","link":"https:\/\/e-adams.pl\/de\/produkt\/gips-szpachlowy-do-spoinowania-plyt-g-k-semin-ce-86-5kg\/","title":{"rendered":"Gips szpachlowy do spoinowania p\u0142yt g-k SEMIN CE 86 &#8211; 5kg"},"content":{"rendered":"<h3>Opis:<\/h3>\n<p>Wzmocniony gips szpachlowy do spoinowania p\u0142yt g-k SEMIN CE 86 jest materia\u0142em przeznaczonym do stosowania wewn\u0105trz pomieszcze\u0144.<\/p>\n<h3>S\u0142u\u017cy do:<\/h3>\n<ul>\n<li>spoinowania p\u0142yt gipsowo-kartonowych od poziomu Q1, bez konieczno\u015bci u\u017cycia ta\u015bmy zbroj\u0105cej (przy u\u017cyciu p\u0142yty dwustronnie zaokr\u0105glonej)<\/li>\n<li>szpachlowania, wyg\u0142adzania, mocowania<\/li>\n<li>dekoracji rustykalnych<\/li>\n<\/ul>\n<h3>Zalety:<\/h3>\n<ul>\n<li>elastyczny i wytrzyma\u0142y<\/li>\n<li>du\u017ca zawarto\u015b\u0107 w\u0142\u00f3kna celulozowego<\/li>\n<li>bia\u0142y, bardzo plastyczny przy nak\u0142adaniu<\/li>\n<li>mocny \u2013 przenosi napr\u0119\u017cenia na p\u0142ycie \u2013 nie p\u0119ka<\/li>\n<li>ilo\u015b\u0107 warstw nieograniczona<\/li>\n<\/ul>\n<h3>Pod\u0142o\u017ce:<\/h3>\n<p>Wszystkie rodzaje pod\u0142o\u017cy wewn\u0105trz pomieszcze\u0144: gips, p\u0142yty g-k o kraw\u0119dziach zaokr\u0105glonych lub sko\u015bnych, bloczki gipsowe, beton, tynk cementowy, beton kom\u00f3rkowy, ceg\u0142a, terakota itp.<\/p>\n<h3>Pokrycia:<\/h3>\n<p>G\u0142adzie, grunty oraz inne pokrycia \u015bcienne.<\/p>\n<h3>Sk\u0142ad:<\/h3>\n<p>Produkt sypki na bazie gipsu, w\u0119glanu wapnia, \u017cywicy, w\u0142\u00f3kna celulozowego i innych.<br \/>\nOtrzymana masa jest koloru bia\u0142ego.<\/p>\n<h3>Opakowanie:<\/h3>\n<p>Worki 5kg, 20 kg.<\/p>\n<h3>Zu\u017cycie:<\/h3>\n<p>Ok. 0,3 kg\/m\u00b2.<br \/>\nMaksymalna grubo\u015b\u0107 nak\u0142adanej warstwy : 2cm.<\/p>\n<h3>Czas schni\u0119cia:<\/h3>\n<p>45 minut.<\/p>\n","protected":false},"excerpt":{"rendered":"<p>Gips szpachlowy do spoinowania p\u0142yt g-k SEMIN CE 86 to wzmocniony w\u0142\u00f3knami materia\u0142 do spoinowania p\u0142yt gipsowo-kartonowych wewn\u0105trz pomieszcze\u0144, umo\u017cliwiaj\u0105cy wykonanie spoinowania od poziomu Q1 bez u\u017cycia ta\u015bmy zbroj\u0105cej i nadaj\u0105cy si\u0119 do r\u00f3\u017cnych prac wyko\u0144czeniowych.<\/p>\n","protected":false},"featured_media":20861,"comment_status":"open","ping_status":"closed","template":"","meta":{"_acf_changed":false,"inline_featured_image":false},"product_cat":[285],"product_tag":[1678,1679,1672,1677,1673,1674,1675,1676],"class_list":{"0":"post-20833","1":"product","2":"type-product","3":"status-publish","4":"has-post-thumbnail","6":"product_cat-silikony-i-uszczelniacze","7":"product_tag-bez-uzycia-tasmy","8":"product_tag-do-stosowania-wewnatrz-pomieszczen","9":"product_tag-gips-szpachlowy-do-spoinowania-plyt","10":"product_tag-mocowanie","11":"product_tag-semin-ce-86","12":"product_tag-spoinowania-plyt-gipsowo-kartonowych","13":"product_tag-szpachlowanie","14":"product_tag-wygladzanie","16":"first","17":"instock","18":"shipping-taxable","19":"purchasable","20":"product-type-simple"},"acf":[],"_links":{"self":[{"href":"https:\/\/e-adams.pl\/de\/wp-json\/wp\/v2\/product\/20833","targetHints":{"allow":["GET"]}}],"collection":[{"href":"https:\/\/e-adams.pl\/de\/wp-json\/wp\/v2\/product"}],"about":[{"href":"https:\/\/e-adams.pl\/de\/wp-json\/wp\/v2\/types\/product"}],"replies":[{"embeddable":true,"href":"https:\/\/e-adams.pl\/de\/wp-json\/wp\/v2\/comments?post=20833"}],"wp:featuredmedia":[{"embeddable":true,"href":"https:\/\/e-adams.pl\/de\/wp-json\/wp\/v2\/media\/20861"}],"wp:attachment":[{"href":"https:\/\/e-adams.pl\/de\/wp-json\/wp\/v2\/media?parent=20833"}],"wp:term":[{"taxonomy":"product_cat","embeddable":true,"href":"https:\/\/e-adams.pl\/de\/wp-json\/wp\/v2\/product_cat?post=20833"},{"taxonomy":"product_tag","embeddable":true,"href":"https:\/\/e-adams.pl\/de\/wp-json\/wp\/v2\/product_tag?post=20833"}],"curies":[{"name":"wp","href":"https:\/\/api.w.org\/{rel}","templated":true}]}}