{"id":20834,"date":"2023-09-06T13:34:43","date_gmt":"2023-09-06T11:34:43","guid":{"rendered":"https:\/\/e-adams.pl\/produkt\/semin-gips-szpachlowy-do-plyt-g-k-ce86-20-kg\/"},"modified":"2024-07-15T11:31:22","modified_gmt":"2024-07-15T09:31:22","slug":"semin-gips-szpachlowy-do-plyt-g-k-ce86-20-kg","status":"publish","type":"product","link":"https:\/\/e-adams.pl\/de\/produkt\/semin-gips-szpachlowy-do-plyt-g-k-ce86-20-kg\/","title":{"rendered":"Gips szpachlowy do p\u0142yt G-K SEMIN CE86 20kg"},"content":{"rendered":"<h3>OPIS:<\/h3>\n<p>Gips szpachlowy do p\u0142yt G-K SEMIN CE86 z zawarto\u015bci\u0105 w\u0142\u00f3kien jest materia\u0142em przeznaczonym do stosowania wewn\u0105trz pomieszcze\u0144, a jego g\u0142\u00f3wnym zadaniem jest spoinowanie p\u0142yt gipsowo-kartonowych od poziomu Q1, bez konieczno\u015bci u\u017cycia ta\u015bmy zbroj\u0105cej (przy u\u017cyciu p\u0142yty dwustronnie zaokr\u0105glonej)<\/p>\n<h3>DANE TECHNICZNE:<\/h3>\n<p><b>Zu\u017cycie:<\/b>\u00a0ok. 0,3 kg\/m2<\/p>\n<p><b>Czas schni\u0119cia:<\/b>\u00a045 minut<\/p>\n<p><b>Opakowanie:<\/b>\u00a0worek 20 kg<\/p>\n<h2>Spos\u00f3b u\u017cycia:<\/h2>\n<p>Do przygotowania masy szpachlowej i do jej nak\u0142adania nale\u017cy u\u017cywa\u0107 czystych narz\u0119dzi wykonanych z materia\u0142\u00f3w niekoroduj\u0105cych.<br \/>\nMieszanie gipsu z wod\u0105 nale\u017cy wykonywa\u0107 w wiadrze z tworzywa plastycznego, dok\u0142adnie umytego z resztek poprzednio przygotowanej masy.<br \/>\nGips szpachlowy nale\u017cy powoli wsypywa\u0107 do czystej wody w proporcji:<br \/>\n&#8211; 1:0,5 (na 1 kg gipsu 0,5 l wody) do spoinowania p\u0142yt kartonowo-gipsowych,<br \/>\n&#8211; 1:0,45 (na 1 kg gipsu 0,45 l wody) do szpachlowania, wyg\u0142adzania i mocowania,<br \/>\n&#8211; 1:0,6 (na 1 kg gipsu 0,61 wody) do dekoracji rustykalnych.<br \/>\nPo wsypaniu odpowiedniej porcji proszku do wody, sk\u0142adniki nale\u017cy intensywnie wymiesza\u0107 do momentu uzyskania jednorodnej konsystencji.<br \/>\nPrzygotowan\u0105 mas\u0119 nale\u017cy u\u017cy\u0107 w ci\u0105gu 45 minut. Po tym czasie nast\u0119puje wi\u0105zanie gipsu.<\/p>\n","protected":false},"excerpt":{"rendered":"<p>Gips szpachlowy do p\u0142yt G-K SEMIN CE86 z zawarto\u015bci\u0105 w\u0142\u00f3kien jest materia\u0142em przeznaczonym do stosowania wewn\u0105trz pomieszcze\u0144, a jego g\u0142\u00f3wnym zadaniem jest spoinowanie p\u0142yt gipsowo-kartonowych od poziomu Q1, bez konieczno\u015bci u\u017cycia ta\u015bmy zbroj\u0105cej (przy u\u017cyciu p\u0142yty dwustronnie zaokr\u0105glonej)<\/p>\n","protected":false},"featured_media":22132,"comment_status":"open","ping_status":"closed","template":"","meta":{"_acf_changed":false,"inline_featured_image":false},"product_cat":[275],"product_tag":[967,1671,2084],"class_list":{"0":"post-20834","1":"product","2":"type-product","3":"status-publish","4":"has-post-thumbnail","6":"product_cat-gipsy-zaprawy","7":"product_tag-gips-szpachlowy","8":"product_tag-semin","9":"product_tag-spoinowanie-plyt","11":"first","12":"instock","13":"shipping-taxable","14":"purchasable","15":"product-type-simple"},"acf":[],"_links":{"self":[{"href":"https:\/\/e-adams.pl\/de\/wp-json\/wp\/v2\/product\/20834","targetHints":{"allow":["GET"]}}],"collection":[{"href":"https:\/\/e-adams.pl\/de\/wp-json\/wp\/v2\/product"}],"about":[{"href":"https:\/\/e-adams.pl\/de\/wp-json\/wp\/v2\/types\/product"}],"replies":[{"embeddable":true,"href":"https:\/\/e-adams.pl\/de\/wp-json\/wp\/v2\/comments?post=20834"}],"wp:featuredmedia":[{"embeddable":true,"href":"https:\/\/e-adams.pl\/de\/wp-json\/wp\/v2\/media\/22132"}],"wp:attachment":[{"href":"https:\/\/e-adams.pl\/de\/wp-json\/wp\/v2\/media?parent=20834"}],"wp:term":[{"taxonomy":"product_cat","embeddable":true,"href":"https:\/\/e-adams.pl\/de\/wp-json\/wp\/v2\/product_cat?post=20834"},{"taxonomy":"product_tag","embeddable":true,"href":"https:\/\/e-adams.pl\/de\/wp-json\/wp\/v2\/product_tag?post=20834"}],"curies":[{"name":"wp","href":"https:\/\/api.w.org\/{rel}","templated":true}]}}