{"id":20836,"date":"2023-09-06T13:34:44","date_gmt":"2023-09-06T11:34:44","guid":{"rendered":"https:\/\/e-adams.pl\/produkt\/semin-masa-wielu-zastosowan-uff-universal-filler-finish-5kg-worek\/"},"modified":"2024-02-15T11:49:30","modified_gmt":"2024-02-15T10:49:30","slug":"masa-do-wielu-zastosowan-wykonywanie-spoin-semin-uff-5kg","status":"publish","type":"product","link":"https:\/\/e-adams.pl\/de\/produkt\/masa-do-wielu-zastosowan-wykonywanie-spoin-semin-uff-5kg\/","title":{"rendered":"Masa do wielu zastosowa\u0144, wykonywanie spoin SEMIN UFF &#8211; 5kg"},"content":{"rendered":"<h3>Opis:<\/h3>\n<p>SEMIN UFF s\u0142u\u017cy to wykonywanie spoin p\u0142yt gipsowo-kartonowych, klejenia p\u0142yt gipsowo-kartonowych, wype\u0142niania otwor\u00f3w i p\u0119kni\u0119\u0107, poziomowania<span class=\"s1\">\u00a0<\/span>i wyr\u00f3wnywania pod\u0142o\u017cy, wyg\u0142adzania.<\/p>\n<h3>Definicja techniczna:<\/h3>\n<p>SEMIN UNIVERSAL FILLER &amp; FINISH to masa uniwersalna o wielu zastosowaniach, bardzo \u0142atwa do nak\u0142adania.<\/p>\n<h3>Zalety:<\/h3>\n<p>Nadaje si\u0119 do wszystkich rodzaj\u00f3w prac wewn\u0105trz budynk\u00f3w : klejenie p\u0142yt g-k, uszczelnianie, wype\u0142nianie ubytk\u00f3w i p\u0119kni\u0119\u0107, wyr\u00f3wnywanie powierzchni, wyg\u0142adzanie oraz \u0142\u0105czenie p\u0142yt g-k.<\/p>\n<h3>Mo\u017cliwe pod\u0142o\u017ca:<\/h3>\n<p>P\u0142yty gipsowo-kartonowe, tynk, p\u0142ytki gipsowe, beton, beton kom\u00f3rkowy, tynk cementowy.<\/p>\n<h3>Przechowywanie:<\/h3>\n<p>9\u00a0 miesi\u0119cy w nieotwartym, oryginalnym opakowaniu, chronionym przed wilgoci\u0105.<\/p>\n<h3>Wskaz\u00f3wki bezpiecze\u0144stwa:<\/h3>\n<p>Nie stosowa\u0107 w temperaturze ni\u017cszej ni\u017c 5\u00b0C oraz wy\u017cszej ni\u017c 30\u00b0C oraz przy wilgotno\u015bci powietrza powy\u017cej 70%.<\/p>\n<h3>Przygotowanie pod\u0142o\u017ca:<\/h3>\n<p>Przed zastosowaniem :<br \/>\npod\u0142o\u017ca musz\u0105 by\u0107 suche, czyste, stabilne, oczyszczone z wszelkich \u015blad\u00f3w \u015brodk\u00f3w oddzielaj\u0105cych.<\/p>\n<h3>Przed zastosowaniem :<\/h3>\n<p>pod\u0142o\u017ca musz\u0105 by\u0107 suche, czyste, stabilne, oczyszczone z wszelkich \u015blad\u00f3w \u015brodk\u00f3w oddzielaj\u0105cych.<\/p>\n<h3>Proporcje mieszanki:<\/h3>\n<p>10\u201312 litr\u00f3w wody na worek 25 kg.<\/p>\n<p>Stopniowo wsypywa\u0107 proszek do wody, mieszaj\u0105c r\u0119cznie lub maszynowo, a\u017c do otrzymania jednolitej masy.<\/p>\n<p>\u2022 wyg\u0142adzanie : 1,5 obj\u0119to\u015bci wody + 2,5 obj\u0119to\u015bci proszku.<\/p>\n<p>\u2022 wype\u0142nianie ubytk\u00f3w i klejenie : 1 obj\u0119to\u015b\u0107 wody + 2 obj\u0119to\u015bci proszku.<\/p>\n<p>Odczeka\u0107 5\u00a0 minut przed u\u017cyciem masy.<\/p>\n<div class=\"as-h4-popup\"><strong>Czas wi\u0105zania:<\/strong><\/div>\n<p>2 godziny.<\/p>\n<h3>Czas wysychania:<\/h3>\n<p>Od 8 do 24 godzin w zale\u017cno\u015bci od naniesionej ilo\u015bci oraz temperatury, wilgotno\u015bci i wentylacji pomieszczenia.<\/p>\n<h3>Zu\u017cycie:<\/h3>\n<p>Zmienne w zale\u017cno\u015bci od zastosowanej grubo\u015bci: od 0,3\u00a0 kg do 2,5\u00a0 kg\/m\u00b2 na warstw\u0119.<\/p>\n<h3>Opakowanie:<\/h3>\n<p>Worek 25 kg.<\/p>\n","protected":false},"excerpt":{"rendered":"<p>SEMIN UFF jest wszechstronny i nadaje si\u0119 do wszystkich rodzaj\u00f3w prac wewn\u0105trz budynk\u00f3w, w\u0142\u0105czaj\u0105c w to klejenie p\u0142yt gipsowo-kartonowych, uszczelnianie, wype\u0142nianie spoin, ubytk\u00f3w i p\u0119kni\u0119\u0107, wyr\u00f3wnywanie powierzchni oraz wyg\u0142adzanie.<\/p>\n","protected":false},"featured_media":20859,"comment_status":"open","ping_status":"closed","template":"","meta":{"_acf_changed":false,"inline_featured_image":false},"product_cat":[285],"product_tag":[1669,1671,1668,1670],"class_list":{"0":"post-20836","1":"product","2":"type-product","3":"status-publish","4":"has-post-thumbnail","6":"product_cat-silikony-i-uszczelniacze","7":"product_tag-masa-do-wielu-zastosowan","8":"product_tag-semin","9":"product_tag-semin-uff","10":"product_tag-universal-filler-finish","12":"first","13":"outofstock","14":"shipping-taxable","15":"purchasable","16":"product-type-simple"},"acf":[],"_links":{"self":[{"href":"https:\/\/e-adams.pl\/de\/wp-json\/wp\/v2\/product\/20836","targetHints":{"allow":["GET"]}}],"collection":[{"href":"https:\/\/e-adams.pl\/de\/wp-json\/wp\/v2\/product"}],"about":[{"href":"https:\/\/e-adams.pl\/de\/wp-json\/wp\/v2\/types\/product"}],"replies":[{"embeddable":true,"href":"https:\/\/e-adams.pl\/de\/wp-json\/wp\/v2\/comments?post=20836"}],"wp:featuredmedia":[{"embeddable":true,"href":"https:\/\/e-adams.pl\/de\/wp-json\/wp\/v2\/media\/20859"}],"wp:attachment":[{"href":"https:\/\/e-adams.pl\/de\/wp-json\/wp\/v2\/media?parent=20836"}],"wp:term":[{"taxonomy":"product_cat","embeddable":true,"href":"https:\/\/e-adams.pl\/de\/wp-json\/wp\/v2\/product_cat?post=20836"},{"taxonomy":"product_tag","embeddable":true,"href":"https:\/\/e-adams.pl\/de\/wp-json\/wp\/v2\/product_tag?post=20836"}],"curies":[{"name":"wp","href":"https:\/\/api.w.org\/{rel}","templated":true}]}}