{"id":20837,"date":"2023-09-06T13:34:45","date_gmt":"2023-09-06T11:34:45","guid":{"rendered":"https:\/\/e-adams.pl\/produkt\/semin-masa-przeznaczona-do-wypelnianaia-ubytkow-semin-r-5-kg-worek\/"},"modified":"2024-02-15T11:49:30","modified_gmt":"2024-02-15T10:49:30","slug":"masa-reperacyjna-do-wnetrz-semin-r-5kg","status":"publish","type":"product","link":"https:\/\/e-adams.pl\/de\/produkt\/masa-reperacyjna-do-wnetrz-semin-r-5kg\/","title":{"rendered":"Gotowa masa reperacyjna do wne\u0328trz SEMIN R &#8211; 5kg worek"},"content":{"rendered":"<h3>Opis:<\/h3>\n<p>SEMIN R to gotowa masa reperacyjna do wne\u0328trz. Przeznaczona do wype\u0142niania szczelin, dziur, pe\u0328knie\u0328c\u0301 oraz r\u00f3z\u0307nych ubytk\u00f3w.<\/p>\n<p>Masa w kolorze z\u0142amanej bieli.<\/p>\n<h3>Zalety:<\/h3>\n<ul>\n<li>Szybki czas schnie\u0328cia<\/li>\n<li>Doskona\u0142a przyczepnos\u0301c\u0301 do r\u00f3z\u0307nych rodzaj\u00f3w pod\u0142oz\u0307y<\/li>\n<li>Moz\u0307liwos\u0301c\u0301 szybkiego na\u0142oz\u0307enia farby<\/li>\n<\/ul>\n<h3>Charakterystyka:<\/h3>\n<ul>\n<li>Czas wia\u0328zania : 20 minut<\/li>\n<li>Proporcje przygotowania zaprawy : 7,5 l wody na worek 15 Kg<\/li>\n<li>Maksymalna grubos\u0301c\u0301 nak\u0142adanej warstwy : brak ograniczen\u0301<\/li>\n<li>Zuz\u0307ycie : od 1 kg\/m2\/1 mm grubos\u0301ci<\/li>\n<li>Czas schnie\u0328cia : przy 1 cm grubos\u0301ci, produkt jest suchy po up\u0142ywie 4 godz.<\/li>\n<\/ul>\n<h3>Pokrycia:<\/h3>\n<p>Po ca\u0142kowitym wyschnie\u0328ciu masy, moz\u0307emy stosowac\u0301 naste\u0328puja\u0328ce rodzaje pokryc\u0301 : wszystkie rodzaje farby, g\u0142adzie na bazie gipsu, gotowe g\u0142adzie, kleje do tapet.<br \/>\nKleje do p\u0142ytek powinny byc\u0301 przeznaczone do pod\u0142oz\u0307y gipsowych.<\/p>\n<h3>Zalecane pod\u0142o\u017ca:<\/h3>\n<p>Wszystkie rodzaje pod\u0142oz\u0307y wewna\u0328trz pomieszczen\u0301 : gips, p\u0142yty g-k, bloczki gipsowe, beton, tynk cementowo-wapienny, beton kom\u00f3rkowy, ceg\u0142a, terakota&#8230;<\/p>\n<h3>Opakowania:<\/h3>\n<p>Worki 5 lub 15 kg.<\/p>\n","protected":false},"excerpt":{"rendered":"<p>To gotowa masa reperacyjna do wne\u0328trz o szybkim schni\u0119ciu i doskona\u0142ej przyczepno\u015bci do r\u00f3\u017cnych pod\u0142o\u017cy, stosowana do wype\u0142niania ubytk\u00f3w wewn\u0119trznych pomieszcze\u0144.<\/p>\n","protected":false},"featured_media":20863,"comment_status":"open","ping_status":"closed","template":"","meta":{"_acf_changed":false,"inline_featured_image":false},"product_cat":[285],"product_tag":[1683,1684,1682,1680,1685,1681],"class_list":{"0":"post-20837","1":"product","2":"type-product","3":"status-publish","4":"has-post-thumbnail","6":"product_cat-silikony-i-uszczelniacze","7":"product_tag-do-wypelniania-szczelin","8":"product_tag-dziur","9":"product_tag-gotowa-masa-reperacyjna-do-wnetrz","10":"product_tag-masa-reperacyjna-do-wnetrz","11":"product_tag-pekniec-oraz-roznych-ubytkow","12":"product_tag-semin-r","14":"first","15":"outofstock","16":"shipping-taxable","17":"purchasable","18":"product-type-simple"},"acf":[],"_links":{"self":[{"href":"https:\/\/e-adams.pl\/de\/wp-json\/wp\/v2\/product\/20837","targetHints":{"allow":["GET"]}}],"collection":[{"href":"https:\/\/e-adams.pl\/de\/wp-json\/wp\/v2\/product"}],"about":[{"href":"https:\/\/e-adams.pl\/de\/wp-json\/wp\/v2\/types\/product"}],"replies":[{"embeddable":true,"href":"https:\/\/e-adams.pl\/de\/wp-json\/wp\/v2\/comments?post=20837"}],"wp:featuredmedia":[{"embeddable":true,"href":"https:\/\/e-adams.pl\/de\/wp-json\/wp\/v2\/media\/20863"}],"wp:attachment":[{"href":"https:\/\/e-adams.pl\/de\/wp-json\/wp\/v2\/media?parent=20837"}],"wp:term":[{"taxonomy":"product_cat","embeddable":true,"href":"https:\/\/e-adams.pl\/de\/wp-json\/wp\/v2\/product_cat?post=20837"},{"taxonomy":"product_tag","embeddable":true,"href":"https:\/\/e-adams.pl\/de\/wp-json\/wp\/v2\/product_tag?post=20837"}],"curies":[{"name":"wp","href":"https:\/\/api.w.org\/{rel}","templated":true}]}}