{"id":20838,"date":"2023-09-06T13:34:45","date_gmt":"2023-09-06T11:34:45","guid":{"rendered":"https:\/\/e-adams.pl\/produkt\/mapetex-vlies-szer-1m-tkanina-system\/"},"modified":"2024-05-10T11:02:26","modified_gmt":"2024-05-10T09:02:26","slug":"wloknina-poliestrowa-mapei-mapetex-vlies-1m","status":"publish","type":"product","link":"https:\/\/e-adams.pl\/de\/produkt\/wloknina-poliestrowa-mapei-mapetex-vlies-1m\/","title":{"rendered":"W\u0142\u00f3knina poliestrowa MAPEI MAPETEX VLIES &#8211; 1m"},"content":{"rendered":"<h3>Opis:<\/h3>\n<p>MAPEI MAPETEX VLIES to wszechstronna w\u0142\u00f3knina poliestrowa, wykorzystywana jako podk\u0142ad lub rozpr\u0119\u017cacz podczas instalacji p\u0142ytek ceramicznych, kamieni naturalnych i parkiet\u00f3w. Jej g\u0142\u00f3wn\u0105 funkcj\u0105 jest redukcja napr\u0119\u017ce\u0144 mi\u0119dzy pod\u0142o\u017cem a wyko\u0144czeniem, zapewniaj\u0105c stabilno\u015b\u0107 i minimalizuj\u0105c ryzyko p\u0119kni\u0119\u0107 czy odkszta\u0142ce\u0144. W przypadku parkiet\u00f3w pomaga tak\u017ce w niwelowaniu nier\u00f3wno\u015bci pod\u0142o\u017ca, co przek\u0142ada si\u0119 na komfort u\u017cytkowania. To niezawodne wsparcie podczas r\u00f3\u017cnorodnych instalacji powierzchniowych.<\/p>\n<p><img loading=\"lazy\" decoding=\"async\" class=\"aligncenter wp-image-20921 size-full\" src=\"https:\/\/e-adams.pl\/wp-content\/uploads\/2023\/09\/MAPETEX-VLIES-BANNER.png\" alt=\"MAPETEX VLIES BANNER\" width=\"537\" height=\"372\" title=\"\"><\/p>\n<h3>Bezpiecze\u0144stwo:<\/h3>\n<ul>\n<li>zapobiega przenoszeniu sp\u0119ka\u0144 z pod\u0142o\u017ca do warstwy nowej ok\u0142adziny ceramicznej lub kamiennej<\/li>\n<li>jej monta\u017c nie ma du\u017cego wp\u0142ywu na og\u00f3ln\u0105 grubo\u015b\u0107 pod\u0142ogi, co czyni z niej idealne rozwi\u0105zanie podczas remont\u00f3w<\/li>\n<li>brak konieczno\u015bci przenoszenia wzoru dylatacji istniej\u0105cych w pod\u0142o\u017cu na posadzk\u0119<\/li>\n<\/ul>\n<h3>Szybko\u015b\u0107:<\/h3>\n<ul>\n<li>pozwala na monta\u017c ok\u0142adzin ceramicznych i kamiennych na pod\u0142o\u017cach niewystarczaj\u0105co wysezonowanych<\/li>\n<li>zastosowanie szybkowi\u0105\u017c\u0105cych zapraw klej\u0105cych dodatkowo przyspiesza czas oddania posadzki do u\u017cytku<\/li>\n<\/ul>\n<h3>Funkcjonalno\u015b\u0107:<\/h3>\n<ul>\n<li>\u0142atwy monta\u017c<\/li>\n<li>\u0142atwo\u015b\u0107 utrzymania czysto\u015bci podczas monta\u017cu<\/li>\n<li>w zastosowaniu z ta\u015bm\u0105 MAPETEX STRIP umo\u017cliwia \u0142atwy i szybki demonta\u017c<\/li>\n<li>do stosowania w budownictwie mieszkaniowym i komercyjnym<\/li>\n<\/ul>\n<h3>Przyk\u0142ady zastosowania:<\/h3>\n<ul>\n<li>monta\u017c p\u0142ytek ceramicznych lub kamiennych na pod\u0142o\u017cach cementowych i anhydrytowych (r\u00f3wnie\u017c ogrzewanych), na kt\u00f3rych wyst\u0119puj\u0105 mikrosp\u0119kania (rysy)<\/li>\n<li>monta\u017c p\u0142ytek ceramicznych lub kamiennych na pod\u0142o\u017cach niedostatecznie wysezonowanych (beton, jastrychy cementowe), w kt\u00f3rych mog\u0105 wyst\u0105pi\u0107 napr\u0119\u017cenia spowodowane skurczem higrometrycznym<\/li>\n<li>gdy zachodzi potrzeba zredukowania ilo\u015bci spoin dylatacyjnych na powierzchni ok\u0142adziny ceramicznej lub jest konieczne ich przesuni\u0119cie wzgl\u0119dem pierwotnego po\u0142o\u017cenia w pod\u0142o\u017cu, r\u00f3wnie\u017c na pod\u0142o\u017cach ogrzewanych<\/li>\n<li>monta\u017c p\u0142ytek ceramicznych lub kamiennych na pod\u0142o\u017cach mieszanych<\/li>\n<li>uk\u0142adanie parkiet\u00f3w litych lub wielowarstwowych ze z\u0142\u0105czem na pi\u00f3ro i wpust na tradycyjnych, starych i nowych podk\u0142adach (r\u00f3wnie\u017c ogrzewanych), na p\u0142ytach prefabrykowanych oraz na podk\u0142adach z lanego asfaltu<\/li>\n<li>monta\u017c nowych, \u0142atwo usuwalnych posadzek z p\u0142ytek ceramicznych lub kamienia naturalnego na istniej\u0105cych ju\u017c posadzkach ceramicznych (na potrzeby budownictwa mieszkaniowego, biurowego, komercyjnego czy u\u017cyteczno\u015bci publicznej)<\/li>\n<li>wykonywanie \u0142atwo usuwalnych ok\u0142adzin \u015bciennych i pod\u0142ogowych w plac\u00f3wkach szkoleniowych czy pomieszczeniach wystawienniczych bez uszkadzania istniej\u0105cych posadzek i z mo\u017cliwo\u015bci\u0105 ich ponownego u\u017cytkowania<\/li>\n<\/ul>\n","protected":false},"excerpt":{"rendered":"<p>W\u0142\u00f3knina poliestrowa MAPEI MAPETEX VLIES to w\u0142\u00f3knina podk\u0142adowa lub rozprz\u0119gaj\u0105ca. Redukuje napr\u0119\u017cenia pomi\u0119dzy podk\u0142adem a ok\u0142adzinami ceramicznymi lub kamiennymi. R\u00f3wnie\u017c na s\u0142abe podk\u0142ady przed monta\u017cem parkiet\u00f3w.<\/p>\n","protected":false},"featured_media":20920,"comment_status":"open","ping_status":"closed","template":"","meta":{"_acf_changed":false,"inline_featured_image":false},"product_cat":[285],"product_tag":[1770,1771,1769,1772],"class_list":{"0":"post-20838","1":"product","2":"type-product","3":"status-publish","4":"has-post-thumbnail","6":"product_cat-silikony-i-uszczelniacze","7":"product_tag-mapei-mapetex-vlies","8":"product_tag-wloknina-podkladowa","9":"product_tag-wloknina-poliestrowa","10":"product_tag-wloknina-rozprzegajaca","12":"first","13":"instock","14":"shipping-taxable","15":"purchasable","16":"product-type-simple"},"acf":[],"_links":{"self":[{"href":"https:\/\/e-adams.pl\/de\/wp-json\/wp\/v2\/product\/20838","targetHints":{"allow":["GET"]}}],"collection":[{"href":"https:\/\/e-adams.pl\/de\/wp-json\/wp\/v2\/product"}],"about":[{"href":"https:\/\/e-adams.pl\/de\/wp-json\/wp\/v2\/types\/product"}],"replies":[{"embeddable":true,"href":"https:\/\/e-adams.pl\/de\/wp-json\/wp\/v2\/comments?post=20838"}],"wp:featuredmedia":[{"embeddable":true,"href":"https:\/\/e-adams.pl\/de\/wp-json\/wp\/v2\/media\/20920"}],"wp:attachment":[{"href":"https:\/\/e-adams.pl\/de\/wp-json\/wp\/v2\/media?parent=20838"}],"wp:term":[{"taxonomy":"product_cat","embeddable":true,"href":"https:\/\/e-adams.pl\/de\/wp-json\/wp\/v2\/product_cat?post=20838"},{"taxonomy":"product_tag","embeddable":true,"href":"https:\/\/e-adams.pl\/de\/wp-json\/wp\/v2\/product_tag?post=20838"}],"curies":[{"name":"wp","href":"https:\/\/api.w.org\/{rel}","templated":true}]}}