{"id":20839,"date":"2023-09-06T13:34:46","date_gmt":"2023-09-06T11:34:46","guid":{"rendered":"https:\/\/e-adams.pl\/produkt\/klej-ultralite-s2-szary-15kg\/"},"modified":"2024-07-15T11:31:22","modified_gmt":"2024-07-15T09:31:22","slug":"klej-mapei-ultralite-s2-szary-15kg","status":"publish","type":"product","link":"https:\/\/e-adams.pl\/de\/produkt\/klej-mapei-ultralite-s2-szary-15kg\/","title":{"rendered":"Klej MAPEI ULTRALITE S2 SZARY &#8211; 15kg"},"content":{"rendered":"<h3>Opis:<\/h3>\n<p>Jednosk\u0142adnikowy, lekki, wysokoodkszta\u0142calny i \u0142atwy do nak\u0142adania klej MAPEI ULTRALITE S2 cementowy o wysokich parametrach, o wyd\u0142u\u017conym czasie schni\u0119cia otwartego i ekstremalnie wysokiej wydajno\u015bci. Do monta\u017cu p\u0142ytek ceramicznych ka\u017cdego rodzaju i formatu oraz kamienia naturalnego. Ze wzgl\u0119du na wysok\u0105 zdolno\u015b\u0107 wype\u0142niania przestrzeni podp\u0142ytkowej idealny do cienkich p\u0142ytek gresowych i spiek\u00f3w kwarcowych.<\/p>\n<h3>Cechy szczeg\u00f3lne:<\/h3>\n<ul>\n<li>jednosk\u0142adnikowy<\/li>\n<li>ultralekki<\/li>\n<li>o ekstremalnej wydajno\u015bci &#8211; wi\u0119kszej o 80% w por\u00f3wnaniu z tradycyjnymi, dwusk\u0142adnikowymi klejami wysokoodkszta\u0142calnymi<\/li>\n<li>o unikalnej konsystencji u\u0142atwiaj\u0105cej 100% wype\u0142nienie spodniej strony p\u0142ytek wielkoformatowych i daj\u0105cej solidne podparcie<\/li>\n<li>do ekstremalnych format\u00f3w i rodzaj\u00f3w p\u0142ytek (od niezwykle du\u017cych po niezwykle cienkie)<\/li>\n<li>na ekstremalnie trudne pod\u0142o\u017ca<\/li>\n<li>grubo\u015b\u0107 warstwy do 10 mm<\/li>\n<li>r\u00f3wnie\u017c w wersji bia\u0142ej<\/li>\n<\/ul>\n<h3>Do stosowania wsz\u0119dzie tam, gdzie polecane s\u0105 kleje wysokoodkszat\u0142calne, a w szczeg\u00f3lno\u015bci do monta\u017cu p\u0142ytek o wielkich i giga formatach:<\/h3>\n<ul>\n<li>na pod\u0142o\u017cach trudnych (p\u0142yty gipsowo-kartonowe, OSB, MFP, sklejka)<\/li>\n<li>na sp\u0119kanych pod\u0142o\u017cach cementowych i niewystarczaj\u0105co wysezonowanych (beton, jastrych cementowy), w kt\u00f3rych mog\u0105 wyst\u0105pi\u0107 skurcze higrometryczne (ULTRALITE S2 w po\u0142\u0105czeniu z w\u0142\u00f3knin\u0105 MAPETEX VLIES)<\/li>\n<li>na pod\u0142o\u017cach podlegaj\u0105cych odkszta\u0142ceniom, wibracjom, obci\u0105\u017ceniom dynamicznym i statycznym, dzia\u0142aniu ekstremalnie r\u00f3\u017cnych temperatur, skrajnych warunk\u00f3w atmosferycznych i eksploatacyjnych,<\/li>\n<li>na pod\u0142o\u017cach, gdzie zachodzi konieczno\u015b\u0107 zredukowania spoin dylatacyjnych lub tam, gdzie ze wzgl\u0119d\u00f3w estetycznych zachodzi konieczno\u015b\u0107 przesuni\u0119cia spoin dylatacyjnych wzgl\u0119dem ich pierwotnej pozycji (ULTRALITE S2 w po\u0142\u0105czeniu z w\u0142\u00f3knin\u0105 MAPETEX VLIES)<\/li>\n<\/ul>\n","protected":false},"excerpt":{"rendered":"<p>Klej cementowy MAPEI ULTRALITE S2 to jednosk\u0142adnikowa, lekka i wysoce wydajna zaprawa o d\u0142ugim czasie schni\u0119cia, doskona\u0142a do monta\u017cu r\u00f3\u017cnych rodzaj\u00f3w p\u0142ytek ceramicznych, kamienia naturalnego oraz szczeg\u00f3lnie cienkich p\u0142ytek gresowych i spiek\u00f3w kwarcowych.<\/p>\n","protected":false},"featured_media":20896,"comment_status":"open","ping_status":"closed","template":"","meta":{"_acf_changed":false,"inline_featured_image":false},"product_cat":[285],"product_tag":[1729,1725,1724,1726,1728,1723,1727],"class_list":{"0":"post-20839","1":"product","2":"type-product","3":"status-publish","4":"has-post-thumbnail","6":"product_cat-silikony-i-uszczelniacze","7":"product_tag-cementowy","8":"product_tag-jednoskladnikowy","9":"product_tag-klej-mapei","10":"product_tag-lekki","11":"product_tag-latwy-do-nakladania","12":"product_tag-mapei-ultralite-s2","13":"product_tag-wysokoodksztalcalny","15":"first","16":"instock","17":"shipping-taxable","18":"purchasable","19":"product-type-simple"},"acf":[],"_links":{"self":[{"href":"https:\/\/e-adams.pl\/de\/wp-json\/wp\/v2\/product\/20839","targetHints":{"allow":["GET"]}}],"collection":[{"href":"https:\/\/e-adams.pl\/de\/wp-json\/wp\/v2\/product"}],"about":[{"href":"https:\/\/e-adams.pl\/de\/wp-json\/wp\/v2\/types\/product"}],"replies":[{"embeddable":true,"href":"https:\/\/e-adams.pl\/de\/wp-json\/wp\/v2\/comments?post=20839"}],"wp:featuredmedia":[{"embeddable":true,"href":"https:\/\/e-adams.pl\/de\/wp-json\/wp\/v2\/media\/20896"}],"wp:attachment":[{"href":"https:\/\/e-adams.pl\/de\/wp-json\/wp\/v2\/media?parent=20839"}],"wp:term":[{"taxonomy":"product_cat","embeddable":true,"href":"https:\/\/e-adams.pl\/de\/wp-json\/wp\/v2\/product_cat?post=20839"},{"taxonomy":"product_tag","embeddable":true,"href":"https:\/\/e-adams.pl\/de\/wp-json\/wp\/v2\/product_tag?post=20839"}],"curies":[{"name":"wp","href":"https:\/\/api.w.org\/{rel}","templated":true}]}}