{"id":20840,"date":"2023-09-06T13:34:47","date_gmt":"2023-09-06T11:34:47","guid":{"rendered":"https:\/\/e-adams.pl\/produkt\/planitop-400-5kg-mapei\/"},"modified":"2024-07-15T11:31:22","modified_gmt":"2024-07-15T09:31:22","slug":"zaprawa-do-naprawy-betonu-mapei-planitop-5kg","status":"publish","type":"product","link":"https:\/\/e-adams.pl\/de\/produkt\/zaprawa-do-naprawy-betonu-mapei-planitop-5kg\/","title":{"rendered":"Zaprawa do naprawy betonu MAPEI PLANITOP 400 &#8211; 5kg"},"content":{"rendered":"<h3>Opis:<\/h3>\n<p>Zaprawa do naprawy betonu MAPEI PLANITOP 400 to szybkosprawna, tiksotropowa zaprawa, o regulowanym skurczu, do wykonywania napraw powierzchniowych, stosowana w zakresie grubo\u015bci warstwy do 1 do 40 mm.<\/p>\n<h3><strong>Zakres stosowania:<\/strong><\/h3>\n<p><strong>Planito 400<\/strong>\u00a0przeznaczony jest do napraw uszkodzonych powierzchni betonowych zar\u00f3wno pionowych jak i poziomych.<\/p>\n<p><strong>Planitop 400<\/strong>\u00a0idealnie nadaje si\u0119 do :<\/p>\n<ul>\n<li>szybkiej naprawy konstrukcji betonowych i \u017celbetonowych<\/li>\n<li>szybkiej naprawy prefabrykowanych element\u00f3w uszkodzonych w trakcie transportu czy za\u0142adunku<\/li>\n<li>naprawy zniszczonych rur betonowych<\/li>\n<li>naprawy ubytk\u00f3w w powierzchniach betonowych<\/li>\n<\/ul>\n<h3><strong>W\u0142a\u015bciwo\u015bci techniczne:<\/strong><\/h3>\n<ul>\n<li><strong>Planitop 400<\/strong>\u00a0jest gotow\u0105 do u\u017cycia such\u0105 zapraw\u0105.<\/li>\n<li>Po wymieszaniu z wod\u0105 tworzy tiksotropow\u0105 mieszank\u0119, kt\u00f3r\u0105 \u0142atwo u\u0142o\u017cy\u0107 nawet przy warstwie grubo\u015bci do 4cm na powierzchniach pionowych.<\/li>\n<li><strong>Planitop 400<\/strong>\u00a0mo\u017cna obci\u0105\u017ca\u0107 ju\u017c po 4-5 godzinach<\/li>\n<\/ul>\n<p>Utwardzony\u00a0<strong>Planitop 400<\/strong>\u00a0charakteryzuje si\u0119:<\/p>\n<ul>\n<li>wysok\u0105 przyczepno\u015bci\u0105 do betonu;<\/li>\n<li>wysok\u0105 odporno\u015bci\u0105 na \u015bcieranie;<\/li>\n<li>wysok\u0105 wytrzyma\u0142o\u015bci\u0105 mechaniczn\u0105.<\/li>\n<\/ul>\n<h3><strong>Zalecenia:<\/strong><\/h3>\n<ul>\n<li>Nie dodawa\u0107 wody, gdy rozpocz\u0105\u0142 si\u0119 proces wi\u0105zania.<\/li>\n<li>Nie dodawa\u0107 do\u00a0<strong>Planitop 400<\/strong>\u00a0cementu, wapna, gipsu ani innych dodatk\u00f3w.<\/li>\n<li>Nie nanosi\u0107 natryskiem.<\/li>\n<li>Nie stosowa\u0107\u00a0<strong>Planitop 400<\/strong>\u00a0do wyr\u00f3wnywania powierzchni (stosowa\u0107 Nivoplan Plus).<\/li>\n<li>Nie stosowa\u0107 na g\u0142adkim pod\u0142o\u017cu \u2013 powierzchnia powinna by\u0107 szorstka.<\/li>\n<li>Nie stosowa\u0107 w temperaturze ni\u017cszej ni\u017c +5\u00b0C.<\/li>\n<\/ul>\n<h3><strong>Wytyczne stosowania:<\/strong><\/h3>\n<p><strong>Przygotowanie pod\u0142o\u017ca<\/strong><\/p>\n<p>Usun\u0105\u0107 zniszczony beton i wszelkie lu\u017ano zwi\u0105zane cz\u0119\u015bci, do uzyskania pod\u0142o\u017ca no\u015bnego, mocnego i szorstkiego. Nas\u0105czy\u0107 pod\u0142o\u017ce wod\u0105 i odczeka\u0107 przed aplikacj\u0105 zaprawy\u00a0<strong>Planitop 400<\/strong>\u00a0a\u017c nadmiar wody odparuje.<\/p>\n<p><strong>Przygotowanie zaprawy<\/strong><\/p>\n<p>Do pojemnika wla\u0107 750-800ml czystej wody, mieszaj\u0105c powoli wsypywa\u0107 zapraw\u0119\u00a0<strong>Planitop 400<\/strong>. Miesza\u0107 a\u017c do uzyskania jednorodnej mieszanki. Ze wzgl\u0119du na bardzo szybki czas schni\u0119cia najlepiej przygotowa\u0107 tyle materia\u0142u aby zu\u017cy\u0107 w ci\u0105gu 10min.<\/p>\n<h3><strong>Dane techniczne:<\/strong><\/h3>\n<ul>\n<li><strong>Konsystencja<\/strong>: proszek<\/li>\n<li><strong>Kolor<\/strong>: szary<\/li>\n<li><strong>Kolor mieszanki<\/strong>\u00a0:szary<\/li>\n<li><strong>Proporcje mieszania<\/strong>: na 100 cz\u0119\u015bci\u00a0<strong>Planitop 400<\/strong>\u00a0doda\u0107 15 \u2013 16 cz\u0119\u015bciami wody<\/li>\n<li><strong>Temperatura stosowania<\/strong>: +5\u00b0C do +35\u00b0C<\/li>\n<li><strong>Maksymalny czas u\u017cytkowania<\/strong>: ok. 10 minut<\/li>\n<li><strong>Czas wi\u0105zania pocz\u0105tkowego<\/strong>: ok. 15 minut<\/li>\n<li>C<strong>zas wi\u0105zania ko\u0144cowego<\/strong>: ok. 30 minut<\/li>\n<li><strong>Zu\u017cycie<\/strong>: 18,5 kg\/m\u00b2 na warstw\u0119 o grubo\u015bci 10 mm<\/li>\n<li><strong>Nak\u0142adanie<\/strong>: pac\u0105<\/li>\n<li><strong>Opakowanie<\/strong>: worek 5kg<\/li>\n<li><strong>Przechowywanie<\/strong>: 24 miesi\u0119cy<\/li>\n<li><strong>Maksymalna \u015brednica kruszywa<\/strong>: 0,5 mm.<\/li>\n<li><strong>Minimalna grubo\u015b\u0107 warstwy<\/strong>: 1 mm.<\/li>\n<li><strong>Maksymalna grubo\u015b\u0107 jednej warstwy<\/strong>: 4 cm na warstw\u0119.<\/li>\n<\/ul>\n","protected":false},"excerpt":{"rendered":"<p>Zaprawa do naprawy betonu MAPEI PLANITOP 400 to szybkosprawna, tiksotropowa zaprawa, o regulowanym skurczu, do wykonywania napraw powierzchniowych, stosowana w zakresie grubo\u015bci warstwy do 1 do 40 mm.<\/p>\n","protected":false},"featured_media":20872,"comment_status":"open","ping_status":"closed","template":"","meta":{"_acf_changed":false,"inline_featured_image":false},"product_cat":[285],"product_tag":[1697,1698,1696],"class_list":{"0":"post-20840","1":"product","2":"type-product","3":"status-publish","4":"has-post-thumbnail","6":"product_cat-silikony-i-uszczelniacze","7":"product_tag-mapei-planitop-400","8":"product_tag-wykonywanie-napraw-powierzchniowych","9":"product_tag-zaprawa-do-naprawy-betonu","11":"first","12":"instock","13":"shipping-taxable","14":"purchasable","15":"product-type-simple"},"acf":[],"_links":{"self":[{"href":"https:\/\/e-adams.pl\/de\/wp-json\/wp\/v2\/product\/20840","targetHints":{"allow":["GET"]}}],"collection":[{"href":"https:\/\/e-adams.pl\/de\/wp-json\/wp\/v2\/product"}],"about":[{"href":"https:\/\/e-adams.pl\/de\/wp-json\/wp\/v2\/types\/product"}],"replies":[{"embeddable":true,"href":"https:\/\/e-adams.pl\/de\/wp-json\/wp\/v2\/comments?post=20840"}],"wp:featuredmedia":[{"embeddable":true,"href":"https:\/\/e-adams.pl\/de\/wp-json\/wp\/v2\/media\/20872"}],"wp:attachment":[{"href":"https:\/\/e-adams.pl\/de\/wp-json\/wp\/v2\/media?parent=20840"}],"wp:term":[{"taxonomy":"product_cat","embeddable":true,"href":"https:\/\/e-adams.pl\/de\/wp-json\/wp\/v2\/product_cat?post=20840"},{"taxonomy":"product_tag","embeddable":true,"href":"https:\/\/e-adams.pl\/de\/wp-json\/wp\/v2\/product_tag?post=20840"}],"curies":[{"name":"wp","href":"https:\/\/api.w.org\/{rel}","templated":true}]}}