{"id":20841,"date":"2023-09-06T13:34:47","date_gmt":"2023-09-06T11:34:47","guid":{"rendered":"https:\/\/e-adams.pl\/produkt\/lampocem-25kg-mapei-zaprawa-szybkowiazaca\/"},"modified":"2024-07-15T11:31:22","modified_gmt":"2024-07-15T09:31:22","slug":"zaprawa-szybkowiazaca-mapei-lampocem-25kg","status":"publish","type":"product","link":"https:\/\/e-adams.pl\/de\/produkt\/zaprawa-szybkowiazaca-mapei-lampocem-25kg\/","title":{"rendered":"Zaprawa szybkowi\u0105\u017c\u0105ca MAPEI LAMPOCEM 25kg"},"content":{"rendered":"<h3>OPIS:<\/h3>\n<p>Zaprawa szybkowi\u0105\u017c\u0105ca MAPEI LAMPOCEM to gotowe do u\u017cycia, bez skurczowo schn\u0105ce spoiwo hydrauliczne, zawieraj\u0105ce cementy o wysokiej wytrzyma\u0142o\u015bci i specjalne dodatki. Specjalna mieszanka w po\u0142\u0105czeniu z wod\u0105 daje mo\u017cliwo\u015b\u0107 mocowania rozmaitych element\u00f3w na powierzchniach betonowych, cementowych i ceglanych.<\/p>\n<p>Szybkoschn\u0105ca zapraw\u0119 mo\u017cna stosowa\u0107 na powierzchniach pionowych, gdy\u017c posiada g\u0119st\u0105 konsystencj\u0119.<\/p>\n<h3>DANE TECHNICZNE:<\/h3>\n<div>\u2022 Maksymalna \u015brednica kruszywa: &lt; 0,1 mm<\/div>\n<div>\u2022 Proporcje mieszania: 100 cz\u0119\u015bci LAMPOCEM z 20-21 cz\u0119\u015bciami wody<\/div>\n<div>\u2022 Maksymalny czas u\u017cytkowania: oko\u0142o 1 min (w +20\u00b0C)<\/div>\n<div>\u2022 Nak\u0142adanie: kielni\u0105 lub pac\u0105<\/div>\n<div>\u2022 Przechowywanie: 12 miesi\u0119cy w workach papierowych, 24 miesi\u0105ce w workach foliowych 5 kg<\/div>\n<div>\u2022 Zu\u017cycie: 1,8 kg\/dm\u00b3 wype\u0142nianej przestrzeni<\/div>\n<div>\u2022 Opakowania: papierowe worki 25 kg, foliowe worki 4&#215;5 kg<\/div>\n","protected":false},"excerpt":{"rendered":"<p>Zaprawa szybkowi\u0105\u017c\u0105ca MAPEI LAMPOCEM to gotowe do u\u017cycia, bez skurczowo schn\u0105ce spoiwo hydrauliczne, zawieraj\u0105ce cementy o wysokiej wytrzyma\u0142o\u015bci i specjalne dodatki. Specjalna mieszanka w po\u0142\u0105czeniu z wod\u0105 daje mo\u017cliwo\u015b\u0107 mocowania rozmaitych element\u00f3w na powierzchniach betonowych, cementowych i ceglanych.<\/p>\n","protected":false},"featured_media":22397,"comment_status":"open","ping_status":"closed","template":"","meta":{"_acf_changed":false,"inline_featured_image":false},"product_cat":[982],"product_tag":[2216,984,2211],"class_list":{"0":"post-20841","1":"product","2":"type-product","3":"status-publish","4":"has-post-thumbnail","6":"product_cat-kleje-do-plytek","7":"product_tag-lampocem","8":"product_tag-mapei","9":"product_tag-zaprawa-szybkowiazaca","11":"first","12":"instock","13":"shipping-taxable","14":"purchasable","15":"product-type-simple"},"acf":[],"_links":{"self":[{"href":"https:\/\/e-adams.pl\/de\/wp-json\/wp\/v2\/product\/20841","targetHints":{"allow":["GET"]}}],"collection":[{"href":"https:\/\/e-adams.pl\/de\/wp-json\/wp\/v2\/product"}],"about":[{"href":"https:\/\/e-adams.pl\/de\/wp-json\/wp\/v2\/types\/product"}],"replies":[{"embeddable":true,"href":"https:\/\/e-adams.pl\/de\/wp-json\/wp\/v2\/comments?post=20841"}],"wp:featuredmedia":[{"embeddable":true,"href":"https:\/\/e-adams.pl\/de\/wp-json\/wp\/v2\/media\/22397"}],"wp:attachment":[{"href":"https:\/\/e-adams.pl\/de\/wp-json\/wp\/v2\/media?parent=20841"}],"wp:term":[{"taxonomy":"product_cat","embeddable":true,"href":"https:\/\/e-adams.pl\/de\/wp-json\/wp\/v2\/product_cat?post=20841"},{"taxonomy":"product_tag","embeddable":true,"href":"https:\/\/e-adams.pl\/de\/wp-json\/wp\/v2\/product_tag?post=20841"}],"curies":[{"name":"wp","href":"https:\/\/api.w.org\/{rel}","templated":true}]}}