{"id":20842,"date":"2023-09-06T13:34:48","date_gmt":"2023-09-06T11:34:48","guid":{"rendered":"https:\/\/e-adams.pl\/produkt\/klej-do-glazury-cm11-5kg\/"},"modified":"2024-07-15T11:31:22","modified_gmt":"2024-07-15T09:31:22","slug":"cienkowarstwowa-zaprawa-klejaca-uniwersalna-ceresit-cm-11-5kg","status":"publish","type":"product","link":"https:\/\/e-adams.pl\/de\/produkt\/cienkowarstwowa-zaprawa-klejaca-uniwersalna-ceresit-cm-11-5kg\/","title":{"rendered":"Cienkowarstwowa zaprawa klej\u0105ca, uniwersalna CERESIT CM 11 &#8211; 5kg"},"content":{"rendered":"<h3>Opis:<\/h3>\n<p>Cienkowarstwowa zaprawa klej\u0105ca Ceresit CM 11 s\u0142u\u017cy do mocowania p\u0142ytek ceramicznych (glazura, terakota), gresowych, cementowych i kamiennych (opr\u00f3cz marmuru), na nieodkszta\u0142calnych pod\u0142o\u017cach, takich jak: beton, jastrych cementowy, tynk cementowy i cementowo-wapienny. Mo\u017ce by\u0107 stosowana wewn\u0105trz budynk\u00f3w. W przypadku innych powierzchni, na pod\u0142o\u017cach odkszta\u0142calnych takich jak: p\u0142yty gipsowo-kartonowe, p\u0142yty wi\u00f3rowe, ogrzewane pod\u0142ogi, balkony, tarasy, stosowa\u0107 odpowiednie zaprawy klej\u0105ce CM.<\/p>\n<h3>Zalety i cechy:<\/h3>\n<p>Zaprezentowana zaprawa klejowa umo\u017cliwia profesjonalne mocowanie r\u00f3\u017cnorodnych p\u0142ytek na \u015bcianach i pod\u0142ogach, wystarczy na\u0142o\u017cy\u0107 cienk\u0105 warstw\u0119 tego produktu, aby uzyska\u0107 trwa\u0142y efekt, dzi\u0119ki jego wyj\u0105tkowym w\u0142a\u015bciwo\u015bciom. Ta uniwersalna zaprawa jest niezast\u0105piona podczas wyka\u0144czania i remontowania budynk\u00f3w oraz posesji, poniewa\u017c jest odporna na mr\u00f3z i wod\u0119. Doskonale sprawdzi si\u0119 do przytwierdzania r\u00f3\u017cnych rodzaj\u00f3w p\u0142ytek na p\u0142askich powierzchniach, takich jak beton, jastrych cementowy, tynki cementowe i cementowo-wapienne. Mo\u017cesz j\u0105 wykorzysta\u0107 do wyko\u0144czenia pod\u0142ogi, \u015bciany, tarasu lub schod\u00f3w, a tak\u017ce do bezproblemowego przyklejenia p\u0142ytek ceramicznych, cementowych i niekt\u00f3rych kamieni.<\/p>\n<h3>Specyfikacja techniczna:<\/h3>\n<ul>\n<li>Wysoko\u015b\u0107 pojemnika: 370mm<\/li>\n<li>D\u0142ugo\u015b\u0107 pojemnika: 160mm<\/li>\n<li>Szeroko\u015b\u0107 pojemnika: 80mm<\/li>\n<li>Maksymalna temperatura aplikacji: 25\u00b0C<\/li>\n<li>Metoda aplikacji: Paca\/kielnia<\/li>\n<li>Minimalna temperatura aplikacji: 5\u00b0C<\/li>\n<li>Sk\u0142ad: Mieszanka cement\u00f3w z wype\u0142niaczami mineralnymi i modyfikatorami<\/li>\n<li>Waga produktu: 5kg<\/li>\n<li>Kolor: Szary<\/li>\n<li>Kod produktu: 5900089111053<\/li>\n<\/ul>\n","protected":false},"excerpt":{"rendered":"<p>Cienkowarstwowa zaprawa klej\u0105ca Ceresit CM 11 to klej do p\u0142ytek ceramicznych i innych materia\u0142\u00f3w na nieodkszta\u0142calnych powierzchniach wewn\u0105trz budynk\u00f3w.<\/p>\n","protected":false},"featured_media":20877,"comment_status":"open","ping_status":"closed","template":"","meta":{"_acf_changed":false,"inline_featured_image":false},"product_cat":[285],"product_tag":[1701,1700],"class_list":{"0":"post-20842","1":"product","2":"type-product","3":"status-publish","4":"has-post-thumbnail","6":"product_cat-silikony-i-uszczelniacze","7":"product_tag-ceresit-cm-11","8":"product_tag-cienkowarstwowa-zaprawa-klejaca","10":"first","11":"outofstock","12":"shipping-taxable","13":"purchasable","14":"product-type-simple"},"acf":[],"_links":{"self":[{"href":"https:\/\/e-adams.pl\/de\/wp-json\/wp\/v2\/product\/20842","targetHints":{"allow":["GET"]}}],"collection":[{"href":"https:\/\/e-adams.pl\/de\/wp-json\/wp\/v2\/product"}],"about":[{"href":"https:\/\/e-adams.pl\/de\/wp-json\/wp\/v2\/types\/product"}],"replies":[{"embeddable":true,"href":"https:\/\/e-adams.pl\/de\/wp-json\/wp\/v2\/comments?post=20842"}],"wp:featuredmedia":[{"embeddable":true,"href":"https:\/\/e-adams.pl\/de\/wp-json\/wp\/v2\/media\/20877"}],"wp:attachment":[{"href":"https:\/\/e-adams.pl\/de\/wp-json\/wp\/v2\/media?parent=20842"}],"wp:term":[{"taxonomy":"product_cat","embeddable":true,"href":"https:\/\/e-adams.pl\/de\/wp-json\/wp\/v2\/product_cat?post=20842"},{"taxonomy":"product_tag","embeddable":true,"href":"https:\/\/e-adams.pl\/de\/wp-json\/wp\/v2\/product_tag?post=20842"}],"curies":[{"name":"wp","href":"https:\/\/api.w.org\/{rel}","templated":true}]}}