{"id":20844,"date":"2023-09-06T13:34:49","date_gmt":"2023-09-06T11:34:49","guid":{"rendered":"https:\/\/e-adams.pl\/produkt\/atlas-mms-60-hybrydowy-podklad-podlogowy-25kg\/"},"modified":"2024-07-15T11:31:23","modified_gmt":"2024-07-15T09:31:23","slug":"wylewka-samopoziomujaca-atlas-mms-60-25kg","status":"publish","type":"product","link":"https:\/\/e-adams.pl\/de\/produkt\/wylewka-samopoziomujaca-atlas-mms-60-25kg\/","title":{"rendered":"Wylewka samopoziomuj\u0105ca ATLAS MMS 60 25kg"},"content":{"rendered":"<h3>OPIS:<\/h3>\n<p>Wylewka samopoziomuj\u0105ca ATLAS MMS jest przeznaczony do wykonywania samono\u015bnych podk\u0142ad\u00f3w pod\u0142ogowych, uk\u0142adanych bezpo\u015brednio na istniej\u0105cych pod\u0142o\u017cach, podk\u0142ad\u00f3w w wersji rozdzielaj\u0105cej z folii PE oraz podk\u0142ad\u00f3w p\u0142ywaj\u0105cych, uk\u0142adanych na izolacji termicznej, r\u00f3wnie\u017c tych wyposa\u017conych w instalacje grzewcze.<\/p>\n<p>Jest idealnym materia\u0142em do zatapiania ogrzewania pod\u0142ogowego, elektrycznego b\u0105d\u017a wodnego oraz instalacji grzewczych na powierzchni podk\u0142adu. ATLAS MMS 60 jest r\u00f3wnie\u017c przeznaczony do wyr\u00f3wnywania istniej\u0105cych podk\u0142ad\u00f3w, w zakresie 20-60 mm. Podnosi poziom pod\u0142ogi w ca\u0142ym pomieszczeniu \u2013 np. gdy zachodzi konieczno\u015b\u0107 zr\u00f3wnania poziom\u00f3w dw\u00f3ch s\u0105siednich pomieszcze\u0144.<\/p>\n<h3>DANE TECHNICZNE:<\/h3>\n<p>\u2022 Do warstw o grubo\u015bci: 20-60mm<br \/>\n\u2022 Czas u\u017cycia: 45min.<br \/>\n\u2022 Proporcje mieszania: 3,75-4,25 l \/ 25 kg<br \/>\n\u2022 Zu\u017cycie:18kg\/m2 na 10mm grubo\u015bci warstwy<br \/>\n\u2022 Waga opakowania: 25kg<br \/>\n\u2022 Wytrzyma\u0142o\u015b\u0107 na \u015bciskanie: \u2265 20 N\/mm\u00b2<br \/>\n\u2022 Wytrzyma\u0142o\u015b\u0107 na zginanie: \u2265 4 N\/mm\u00b2<\/p>\n","protected":false},"excerpt":{"rendered":"<p>Wylewka samopoziomuj\u0105ca ATLAS MMS jest przeznaczony do wykonywania samono\u015bnych podk\u0142ad\u00f3w pod\u0142ogowych, uk\u0142adanych bezpo\u015brednio na istniej\u0105cych pod\u0142o\u017cach, podk\u0142ad\u00f3w w wersji rozdzielaj\u0105cej z folii PE oraz podk\u0142ad\u00f3w p\u0142ywaj\u0105cych, uk\u0142adanych na izolacji termicznej, r\u00f3wnie\u017c tych wyposa\u017conych w instalacje grzewcze.<\/p>\n","protected":false},"featured_media":22524,"comment_status":"open","ping_status":"closed","template":"","meta":{"_acf_changed":false,"inline_featured_image":false},"product_cat":[281],"product_tag":[265,1754],"class_list":{"0":"post-20844","1":"product","2":"type-product","3":"status-publish","4":"has-post-thumbnail","6":"product_cat-wylewki-posadzkowe","7":"product_tag-atlas","8":"product_tag-wylewka-samopoziomujaca","10":"first","11":"instock","12":"shipping-taxable","13":"purchasable","14":"product-type-simple"},"acf":[],"_links":{"self":[{"href":"https:\/\/e-adams.pl\/de\/wp-json\/wp\/v2\/product\/20844","targetHints":{"allow":["GET"]}}],"collection":[{"href":"https:\/\/e-adams.pl\/de\/wp-json\/wp\/v2\/product"}],"about":[{"href":"https:\/\/e-adams.pl\/de\/wp-json\/wp\/v2\/types\/product"}],"replies":[{"embeddable":true,"href":"https:\/\/e-adams.pl\/de\/wp-json\/wp\/v2\/comments?post=20844"}],"wp:featuredmedia":[{"embeddable":true,"href":"https:\/\/e-adams.pl\/de\/wp-json\/wp\/v2\/media\/22524"}],"wp:attachment":[{"href":"https:\/\/e-adams.pl\/de\/wp-json\/wp\/v2\/media?parent=20844"}],"wp:term":[{"taxonomy":"product_cat","embeddable":true,"href":"https:\/\/e-adams.pl\/de\/wp-json\/wp\/v2\/product_cat?post=20844"},{"taxonomy":"product_tag","embeddable":true,"href":"https:\/\/e-adams.pl\/de\/wp-json\/wp\/v2\/product_tag?post=20844"}],"curies":[{"name":"wp","href":"https:\/\/api.w.org\/{rel}","templated":true}]}}