{"id":20845,"date":"2023-09-06T13:34:50","date_gmt":"2023-09-06T11:34:50","guid":{"rendered":"https:\/\/e-adams.pl\/produkt\/planitop-400-25kg-mapei\/"},"modified":"2024-05-10T11:02:41","modified_gmt":"2024-05-10T09:02:41","slug":"zaprawa-naprawcza-mapei-planitop-400-25kg","status":"publish","type":"product","link":"https:\/\/e-adams.pl\/de\/produkt\/zaprawa-naprawcza-mapei-planitop-400-25kg\/","title":{"rendered":"Zaprawa naprawcza MAPEI PLANITOP 400 25kg"},"content":{"rendered":"<h3>OPIS:<\/h3>\n<p>Zaprawa naprawcza MAPEI PLANITOP 400 jest szybkosprawn\u0105, tiksotropow\u0105 zapraw\u0105 o regulowanym skurczu doskonale nadaj\u0105c\u0105 si\u0119 do wykonywania napraw powierzchniowych. Zaprawa ta posiada zakres stosowania w grubo\u015bci od 1 do 40mm. Dzi\u0119ki swej specyficznej formule bardzo szybko wi\u0105\u017ce (czas pracy oko\u0142o 10 min przy +20st.C) co w rezultacie przek\u0142ada si\u0119 na szybkie wej\u015bcie po naprawie np. z uk\u0142adaniem pod\u0142ogi.<\/p>\n<p>Ze wzgl\u0119du na optymaln\u0105 wielko\u015b\u0107 kruszywa (max. 0,5mm) masa ta jest bardzo wygodna w nak\u0142adaniu kielni\u0105. Jej zalet\u0105 jest niew\u0105tpliwie fakt i\u017c nadaje si\u0119 zar\u00f3wno do wewn\u0105trz budynk\u00f3w jak i na zewn\u0105trz np. do napraw jastrychu na tarasie.<\/p>\n<h3>DANE TECHNICZNE:<\/h3>\n<div>\u2022 Maksymalna \u015brednica kruszywa: 0,5 mm.<\/div>\n<div>\u2022 Proporcje mieszania: 100 cz\u0119\u015bci PLANITOP 400 z 15-16 cz\u0119\u015bciami wody.<\/div>\n<div>\u2022 Maksymalny czas u\u017cytkowania: oko\u0142o 10 min (w +20\u00b0C).<\/div>\n<div>\u2022 Minimalna grubo\u015b\u0107 warstwy: 1 mm.<\/div>\n<div>\u2022 Maksymalna grubo\u015b\u0107 jednej warstwy: 4 cm na warstw\u0119.<\/div>\n<div>\u2022 Nak\u0142adanie: kielni\u0105.<\/div>\n<div>\u2022 Przechowywanie: 12 mies.<\/div>\n<div>\u2022 Zu\u017cycie: 18,5 kg\/m\u00b2 na 10 mm grubo\u015bci.<\/div>\n","protected":false},"excerpt":{"rendered":"<p>Zaprawa naprawcza MAPEI PLANITOP 400 jest szybkosprawn\u0105, tiksotropow\u0105 zapraw\u0105 o regulowanym skurczu doskonale nadaj\u0105c\u0105 si\u0119 do wykonywania napraw powierzchniowych. Zaprawa ta posiada zakres stosowania w grubo\u015bci od 1 do 40mm. Dzi\u0119ki swej specyficznej formule bardzo szybko wi\u0105\u017ce (czas pracy oko\u0142o 10 min przy +20st.C) co w rezultacie przek\u0142ada si\u0119 na szybkie wej\u015bcie po naprawie np. z uk\u0142adaniem pod\u0142ogi.<\/p>\n","protected":false},"featured_media":22227,"comment_status":"open","ping_status":"closed","template":"","meta":{"_acf_changed":false,"inline_featured_image":false},"product_cat":[275],"product_tag":[984,2144,2143],"class_list":{"0":"post-20845","1":"product","2":"type-product","3":"status-publish","4":"has-post-thumbnail","6":"product_cat-gipsy-zaprawy","7":"product_tag-mapei","8":"product_tag-planitop-400","9":"product_tag-zaprawa-naprawcza","11":"first","12":"instock","13":"shipping-taxable","14":"purchasable","15":"product-type-simple"},"acf":[],"_links":{"self":[{"href":"https:\/\/e-adams.pl\/de\/wp-json\/wp\/v2\/product\/20845","targetHints":{"allow":["GET"]}}],"collection":[{"href":"https:\/\/e-adams.pl\/de\/wp-json\/wp\/v2\/product"}],"about":[{"href":"https:\/\/e-adams.pl\/de\/wp-json\/wp\/v2\/types\/product"}],"replies":[{"embeddable":true,"href":"https:\/\/e-adams.pl\/de\/wp-json\/wp\/v2\/comments?post=20845"}],"wp:featuredmedia":[{"embeddable":true,"href":"https:\/\/e-adams.pl\/de\/wp-json\/wp\/v2\/media\/22227"}],"wp:attachment":[{"href":"https:\/\/e-adams.pl\/de\/wp-json\/wp\/v2\/media?parent=20845"}],"wp:term":[{"taxonomy":"product_cat","embeddable":true,"href":"https:\/\/e-adams.pl\/de\/wp-json\/wp\/v2\/product_cat?post=20845"},{"taxonomy":"product_tag","embeddable":true,"href":"https:\/\/e-adams.pl\/de\/wp-json\/wp\/v2\/product_tag?post=20845"}],"curies":[{"name":"wp","href":"https:\/\/api.w.org\/{rel}","templated":true}]}}