{"id":20846,"date":"2023-09-06T13:34:50","date_gmt":"2023-09-06T11:34:50","guid":{"rendered":"https:\/\/e-adams.pl\/produkt\/nivoplan-fast-23-kg-zaprawa-wyrownujaca\/"},"modified":"2024-07-15T11:31:32","modified_gmt":"2024-07-15T09:31:32","slug":"zaprawa-wyrownujaca-nivoplan-fast-23kg","status":"publish","type":"product","link":"https:\/\/e-adams.pl\/de\/produkt\/zaprawa-wyrownujaca-nivoplan-fast-23kg\/","title":{"rendered":"Zaprawa wyr\u00f3wnuj\u0105ca NIVOPLAN FAST 23kg"},"content":{"rendered":"<h3>OPIS:<\/h3>\n<p><span id=\"page5R_mcid242\" class=\"markedContent\"><span dir=\"ltr\" role=\"presentation\">Zaprawa wyr\u00f3wnuj\u0105ca NIVOPLAN FAST szybkoschn<\/span><\/span><span id=\"page5R_mcid243\" class=\"markedContent\"><span dir=\"ltr\" role=\"presentation\">\u0105<\/span><\/span><span id=\"page5R_mcid244\" class=\"markedContent\"><span dir=\"ltr\" role=\"presentation\">ca, szybkowi<\/span><\/span><span id=\"page5R_mcid245\" class=\"markedContent\"><span dir=\"ltr\" role=\"presentation\">\u0105<\/span><span dir=\"ltr\" role=\"presentation\">\u017c<\/span><span dir=\"ltr\" role=\"presentation\">\u0105<\/span><\/span><span id=\"page5R_mcid246\" class=\"markedContent\"><span dir=\"ltr\" role=\"presentation\">ca, zbrojona w<\/span><\/span><span id=\"page5R_mcid247\" class=\"markedContent\"><span dir=\"ltr\" role=\"presentation\">\u0142<\/span><\/span><span id=\"page5R_mcid248\" class=\"markedContent\"><span dir=\"ltr\" role=\"presentation\">\u00f3knami, cementowa zaprawa przeznaczona do napraw\u00a0<\/span><\/span><span id=\"page5R_mcid249\" class=\"markedContent\"><span dir=\"ltr\" role=\"presentation\">i niwelowania nier\u00f3wno<\/span><\/span><span id=\"page5R_mcid250\" class=\"markedContent\"><span dir=\"ltr\" role=\"presentation\">\u015b<\/span><\/span><span id=\"page5R_mcid251\" class=\"markedContent\"><span dir=\"ltr\" role=\"presentation\">ci pod<\/span><\/span><span id=\"page5R_mcid252\" class=\"markedContent\"><span dir=\"ltr\" role=\"presentation\">\u0142<\/span><\/span><span id=\"page5R_mcid253\" class=\"markedContent\"><span dir=\"ltr\" role=\"presentation\">o<\/span><\/span><span id=\"page5R_mcid254\" class=\"markedContent\"><span dir=\"ltr\" role=\"presentation\">\u017c<\/span><\/span><span id=\"page5R_mcid255\" class=\"markedContent\"><span dir=\"ltr\" role=\"presentation\">y pionowych i poziomych. Do stosowania\u00a0 wewn<\/span><\/span><span id=\"page5R_mcid256\" class=\"markedContent\"><span dir=\"ltr\" role=\"presentation\">\u0105<\/span><\/span><span id=\"page5R_mcid257\" class=\"markedContent\"><span dir=\"ltr\" role=\"presentation\">trz i na zewn<\/span><\/span><span id=\"page5R_mcid258\" class=\"markedContent\"><span dir=\"ltr\" role=\"presentation\">\u0105<\/span><\/span><span id=\"page5R_mcid259\" class=\"markedContent\"><span dir=\"ltr\" role=\"presentation\">trz,\u00a0\u00a0<\/span><\/span><span id=\"page5R_mcid260\" class=\"markedContent\"><span dir=\"ltr\" role=\"presentation\">w warstwach o grubo<\/span><\/span><span id=\"page5R_mcid261\" class=\"markedContent\"><span dir=\"ltr\" role=\"presentation\">\u015b<\/span><\/span><span id=\"page5R_mcid262\" class=\"markedContent\"><span dir=\"ltr\" role=\"presentation\">ci od 3 do 30 mm. Nivoplan Fast\u00a0przeznaczony jest do szybkiego wyr\u00f3wnywania pod\u0142o\u017ca zar\u00f3wno wewn\u0105trz, jak i na zewn\u0105trz\u00a0<span id=\"page5R_mcid11\" class=\"markedContent\">przed uk<\/span><span id=\"page5R_mcid12\" class=\"markedContent\">\u0142<\/span><span id=\"page5R_mcid13\" class=\"markedContent\">adaniem ok<\/span><span id=\"page5R_mcid14\" class=\"markedContent\">\u0142<\/span><span id=\"page5R_mcid15\" class=\"markedContent\">adzin\u00a0<\/span><span id=\"page5R_mcid16\" class=\"markedContent\">ceramicznych, kamiennych lub hydroizolacji.<\/span><\/span><\/span><\/p>\n<h3>DANE TECHNICZNE:<\/h3>\n<div>\u2022 Maksymalny czas u\u017cytkowania: oko\u0142o 20 minut (w temperaturze +20\u00b0C)<\/div>\n<div>\u2022 Grubo\u015b\u0107 nak\u0142adanej warstwy: 3-30 mm<\/div>\n<div>\u2022 Czas oczekiwania przed monta\u017cem ok\u0142adzin:<\/div>\n<div>&#8211; 4 godziny w temperaturze +20\u00b0C<\/div>\n<div>&#8211; 24 godziny w temperaturze +5\u00b0C<\/div>\n<div>\u2022 Nak\u0142adanie: pac\u0105 metalow\u0105<\/div>\n<div>\u2022 EMICODE: EC1<sup>PLUS<\/sup>\u00a0\u2212 bardzo niska emisja lotnych zwi\u0105zk\u00f3w organicznych<\/div>\n<div>\u2022 Kolor: jasnoszary<\/div>\n<div>\u2022 Przechowywanie: 12 miesi\u0119cy<\/div>\n<div>\u2022 Zu\u017cycie: oko\u0142o 1,55 kg \/m\u00b2 na 1 mm (15,5 kg\/m\u00b2 na 1 cm) grubo\u015bci warstwy<\/div>\n<div>\u2022 Opakowania: worki 23 kg<\/div>\n","protected":false},"excerpt":{"rendered":"<p><span id=\"page5R_mcid242\" class=\"markedContent\"><span dir=\"ltr\" role=\"presentation\">Zaprawa wyr\u00f3wnuj\u0105ca NIVOPLAN FAST szybkoschn<\/span><\/span><span id=\"page5R_mcid243\" class=\"markedContent\"><span dir=\"ltr\" role=\"presentation\">\u0105<\/span><\/span><span id=\"page5R_mcid244\" class=\"markedContent\"><span dir=\"ltr\" role=\"presentation\">ca, szybkowi<\/span><\/span><span id=\"page5R_mcid245\" class=\"markedContent\"><span dir=\"ltr\" role=\"presentation\">\u0105<\/span><span dir=\"ltr\" role=\"presentation\">\u017c<\/span><span dir=\"ltr\" role=\"presentation\">\u0105<\/span><\/span><span id=\"page5R_mcid246\" class=\"markedContent\"><span dir=\"ltr\" role=\"presentation\">ca, zbrojona w<\/span><\/span><span id=\"page5R_mcid247\" class=\"markedContent\"><span dir=\"ltr\" role=\"presentation\">\u0142<\/span><\/span><span id=\"page5R_mcid248\" class=\"markedContent\"><span dir=\"ltr\" role=\"presentation\">\u00f3knami, cementowa zaprawa przeznaczona do napraw\u00a0<\/span><\/span><span id=\"page5R_mcid249\" class=\"markedContent\"><span dir=\"ltr\" role=\"presentation\">i niwelowania nier\u00f3wno<\/span><\/span><span id=\"page5R_mcid250\" class=\"markedContent\"><span dir=\"ltr\" role=\"presentation\">\u015b<\/span><\/span><span id=\"page5R_mcid251\" class=\"markedContent\"><span dir=\"ltr\" role=\"presentation\">ci pod<\/span><\/span><span id=\"page5R_mcid252\" class=\"markedContent\"><span dir=\"ltr\" role=\"presentation\">\u0142<\/span><\/span><span id=\"page5R_mcid253\" class=\"markedContent\"><span dir=\"ltr\" role=\"presentation\">o<\/span><\/span><span id=\"page5R_mcid254\" class=\"markedContent\"><span dir=\"ltr\" role=\"presentation\">\u017c<\/span><\/span><span id=\"page5R_mcid255\" class=\"markedContent\"><span dir=\"ltr\" role=\"presentation\">y pionowych i poziomych. Do stosowania\u00a0 wewn<\/span><\/span><span id=\"page5R_mcid256\" class=\"markedContent\"><span dir=\"ltr\" role=\"presentation\">\u0105<\/span><\/span><span id=\"page5R_mcid257\" class=\"markedContent\"><span dir=\"ltr\" role=\"presentation\">trz i na zewn<\/span><\/span><span id=\"page5R_mcid258\" class=\"markedContent\"><span dir=\"ltr\" role=\"presentation\">\u0105<\/span><\/span><span id=\"page5R_mcid259\" class=\"markedContent\"><span dir=\"ltr\" role=\"presentation\">trz,\u00a0\u00a0<\/span><\/span><span id=\"page5R_mcid260\" class=\"markedContent\"><span dir=\"ltr\" role=\"presentation\">w warstwach o grubo<\/span><\/span><span id=\"page5R_mcid261\" class=\"markedContent\"><span dir=\"ltr\" role=\"presentation\">\u015b<\/span><\/span><span id=\"page5R_mcid262\" class=\"markedContent\"><span dir=\"ltr\" role=\"presentation\">ci od 3 do 30 mm. Nivoplan Fast\u00a0przeznaczony jest do szybkiego wyr\u00f3wnywania pod\u0142o\u017ca zar\u00f3wno wewn\u0105trz, jak i na zewn\u0105trz\u00a0<span id=\"page5R_mcid11\" class=\"markedContent\">przed uk<\/span><span id=\"page5R_mcid12\" class=\"markedContent\">\u0142<\/span><span id=\"page5R_mcid13\" class=\"markedContent\">adaniem ok<\/span><span id=\"page5R_mcid14\" class=\"markedContent\">\u0142<\/span><span id=\"page5R_mcid15\" class=\"markedContent\">adzin\u00a0<\/span><span id=\"page5R_mcid16\" class=\"markedContent\">ceramicznych, kamiennych lub hydroizolacji.<\/span><\/span><\/span><\/p>\n","protected":false},"featured_media":22225,"comment_status":"open","ping_status":"closed","template":"","meta":{"_acf_changed":false,"inline_featured_image":false},"product_cat":[275],"product_tag":[984,2142,2141],"class_list":{"0":"post-20846","1":"product","2":"type-product","3":"status-publish","4":"has-post-thumbnail","6":"product_cat-gipsy-zaprawy","7":"product_tag-mapei","8":"product_tag-nivoplan-fast","9":"product_tag-zaprawa-wyrownujaca","11":"first","12":"instock","13":"shipping-taxable","14":"purchasable","15":"product-type-simple"},"acf":[],"_links":{"self":[{"href":"https:\/\/e-adams.pl\/de\/wp-json\/wp\/v2\/product\/20846","targetHints":{"allow":["GET"]}}],"collection":[{"href":"https:\/\/e-adams.pl\/de\/wp-json\/wp\/v2\/product"}],"about":[{"href":"https:\/\/e-adams.pl\/de\/wp-json\/wp\/v2\/types\/product"}],"replies":[{"embeddable":true,"href":"https:\/\/e-adams.pl\/de\/wp-json\/wp\/v2\/comments?post=20846"}],"wp:featuredmedia":[{"embeddable":true,"href":"https:\/\/e-adams.pl\/de\/wp-json\/wp\/v2\/media\/22225"}],"wp:attachment":[{"href":"https:\/\/e-adams.pl\/de\/wp-json\/wp\/v2\/media?parent=20846"}],"wp:term":[{"taxonomy":"product_cat","embeddable":true,"href":"https:\/\/e-adams.pl\/de\/wp-json\/wp\/v2\/product_cat?post=20846"},{"taxonomy":"product_tag","embeddable":true,"href":"https:\/\/e-adams.pl\/de\/wp-json\/wp\/v2\/product_tag?post=20846"}],"curies":[{"name":"wp","href":"https:\/\/api.w.org\/{rel}","templated":true}]}}