{"id":20847,"date":"2023-09-06T13:34:51","date_gmt":"2023-09-06T11:34:51","guid":{"rendered":"https:\/\/e-adams.pl\/produkt\/lampocem-smart-5kg-mapei\/"},"modified":"2024-07-15T11:31:32","modified_gmt":"2024-07-15T09:31:32","slug":"zaprawa-szybkowiazaca-mapei-lampocem-smart-5kg","status":"publish","type":"product","link":"https:\/\/e-adams.pl\/de\/produkt\/zaprawa-szybkowiazaca-mapei-lampocem-smart-5kg\/","title":{"rendered":"Zaprawa szybkowi\u0105\u017c\u0105ca MAPEI LAMPOCEM SMART 5kg"},"content":{"rendered":"<h3>OPIS:<\/h3>\n<p>Zaprawa szybkowi\u0105\u017c\u0105ca MAPEI LAMPOCEM SMART to wysokiej jako\u015bci spoiwo, kt\u00f3re cechuje si\u0119 wyj\u0105tkow\u0105 hydraulik\u0105 oraz znakomit\u0105 przyczepno\u015bci\u0105. Dzi\u0119ki temu produktowi mo\u017cna zapewni\u0107 trwa\u0142e, mocne po\u0142\u0105czenia, kt\u00f3re b\u0119d\u0105 odporne na uszkodzenia oraz zmienne warunki atmosferyczne. Lampocem mo\u017ce by\u0107 stosowane zar\u00f3wno wewn\u0105trz, jak i na zewn\u0105trz budynk\u00f3w, co czyni go bardzo uniwersalnym.<\/p>\n<p>Ten produkt jest \u0142atwy w u\u017cyciu, dzi\u0119ki czemu nawet osoby nieposiadaj\u0105ce do\u015bwiadczenia w pracach budowlanych poradz\u0105 sobie z jego aplikacj\u0105.<\/p>\n<p>Spoiwo hydrauliczne Mapei Lampocem zapewnia r\u00f3wnie\u017c doskona\u0142e efekty estetyczne. Po na\u0142o\u017ceniu wysycha na jednolit\u0105, g\u0142adk\u0105 powierzchni\u0119, kt\u00f3ra doskonale prezentuje si\u0119 w ka\u017cdym otoczeniu.<\/p>\n<h3>DANE TECHNICZNE:<\/h3>\n<div>\u2022 Maksymalna \u015brednica kruszywa: 0,8 mm<\/div>\n<div>\u2022 Proporcje mieszania: 160-170 g wody na 1 kg LAMPOCEM SMART (16-17% wody w stosunku do wagi zaprawy)<\/div>\n<div>\u2022 Przydatno\u015b\u0107 mieszanki do u\u017cycia: oko\u0142o 4 min (w +23\u00b0C)<\/div>\n<div>\u2022 Nak\u0142adanie: kielni\u0105 lub pac\u0105<\/div>\n<div>\u2022 Przechowywanie:\u00a0 24 miesi\u0105ce w workach foliowych 5 kg<\/div>\n<div>\u2022 Zu\u017cycie: 1,8 kg\/dm\u00b3 wype\u0142nianej przestrzeni<\/div>\n<div>\u2022 Opakowania:\u00a0 worki 5 kg<\/div>\n","protected":false},"excerpt":{"rendered":"<p>Zaprawa szybkowi\u0105\u017c\u0105ca MAPEI LAMPOCEM SMART to wysokiej jako\u015bci spoiwo, kt\u00f3re cechuje si\u0119 wyj\u0105tkow\u0105 hydraulik\u0105 oraz znakomit\u0105 przyczepno\u015bci\u0105. Dzi\u0119ki temu produktowi mo\u017cna zapewni\u0107 trwa\u0142e, mocne po\u0142\u0105czenia, kt\u00f3re b\u0119d\u0105 odporne na uszkodzenia oraz zmienne warunki atmosferyczne.<\/p>\n","protected":false},"featured_media":22392,"comment_status":"open","ping_status":"closed","template":"","meta":{"_acf_changed":false,"inline_featured_image":false},"product_cat":[1452],"product_tag":[2212,984,2211],"class_list":{"0":"post-20847","1":"product","2":"type-product","3":"status-publish","4":"has-post-thumbnail","6":"product_cat-zaprawy-klejowe","7":"product_tag-lampocem-smart","8":"product_tag-mapei","9":"product_tag-zaprawa-szybkowiazaca","11":"first","12":"instock","13":"shipping-taxable","14":"purchasable","15":"product-type-simple"},"acf":[],"_links":{"self":[{"href":"https:\/\/e-adams.pl\/de\/wp-json\/wp\/v2\/product\/20847","targetHints":{"allow":["GET"]}}],"collection":[{"href":"https:\/\/e-adams.pl\/de\/wp-json\/wp\/v2\/product"}],"about":[{"href":"https:\/\/e-adams.pl\/de\/wp-json\/wp\/v2\/types\/product"}],"replies":[{"embeddable":true,"href":"https:\/\/e-adams.pl\/de\/wp-json\/wp\/v2\/comments?post=20847"}],"wp:featuredmedia":[{"embeddable":true,"href":"https:\/\/e-adams.pl\/de\/wp-json\/wp\/v2\/media\/22392"}],"wp:attachment":[{"href":"https:\/\/e-adams.pl\/de\/wp-json\/wp\/v2\/media?parent=20847"}],"wp:term":[{"taxonomy":"product_cat","embeddable":true,"href":"https:\/\/e-adams.pl\/de\/wp-json\/wp\/v2\/product_cat?post=20847"},{"taxonomy":"product_tag","embeddable":true,"href":"https:\/\/e-adams.pl\/de\/wp-json\/wp\/v2\/product_tag?post=20847"}],"curies":[{"name":"wp","href":"https:\/\/api.w.org\/{rel}","templated":true}]}}