{"id":20849,"date":"2023-09-06T13:34:52","date_gmt":"2023-09-06T11:34:52","guid":{"rendered":"https:\/\/e-adams.pl\/produkt\/sopro-zaprawa-klejowa-no-1-400-225kg\/"},"modified":"2024-07-15T11:31:32","modified_gmt":"2024-07-15T09:31:32","slug":"zaprawa-klejowa-sopro-no-1-400-225kg","status":"publish","type":"product","link":"https:\/\/e-adams.pl\/de\/produkt\/zaprawa-klejowa-sopro-no-1-400-225kg\/","title":{"rendered":"Zaprawa klejowa SOPRO No.1 400 22,5kg"},"content":{"rendered":"<h3>OPIS:<\/h3>\n<p>Zaprawa klejowa SOPRO No.1 400 to multifunkcyjna (4 konsystencje), wysokoelastyczna, odkszta\u0142calna, wzbogacona zwi\u0119kszonym dodatkiem w\u0142\u00f3kien i tworzyw sztucznych,\u00a0 cementowa zaprawa klejowa do przyklejania i mocowania p\u0142ytek ceramicznych oraz niewra\u017cliwego na przebarwienia kamienia naturalnego.<\/p>\n<div>\n<p class=\"prd-desc\">Innowacyjna receptura Sopro No.1 \u201e4w1\u201d\u00a0wykorzystuje unikaln\u0105 kombinacj\u0119 wysokiej klasy cementu, kruszywa kwarcowego o najwy\u017cszej czysto\u015bci i starannie dobranym uziarnieniu, kt\u00f3re to sk\u0142adniki w po\u0142\u0105czeniu z dodatkiem tworzyw sztucznych tworz\u0105 zapraw\u0119 o wysokich parametrach klejenia i si\u0142y wi\u0105zania.<\/p>\n<\/div>\n<div>\n<p class=\"prd-desc\">Do stosowania wewn\u0105trz i na zewn\u0105trz, w pomieszczeniach mokrych i wilgotnych, do mocowania ok\u0142adzin na ogrzewaniu pod\u0142ogowym i \u015bciennym, na tarasach i balkonach. Szeroko stosowana r\u00f3wnie\u017c do przyklejania ok\u0142adzin w basenach oraz w obiektach us\u0142ugowych i przemys\u0142owych. R\u00f3wnie\u017c do uk\u0142adania p\u0142ytek na starych ok\u0142adzinach<\/p>\n<h3>DANE TECHNICZNE:<\/h3>\n<p>\u2022 Klasa: C2TE S1<br \/>\n\u2022 Rodzaj: zaprawa klejowa do glazury<br \/>\n\u2022 czas dojrzewania: 3-5 minut<br \/>\n\u2022 Czas otwartego schni\u0119cia: \u2265 30 minut<br \/>\n\u2022 czas u\u017cycia: ok.4 godziny<br \/>\n\u2022 Kolor: Szary<br \/>\n\u2022 Zu\u017cycie: Ok. 1,0 kg\/m2 na 1 mm grubo\u015bci warstwy.<br \/>\n\u2022 mo\u017cliwo\u015b\u0107 chodzenia \/ fugowania: po 12 godzinach<br \/>\n\u2022 EAN: 5901740400226<\/p>\n<\/div>\n","protected":false},"excerpt":{"rendered":"<p>Zaprawa klejowa SOPRO No.1 400 to multifunkcyjna (4 konsystencje), wysokoelastyczna, odkszta\u0142calna, wzbogacona zwi\u0119kszonym dodatkiem w\u0142\u00f3kien i tworzyw sztucznych,\u00a0 cementowa zaprawa klejowa do przyklejania i mocowania p\u0142ytek ceramicznych oraz niewra\u017cliwego na przebarwienia kamienia naturalnego.<\/p>\n","protected":false},"featured_media":22390,"comment_status":"open","ping_status":"closed","template":"","meta":{"_acf_changed":false,"inline_featured_image":false},"product_cat":[1452],"product_tag":[2210,2058,964],"class_list":{"0":"post-20849","1":"product","2":"type-product","3":"status-publish","4":"has-post-thumbnail","6":"product_cat-zaprawy-klejowe","7":"product_tag-klejenie-plytek","8":"product_tag-sopro","9":"product_tag-zaprawa-klejowa","11":"first","12":"instock","13":"shipping-taxable","14":"purchasable","15":"product-type-simple"},"acf":[],"_links":{"self":[{"href":"https:\/\/e-adams.pl\/de\/wp-json\/wp\/v2\/product\/20849","targetHints":{"allow":["GET"]}}],"collection":[{"href":"https:\/\/e-adams.pl\/de\/wp-json\/wp\/v2\/product"}],"about":[{"href":"https:\/\/e-adams.pl\/de\/wp-json\/wp\/v2\/types\/product"}],"replies":[{"embeddable":true,"href":"https:\/\/e-adams.pl\/de\/wp-json\/wp\/v2\/comments?post=20849"}],"wp:featuredmedia":[{"embeddable":true,"href":"https:\/\/e-adams.pl\/de\/wp-json\/wp\/v2\/media\/22390"}],"wp:attachment":[{"href":"https:\/\/e-adams.pl\/de\/wp-json\/wp\/v2\/media?parent=20849"}],"wp:term":[{"taxonomy":"product_cat","embeddable":true,"href":"https:\/\/e-adams.pl\/de\/wp-json\/wp\/v2\/product_cat?post=20849"},{"taxonomy":"product_tag","embeddable":true,"href":"https:\/\/e-adams.pl\/de\/wp-json\/wp\/v2\/product_tag?post=20849"}],"curies":[{"name":"wp","href":"https:\/\/api.w.org\/{rel}","templated":true}]}}