{"id":20851,"date":"2023-09-06T13:34:54","date_gmt":"2023-09-06T11:34:54","guid":{"rendered":"https:\/\/e-adams.pl\/produkt\/sopro-s-flex-c2-bialy-wysokoelastyczny-klej-zelowy-225kg\/"},"modified":"2024-07-15T11:31:33","modified_gmt":"2024-07-15T09:31:33","slug":"bialy-wysokoelastyczny-klej-zelowy-sopro-s-flex-c2-225kg","status":"publish","type":"product","link":"https:\/\/e-adams.pl\/de\/produkt\/bialy-wysokoelastyczny-klej-zelowy-sopro-s-flex-c2-225kg\/","title":{"rendered":"Bia\u0142y, wysokoelastyczny klej \u017celowy SOPRO S-FLEX C2 &#8211; 22,5kg"},"content":{"rendered":"<h3>Opis:<\/h3>\n<p>Bia\u0142y, wysokoelastyczny klej \u017celowy SOPRO S-FLEX C2. Jest to cementowa, cienkowarstwowa zaprawa klejowa w technologii hydro\u017celowej do przyklejania i mocowania pod\u0142ogowych i \u015bciennych ok\u0142adzin ceramicznych. Do stosowania w pomieszczeniach mieszkalnych, us\u0142ugowych, przemys\u0142owych, obszarach wilgotnych i mokrych, salach operacyjnych, na pod\u0142ogach i \u015bcianach ogrzewanych oraz na zewn\u0105trz, na balkonach, tarasach, schodach i elewacjach. Odpowiednio dobrane dodatki mineralne oraz hydro\u017cel organiczny zastosowany w kleju S-Flex wp\u0142ywaj\u0105 na podwy\u017cszon\u0105 retencj\u0119 wody w zaprawie oraz optymalne warunki jej wi\u0105zania i twardnienia, zapewniaj\u0105c wysokie parametry techniczne kleju.<\/p>\n<p>Zastosowana nowoczesna technologia hydro\u017celowa wp\u0142ywa r\u00f3wnie\u017c na zapewnienie bardzo dobrych parametr\u00f3w roboczych. Klej ma plastyczn\u0105 konsystencj\u0119, jest \u0142atwy w aplikacji, zaprawa doskonale trzyma si\u0119 pacy i \u0142atwo si\u0119 rozprowadza.<\/p>\n<p>Niska zawarto\u015b\u0107 chromian\u00f3w, zgodnie z Rozporz\u0105dzeniem (WE) 1907\/2006, za\u0142\u0105cznik XVII.<\/p>\n<ul>\n<li>C2: zwi\u0119kszona przyczepno\u015b\u0107 \u2265 1 N\/mm2<\/li>\n<li>T: wysoka stabilno\u015b\u0107 w pionie dzi\u0119ki wzmocnieniu w\u0142\u00f3knami<\/li>\n<li>E: d\u0142ugi czas otwartego schni\u0119cia \u2265 30 minut<\/li>\n<li>Czas u\u017cycia: ok. 6 godzin<\/li>\n<li>Mo\u017cliwo\u015b\u0107 chodzenia \/ fugowania ju\u017c po 24 godzinach<\/li>\n<li>Bardzo dobra przyczepno\u015b\u0107 kontaktowa<\/li>\n<li>Dobre w\u0142a\u015bciwo\u015bci i parametry robocze<\/li>\n<li>Podwy\u017cszona wydajno\u015b\u0107 a\u017c do 25%<\/li>\n<li>Do du\u017cych format\u00f3w<\/li>\n<li>W pomieszczeniach i na zewn\u0105trz, na \u015bciany i pod\u0142ogi (tak\u017ce ogrzewane)<\/li>\n<\/ul>\n<p><img loading=\"lazy\" decoding=\"async\" class=\"aligncenter wp-image-20915 size-full\" src=\"https:\/\/e-adams.pl\/wp-content\/uploads\/2023\/09\/SOPRO-S-FLEX-C2-BANNER2.png\" alt=\"SOPRO S-FLEX C2 BANNER2\" width=\"711\" height=\"574\" title=\"\"><\/p>\n<h3>Zastosowanie:<\/h3>\n<p>Cienkowarstwowa, wysokoelastyczna, cementowa zaprawa klejowa do przyklejania i mocowania glazury, odpornych na przebarwienia kamieni naturalnych, terakoty, p\u0142ytek i p\u0142yt kamionkowych, gresowych, ceramicznych p\u0142yt i kszta\u0142tek \u0142amanych, p\u0142ytek klinkierowych i podobnych materia\u0142\u00f3w ok\u0142adzinowych. Do stosowania w zbiornikach wody u\u017cytkowej, basenach, salach operacyjnych, ci\u0105gach komunikacyjnych (obci\u0105\u017conych ruchem pieszym), w obszarach wilgotnych i mokrych, pomieszczeniach mieszkalnych oraz na zewn\u0105trz, na tarasach, balkonach i elewacjach.<\/p>\n<h3>Zalecane pod\u0142o\u017ca:<\/h3>\n<p>Beton, beton lekki (sezonowany co najmniej 6 miesi\u0119cy), beton kom\u00f3rkowy (w pomieszczeniach), tynki cementowe i cementowo-wapienne, tynk gipsowy; mur o pe\u0142nych spoinach (nie stosowa\u0107 do muru mieszanego); suche \u015bcienne p\u0142yty budowlane z gipsu, p\u0142yty gipsowo-kartonowe lub gipsowo-w\u0142\u00f3knowe; jastrychy cementowe i anhydrytowe; pod\u0142ogi i \u015bciany ogrzewane. Uszczelnienia zespolone wykonane z Sopro FDF 525, Sopro DSF\u00ae 423\/523\/RS 623, Sopro TDS 823 lub AEB\u00ae 640.<\/p>\n","protected":false},"excerpt":{"rendered":"<p>Bia\u0142y, wysokoelastyczny klej \u017celowy SOPRO S-FLEX C2. Jest to cementowa, cienkowarstwowa zaprawa klejowa SOPRO S-FLEX C2 do ok\u0142adzin ceramicznych, idealna do r\u00f3\u017cnych powierzchni wewn\u0119trznych i zewn\u0119trznych, charakteryzuj\u0105ca si\u0119 wydajnymi w\u0142a\u015bciwo\u015bciami wi\u0105zania i retencji wody.<\/p>\n","protected":false},"featured_media":20916,"comment_status":"open","ping_status":"closed","template":"","meta":{"_acf_changed":false,"inline_featured_image":false},"product_cat":[285],"product_tag":[1761,1763,1762,964],"class_list":{"0":"post-20851","1":"product","2":"type-product","3":"status-publish","4":"has-post-thumbnail","6":"product_cat-silikony-i-uszczelniacze","7":"product_tag-bialy","8":"product_tag-sopro-s-flex-c2","9":"product_tag-wysokoelastyczny-klej-zelowy","10":"product_tag-zaprawa-klejowa","12":"first","13":"instock","14":"shipping-taxable","15":"purchasable","16":"product-type-simple"},"acf":[],"_links":{"self":[{"href":"https:\/\/e-adams.pl\/de\/wp-json\/wp\/v2\/product\/20851","targetHints":{"allow":["GET"]}}],"collection":[{"href":"https:\/\/e-adams.pl\/de\/wp-json\/wp\/v2\/product"}],"about":[{"href":"https:\/\/e-adams.pl\/de\/wp-json\/wp\/v2\/types\/product"}],"replies":[{"embeddable":true,"href":"https:\/\/e-adams.pl\/de\/wp-json\/wp\/v2\/comments?post=20851"}],"wp:featuredmedia":[{"embeddable":true,"href":"https:\/\/e-adams.pl\/de\/wp-json\/wp\/v2\/media\/20916"}],"wp:attachment":[{"href":"https:\/\/e-adams.pl\/de\/wp-json\/wp\/v2\/media?parent=20851"}],"wp:term":[{"taxonomy":"product_cat","embeddable":true,"href":"https:\/\/e-adams.pl\/de\/wp-json\/wp\/v2\/product_cat?post=20851"},{"taxonomy":"product_tag","embeddable":true,"href":"https:\/\/e-adams.pl\/de\/wp-json\/wp\/v2\/product_tag?post=20851"}],"curies":[{"name":"wp","href":"https:\/\/api.w.org\/{rel}","templated":true}]}}