{"id":20852,"date":"2023-09-06T13:34:54","date_gmt":"2023-09-06T11:34:54","guid":{"rendered":"https:\/\/e-adams.pl\/produkt\/foveo-zaprawa-klejaca-do-siatki-25kg-ku11-i-styropianu-wzmacniony-wloknami\/"},"modified":"2024-02-15T11:49:48","modified_gmt":"2024-02-15T10:49:48","slug":"zaprawa-klejaca-do-siatki-foveo-tech-ku11-25kg","status":"publish","type":"product","link":"https:\/\/e-adams.pl\/de\/produkt\/zaprawa-klejaca-do-siatki-foveo-tech-ku11-25kg\/","title":{"rendered":"Zaprawa klej\u0105ca do siatki FOVEO-TECH KU11 25kg"},"content":{"rendered":"<h3>OPIS:<\/h3>\n<p>Zaprawa klej\u0105ca do siatki FOVEO-TECH KU11dost\u0119pna jest w postaci suchej mieszanki wyselekcjonowanych kruszyw mineralnych, w\u0142\u00f3kien i specjalnych domieszek poprawiaj\u0105cych wydajno\u015b\u0107, przyczepno\u015b\u0107 i obr\u00f3bk\u0119. Zaprawa s\u0142u\u017cy do wykonywania zabezpieczaj\u0105cej warstwy zbrojonej siatk\u0105 z w\u0142\u00f3kna szklanego w Bezspoinowych Systemach Ocieple\u0144 wykonywanych metod\u0105 lekk\u0105-mokr\u0105.<\/p>\n<p>Doskonale nadaje si\u0119 tak\u017ce do przyklejania p\u0142yt styropianowych do pod\u0142o\u017cy mineralnych: betonowych, ceramicznych, silikatowych, cementowych i cementowo-wapiennych, a tak\u017ce do wype\u0142niania i szpachlowania ubytk\u00f3w ustabilizowanego pod\u0142o\u017ca. Przeznaczona jest do stosowania tak na zewn\u0105trz, jak i wewn\u0105trz budynk\u00f3w.<\/p>\n<h3>DANE TECHNICZNE:<\/h3>\n<p>\u2022 W\u0142a\u015bciwa ilo\u015b\u0107 wody: ok. 5,75-6,25 litra \/ 25 kg<br \/>\n\u2022 Temperatura stosowania: od +5\u00baC do +25\u00baC<br \/>\n\u2022 Czas otwarty (od naniesienia do przyklejenia p\u0142yt): do 20 minut<br \/>\n\u2022 Czas gotowo\u015bci zaprawy do pracy (od zarobienia z wod\u0105): ok. 1 godziny<br \/>\n\u2022 Czas twardnienia: od 6 do 24 godzin<br \/>\n\u2022 \u015arednie zu\u017cycie na 1 m2 przy przyklejaniu metod\u0105 obrze\u017cowo-punktow\u0105: od 4 do 5 kg<br \/>\n\u2022 \u015arednie zu\u017cycie na 1 m2 przy przyklejaniu p\u0142yt ca\u0142\u0105 powierzchni\u0105: od 5 do 7 kg<br \/>\n\u2022 \u015arednie zu\u017cycie na 1 m2 przy wykonywaniu warstwy zbrojonej: od 3 do 5 kg<br \/>\n\u2022 Przyczepno\u015b\u0107 do betonu: \u2265 0,3 MPa<br \/>\n\u2022 Przyczepno\u015b\u0107 do styropianu: \u2265 0,1 MPa<br \/>\n\u2022 Okres przydatno\u015bci do u\u017cycia: 12 miesi\u0119cy<br \/>\n\u2022 Opakowanie: worek 25 kg<\/p>\n","protected":false},"excerpt":{"rendered":"<p>Zaprawa klej\u0105ca do siatki FOVEO-TECH KU11dost\u0119pna jest w postaci suchej mieszanki wyselekcjonowanych kruszyw mineralnych, w\u0142\u00f3kien i specjalnych domieszek poprawiaj\u0105cych wydajno\u015b\u0107, przyczepno\u015b\u0107 i obr\u00f3bk\u0119. Zaprawa s\u0142u\u017cy do wykonywania zabezpieczaj\u0105cej warstwy zbrojonej siatk\u0105 z w\u0142\u00f3kna szklanego w Bezspoinowych Systemach Ocieple\u0144 wykonywanych metod\u0105 lekk\u0105-mokr\u0105.<\/p>\n","protected":false},"featured_media":22520,"comment_status":"open","ping_status":"closed","template":"","meta":{"_acf_changed":false,"inline_featured_image":false},"product_cat":[1452],"product_tag":[2280,2279],"class_list":{"0":"post-20852","1":"product","2":"type-product","3":"status-publish","4":"has-post-thumbnail","6":"product_cat-zaprawy-klejowe","7":"product_tag-foveo-tech","8":"product_tag-zaprawa-klejaca-do-siatki","10":"first","11":"instock","12":"shipping-taxable","13":"purchasable","14":"product-type-simple"},"acf":[],"_links":{"self":[{"href":"https:\/\/e-adams.pl\/de\/wp-json\/wp\/v2\/product\/20852","targetHints":{"allow":["GET"]}}],"collection":[{"href":"https:\/\/e-adams.pl\/de\/wp-json\/wp\/v2\/product"}],"about":[{"href":"https:\/\/e-adams.pl\/de\/wp-json\/wp\/v2\/types\/product"}],"replies":[{"embeddable":true,"href":"https:\/\/e-adams.pl\/de\/wp-json\/wp\/v2\/comments?post=20852"}],"wp:featuredmedia":[{"embeddable":true,"href":"https:\/\/e-adams.pl\/de\/wp-json\/wp\/v2\/media\/22520"}],"wp:attachment":[{"href":"https:\/\/e-adams.pl\/de\/wp-json\/wp\/v2\/media?parent=20852"}],"wp:term":[{"taxonomy":"product_cat","embeddable":true,"href":"https:\/\/e-adams.pl\/de\/wp-json\/wp\/v2\/product_cat?post=20852"},{"taxonomy":"product_tag","embeddable":true,"href":"https:\/\/e-adams.pl\/de\/wp-json\/wp\/v2\/product_tag?post=20852"}],"curies":[{"name":"wp","href":"https:\/\/api.w.org\/{rel}","templated":true}]}}