{"id":20853,"date":"2023-09-06T13:34:55","date_gmt":"2023-09-06T11:34:55","guid":{"rendered":"https:\/\/e-adams.pl\/produkt\/sopro-dsf-523-zaprawa-uszczelniajaca-elast-20kg\/"},"modified":"2025-06-23T12:54:17","modified_gmt":"2025-06-23T10:54:17","slug":"zaprawa-uszczelniajaca-sopro-dsf-523-20kg","status":"publish","type":"product","link":"https:\/\/e-adams.pl\/de\/produkt\/zaprawa-uszczelniajaca-sopro-dsf-523-20kg\/","title":{"rendered":"Elastyczna zaprawa uszczelniaj\u0105ca, jednosk\u0142adnikowa SOPRO DSF 523 &#8211; 20kg"},"content":{"rendered":"<h3>Opis:<\/h3>\n<p>SOPRO DSF 523 to elastyczna zaprawa uszczelniaj\u0105ca, jednosk\u0142adnikowa, cementowa do wytwarzania elastycznych pow\u0142ok nieprzepuszczaj\u0105cych wody i mostkuj\u0105cych p\u0119kni\u0119cia. Do stosowania pod ok\u0142adziny i wyk\u0142adziny z p\u0142ytek ceramicznych w pomieszczeniach mokrych (\u0142azienkach, natryskach, pralniach, kuchniach), w basenach k\u0105pielowych, na balkonach i tarasach. R\u00f3wnie\u017c pod deski tarasowe i p\u0142yty na podk\u0142adkach dystansowych, w podziemnych cz\u0119\u015bciach budynku i zbiornikach na wod\u0119 u\u017cytkow\u0105.<\/p>\n<ul>\n<li>Paroprzepuszczalna<\/li>\n<li>Odporna na dzia\u0142anie promieni UV<\/li>\n<li>Odporna na parcie negatywne<\/li>\n<li>Czas schni\u0119cia: ok. 4 godziny na warstw\u0119<\/li>\n<li>Mo\u017cliwo\u015b\u0107 chodzenia: po ok. 5-6 godzinach<\/li>\n<li>Czas u\u017cycia: ok. 2 godziny<\/li>\n<li>\u0141atwa aplikacja<\/li>\n<li>Do nanoszenia wa\u0142kiem, szpachl\u0105, do malowania i natryskiwania<\/li>\n<li>Na balkony i tarasy<\/li>\n<li>Do pomieszcze\u0144 wilgotnych i mokrych<\/li>\n<li>Do basen\u00f3w k\u0105pielowych<\/li>\n<li>Do podziemnych cz\u0119\u015bci budynk\u00f3w<\/li>\n<li>Do zbiornik\u00f3w z wod\u0105 pitn\u0105<\/li>\n<li>W pomieszczeniach i na zewn\u0105trz, na \u015bciany i pod\u0142ogi<\/li>\n<li>Produkt o niskiej zawarto\u015bci chromian\u00f3w zg. z Rozporz\u0105dzeniem (WE) Nr 1907\/2006, za\u0142\u0105cznik XVII<\/li>\n<\/ul>\n","protected":false},"excerpt":{"rendered":"<p>SOPRO DSF 523 to elastyczna zaprawa uszczelniaj\u0105ca, jednosk\u0142adnikowa, cementowa do wytwarzania nieprzepuszczalnych pow\u0142ok w pomieszczeniach mokrych, basenach, na tarasach i pod deski tarasowe.<\/p>\n","protected":false},"featured_media":20892,"comment_status":"open","ping_status":"closed","template":"","meta":{"_acf_changed":false,"inline_featured_image":false},"product_cat":[285],"product_tag":[1716,1717,1718],"class_list":{"0":"post-20853","1":"product","2":"type-product","3":"status-publish","4":"has-post-thumbnail","6":"product_cat-silikony-i-uszczelniacze","7":"product_tag-elastyczna-zaprawa-uszczelniajaca","8":"product_tag-jednoskladnikowa","9":"product_tag-sopro-dsf-523","11":"first","12":"instock","13":"shipping-taxable","14":"product-type-simple"},"acf":[],"_links":{"self":[{"href":"https:\/\/e-adams.pl\/de\/wp-json\/wp\/v2\/product\/20853","targetHints":{"allow":["GET"]}}],"collection":[{"href":"https:\/\/e-adams.pl\/de\/wp-json\/wp\/v2\/product"}],"about":[{"href":"https:\/\/e-adams.pl\/de\/wp-json\/wp\/v2\/types\/product"}],"replies":[{"embeddable":true,"href":"https:\/\/e-adams.pl\/de\/wp-json\/wp\/v2\/comments?post=20853"}],"wp:featuredmedia":[{"embeddable":true,"href":"https:\/\/e-adams.pl\/de\/wp-json\/wp\/v2\/media\/20892"}],"wp:attachment":[{"href":"https:\/\/e-adams.pl\/de\/wp-json\/wp\/v2\/media?parent=20853"}],"wp:term":[{"taxonomy":"product_cat","embeddable":true,"href":"https:\/\/e-adams.pl\/de\/wp-json\/wp\/v2\/product_cat?post=20853"},{"taxonomy":"product_tag","embeddable":true,"href":"https:\/\/e-adams.pl\/de\/wp-json\/wp\/v2\/product_tag?post=20853"}],"curies":[{"name":"wp","href":"https:\/\/api.w.org\/{rel}","templated":true}]}}