{"id":20854,"date":"2023-09-06T13:34:56","date_gmt":"2023-09-06T11:34:56","guid":{"rendered":"https:\/\/e-adams.pl\/produkt\/sopro-floor-ws-3-70-25kg-wylewka-samopoziomujaca-3-70mm-1-7kg-m2\/"},"modified":"2024-07-15T11:31:33","modified_gmt":"2024-07-15T09:31:33","slug":"wylewka-samopoziomujaca-sopro-floor-ws-3-70-25kg","status":"publish","type":"product","link":"https:\/\/e-adams.pl\/de\/produkt\/wylewka-samopoziomujaca-sopro-floor-ws-3-70-25kg\/","title":{"rendered":"Wylewka samopoziomuj\u0105ca SOPRO FLOOR WS 3.70 EXTREME 3-70mm &#8211; 25kg"},"content":{"rendered":"<h3>Opis:<\/h3>\n<p>Szybkowi\u0105\u017c\u0105ca, wzmocniona w\u0142\u00f3knami, elastyczna, cementowa wylewka samopoziomuj\u0105ca SOPRO FLOOR WS 3.70 EXTREME 3-70mm pod wszelkiego rodzaju ok\u0142adziny pod\u0142ogowe. Bardzo dobre parametry robocze i w\u0142a\u015bciwo\u015bci modelowania dzi\u0119ki mo\u017cliwo\u015bci zmiany ilo\u015bci wody zarobowej.<\/p>\n<ul>\n<li>Do warstw o grubo\u015bci od 3 do 70 mm<\/li>\n<li>Wytrzyma\u0142o\u015b\u0107 na \u015bciskanie: ok. 25 N\/mm2 po 28 dniach (jako wylewka samopoziomuj\u0105ca)<\/li>\n<li>Wytrzyma\u0142o\u015b\u0107 na zginanie: ok. 5 N\/mm2 po 28 dniach (jako wylewka samopoziomuj\u0105ca)<\/li>\n<li>Samopoziomuj\u0105ca lub do kszta\u0142towania spadk\u00f3w<\/li>\n<li>Elastyczna<\/li>\n<li>Znakomite w\u0142a\u015bciwo\u015bci robocze<\/li>\n<li>Nanoszenie r\u0119czne lub pomp\u0105<\/li>\n<li>D\u0142ugi czas u\u017cycia: ok. 30 minut<\/li>\n<li>Mo\u017cliwo\u015b\u0107 uk\u0142adania p\u0142ytek ceramicznych ju\u017c po 2-3 godzinach<\/li>\n<li>Do stosowania na pod\u0142ogi drewniane, p\u0142yty OSB, lastrico, istniej\u0105ce ok\u0142adziny ceramiczne i z kamienia naturalnego<\/li>\n<li>Do stosowania na pod\u0142ogi ogrzewane<\/li>\n<li>W pomieszczeniach i na zewn\u0105trz2), na pod\u0142ogi<\/li>\n<li>Spe\u0142nia wymagania CT-C25-F5 zgodnie z norm\u0105 PN-EN 13813<\/li>\n<li>Produkt o niskiej zawarto\u015bci chromian\u00f3w zgodnie z Rozporz\u0105dzeniem (WE) Nr 1907\/2006, za\u0142\u0105cznik XVII<\/li>\n<\/ul>\n<h3><img loading=\"lazy\" decoding=\"async\" class=\"wp-image-20908 size-full aligncenter\" src=\"https:\/\/e-adams.pl\/wp-content\/uploads\/2023\/09\/sopro-floor-ws-3.70-grafika.png\" alt=\"\" width=\"611\" height=\"611\" title=\"\"><\/h3>\n<h3>W\u0142a\u015bciwo\u015bci:<\/h3>\n<p>Sopro FLOOR WS 3.70 jest cementow\u0105, samopoziomuj\u0105c\u0105, szybkowi\u0105\u017c\u0105c\u0105 wylewk\u0105 do pod\u0142\u00f3g, do wykonywania r\u00f3wnych i g\u0142adkich powierzchni w pomieszczeniach oraz mas\u0105 szpachlow\u0105 do kszta\u0142towania spadk\u00f3w. Mo\u017cliwo\u015b\u0107 wylewania pomp\u0105 do mas samopoziomuj\u0105cych. Sopro WS 3.70 cechuje bardzo dobra rozp\u0142ywno\u015b\u0107, wysoka wytrzyma\u0142o\u015b\u0107 oraz przyczepno\u015b\u0107 do pod\u0142o\u017ca.<\/p>\n<h3>Zastosowanie:<\/h3>\n<p>Jako wylewka samopoziomuj\u0105ca do wyr\u00f3wnywania pod\u0142o\u017cy mineralnych oraz do wytwarzania r\u00f3wnych i g\u0142adkich powierzchni w pomieszczeniach, pod wszelkiego rodzaju ok\u0142adziny ceramiczne i z kamienia naturalnego, wyk\u0142adziny tekstylne i elastyczne, parkiet oraz jako stabilna masa szpachlowa do kszta\u0142towania spadk\u00f3w do 4% w pomieszczeniach wilgotnych i mokrych, na balkonach, tarasach itp. Tworzy optymalne, r\u00f3wne pod\u0142o\u017ce pod nast\u0119pnie wykonywane uszczelnienie zespolone. W pomieszczeniach i na zewn\u0105trz. W obszarach zewn\u0119trznych wykonana wylewka musi zosta\u0107 odpowiednio zabezpieczona\/uszczelniona (np. Sopro TDS 823, Sopro DSF\u00ae 423\/523\/623, Sopro AEB\u00ae plus).<\/p>\n<h3>Zalecane pod\u0142o\u017ca:<\/h3>\n<p>Jastrychy cementowe; powierzchnie z betonu i betonu nieobrobionego (sezonowane co najmniej 3 m-ce); istniej\u0105ce, trwa\u0142e ok\u0142adziny ceramiczne, z kamienia naturalnego, lastrico; drewno; jastrychy magnezjowe oraz jastrychy anhydrytowe.<\/p>\n<h3>Przygotowanie pod\u0142o\u017ca:<\/h3>\n<p>Pod\u0142o\u017ca musz\u0105 by\u0107 czyste, trwa\u0142e, no\u015bne, odporne na odkszta\u0142cenia, pozbawione warstw zmniejszaj\u0105cych przyczepno\u015b\u0107 (jak np. kurz, olej, wosk, \u015brodki antyadhezyjne, wykwity, spieki, pozosta\u0142o\u015bci farb i lakier\u00f3w, resztki klej\u00f3w do wyk\u0142adzin pod\u0142ogowych). Rysy wyst\u0119puj\u0105ce w jastrychu nale\u017cy sklei\u0107 (zszy\u0107 za pomoc\u0105 klamer) \u017cywic\u0105 Sopro SH 649. Jastrychy cementowe musz\u0105 by\u0107 sezonowane min. 28 dni i by\u0107 suche tzn. wykazywa\u0107 wilgotno\u015b\u0107 poni\u017cej 2% wag. Jastrychy wykonane z zastosowaniem szybkowi\u0105\u017c\u0105cych spoiw np. Sopro Rapidur\u00ae B5 s\u0105 gotowe do uk\u0142adania p\u0142ytek ju\u017c po 3 dniach. Ogrzewane jastrychy cementowe przed rozpocz\u0119ciem uk\u0142adania musz\u0105 zosta\u0107 poddane procedurze wygrzewania wst\u0119pnego i uzyska\u0107 wynik pomiaru wilgotno\u015bci \u2264 2,0% wag. Po obwodzie \u015bcian i element\u00f3w konstrukcyjnych, przechodz\u0105cych przez posadzk\u0119 zamontowa\u0107 ta\u015bm\u0119 dylatacji brzegowej, aby zapobiec powstawaniu napr\u0119\u017ce\u0144 i wyp\u0142ywaniu jastrychu. Pod\u0142o\u017ca drewniane musz\u0105 by\u0107 trwale suche, wentylowane, stabilne, przymocowane wkr\u0119tami. W przypadku pod\u0142o\u017cy drewnianych, po szpachlowaniu wyr\u00f3wnuj\u0105cym do 20 mm grubo\u015bci warstwy, zalecamy zastosowanie p\u0142yt Sopro FDP 558 o grubo\u015bci 4\/7\/9\/12 mm (patrz: karta techniczna produktu), dla zwi\u0119kszenia sztywno\u015bci pod\u0142o\u017ca i poprawy izolacyjno\u015bci akustycznej. Ok\u0142adzina uk\u0142adana jest bezpo\u015brednio na p\u0142ytach Sopro FDP 558. Masa<br \/>\nszpachlowa w grubo\u015bci warstwy powy\u017cej 20 mm mo\u017ce by\u0107 nak\u0142adana bez p\u0142yt Sopro FDP. W przypadku warstwy o grubo\u015bci od 10 mm alternatywnie zalecamy zastosowanie siatki zbroj\u0105cej pancernej Sopro PG-X 1188 zgodnie z kart\u0105 techniczn\u0105. W zastosowaniu wraz z t\u0105 siatk\u0105 do przygotowania wylewki Sopro FLOOR WS 3.70 nale\u017cy u\u017cy\u0107 maksymalnej ilo\u015bci wody zarobowej, podanej w karcie technicznej. Jastrychy anhydrytowe musz\u0105 by\u0107 odpowiednio zeszlifowane, oczyszczone i zagruntowane preparatem Sopro MGR 637 lub Sopro EPG 1522 z posypk\u0105 z piasku kwarcowego Sopro QS 511. Obowi\u0105zuj\u0105 wytyczne, zalecenia i normy bran\u017cowe oraz og\u00f3lnie przyj\u0119te zasady techniki budowlanej.<\/p>\n<h3>Spos\u00f3b u\u017cycia:<\/h3>\n<p>25 kg wylewki Sopro FLOOR WS 3.70 wymiesza\u0107 mechanicznie z 4,75 \u2013 5,25 l wody, na jednolit\u0105 mas\u0119, bez grudek. Wymieszany materia\u0142 wyla\u0107 na pod\u0142og\u0119 i r\u00f3wnomiernie rozprowadzi\u0107 przy pomocy rakli lub pacy na przygotowanym pod\u0142o\u017cu, mo\u017cliwie w jednym cyklu roboczym. Dla uzyskania powierzchni bez p\u0119cherzyk\u00f3w powietrza, w zale\u017cno\u015bci od grubo\u015bci warstwy, \u015bwie\u017c\u0105 mas\u0119 samopoziomuj\u0105c\u0105 nale\u017cy przewalcowa\u0107 odpowiednim walcem kolczastym. \u015awie\u017c\u0105 wylewk\u0119 chroni\u0107 przed przeci\u0105gami i bezpo\u015brednim nas\u0142onecznieniem. Do wykonania powierzchni ze spadkiem ilo\u015b\u0107 wody zredukowa\u0107 do 3,5 &#8211; 4,0 l na 25 kg Sopro FLOOR WS 3.70. Wymagan\u0105 grubo\u015b\u0107 warstwy w miar\u0119 mo\u017cliwo\u015bci na\u0142o\u017cy\u0107 w jednym cyklu pracy. W pomieszczeniach wilgotnych i mokrych oraz w zastosowaniach zewn\u0119trznych na warstwie szpachli nale\u017cy wykona\u0107 uszczelnienie za pomoc\u0105 np. Sopro FDF 525 (tylko w pomieszczeniach), Sopro DSF\u00ae 423\/523\/RS 623 lub Sopro TDS 823. W przypadku du\u017cych powierzchni szpachla mo\u017ce by\u0107 wymieszana i nanoszona przy pomocy pompy. Z regu\u0142y szpachlowana powierzchnia nie wymaga szlifowania, poniewa\u017c dzi\u0119ki uniwersalnej konsystencji Sopro FLOOR WS 3.70 jest odpowiednio g\u0142adka.<\/p>\n<h3>Grubo\u015b\u0107 warstw:<\/h3>\n<p>Od 3 do 70 mm<\/p>\n<h3>Proporcje mieszania:<\/h3>\n<p>Jako wylewka samopoziomuj\u0105ca 4,75 \u2013 5,25 l wody \/ 25 kg Sopro FLOOR WS 3.70 extreme<br \/>\nJako szpachla do kszta\u0142towania spadk\u00f3w 3,5 \u2013 4,0 l wody \/ 25 kg Sopro FLOOR WS 3.70 extreme<\/p>\n<h3>Czas u\u017cycia:<\/h3>\n<p>30 \u2013 40 minut<\/p>\n<h3>Temperatura stosowania:<\/h3>\n<p>Od +5\u00b0C do +25\u00b0C (pod\u0142o\u017ce, powietrze, materia\u0142)<\/p>\n<h3>Zu\u017cycie:<\/h3>\n<p>Ok. 1,7 kg\/m2 na 1 mm grubo\u015bci warstwy<\/p>\n","protected":false},"excerpt":{"rendered":"<p>Szybkowi\u0105\u017c\u0105ca, elastyczna wylewka samopoziomuj\u0105ca SOPRO FLOOR WS 3.70 EXTREME 3-70mm z w\u0142\u00f3knami, idealna pod r\u00f3\u017cne ok\u0142adziny pod\u0142ogowe, z regulowalnymi parametrami dzi\u0119ki ilo\u015bci wody.<\/p>\n","protected":false},"featured_media":20905,"comment_status":"open","ping_status":"closed","template":"","meta":{"_acf_changed":false,"inline_featured_image":false},"product_cat":[285],"product_tag":[1759,1758,1755,1756,1754,1757],"class_list":{"0":"post-20854","1":"product","2":"type-product","3":"status-publish","4":"has-post-thumbnail","6":"product_cat-silikony-i-uszczelniacze","7":"product_tag-cementowa","8":"product_tag-elastyczna","9":"product_tag-sopro-floor-ws-3-70-extreme-3-70mm","10":"product_tag-szybkowiazaca","11":"product_tag-wylewka-samopoziomujaca","12":"product_tag-wzmocniona-wloknami","14":"first","15":"instock","16":"shipping-taxable","17":"purchasable","18":"product-type-simple"},"acf":[],"_links":{"self":[{"href":"https:\/\/e-adams.pl\/de\/wp-json\/wp\/v2\/product\/20854","targetHints":{"allow":["GET"]}}],"collection":[{"href":"https:\/\/e-adams.pl\/de\/wp-json\/wp\/v2\/product"}],"about":[{"href":"https:\/\/e-adams.pl\/de\/wp-json\/wp\/v2\/types\/product"}],"replies":[{"embeddable":true,"href":"https:\/\/e-adams.pl\/de\/wp-json\/wp\/v2\/comments?post=20854"}],"wp:featuredmedia":[{"embeddable":true,"href":"https:\/\/e-adams.pl\/de\/wp-json\/wp\/v2\/media\/20905"}],"wp:attachment":[{"href":"https:\/\/e-adams.pl\/de\/wp-json\/wp\/v2\/media?parent=20854"}],"wp:term":[{"taxonomy":"product_cat","embeddable":true,"href":"https:\/\/e-adams.pl\/de\/wp-json\/wp\/v2\/product_cat?post=20854"},{"taxonomy":"product_tag","embeddable":true,"href":"https:\/\/e-adams.pl\/de\/wp-json\/wp\/v2\/product_tag?post=20854"}],"curies":[{"name":"wp","href":"https:\/\/api.w.org\/{rel}","templated":true}]}}