{"id":20936,"date":"2023-09-12T12:10:44","date_gmt":"2023-09-12T10:10:44","guid":{"rendered":"https:\/\/e-adams.pl\/produkt\/admix-plastyfikator-16g-powermix\/"},"modified":"2024-07-15T11:31:15","modified_gmt":"2024-07-15T09:31:15","slug":"plastyfikator-do-zapraw-jurga-admix-powder-16g","status":"publish","type":"product","link":"https:\/\/e-adams.pl\/de\/produkt\/plastyfikator-do-zapraw-jurga-admix-powder-16g\/","title":{"rendered":"Plastyfikator Do Zapraw JURGA ADMIX Powder &#8211; 16g"},"content":{"rendered":"<h3>Opis:<\/h3>\n<p>Plastyfikator do zapraw murarskich i tynkarskich ADMIX POWDER jest stosowany podczas wykonywania wszelkich prac cementowych lub murarskich. Preparat zwi\u0119ksza plastyczno\u015b\u0107 i obj\u0119to\u015b\u0107, przez to zmniejsza koszty zaprawy oraz u\u0142atwia nak\u0142adanie na \u015bcian\u0119 lub mur. Plastyfikator w proszku u\u017cywany jest do zapraw murarskich i tynkarskich.<\/p>\n<h2>W\u0141A\u015aCIWO\u015aCI:<\/h2>\n<p>Domieszka w proszku do zapraw murarskich i tynkarskich. Preparat napowietrza zapraw\u0119, uplastyczniaj\u0105c i zwi\u0119kszaj\u0105c urabialno\u015b\u0107. Plastyfikator zwi\u0119ksza jednorodno\u015b\u0107, kleisto\u015b\u0107 oraz przyczepno\u015b\u0107 zaprawy do \u015bcian, mur\u00f3w oraz innych rodzaj\u00f3w pod\u0142o\u017ca. Zwi\u0119ksza odporno\u015b\u0107 zaprawy na niskie temperatury. \u015arodek ADMIX zwi\u0119ksza napowietrza zapraw\u0119, zwi\u0119kszaj\u0105c jej obj\u0119to\u015b\u0107 o ok. 10-15%.<\/p>\n<h2>ZASTOSOWANIE:<\/h2>\n<p>Preparat mo\u017cna stosowa\u0107 z wszystkimi cementami normowymi. Preparat jest stosowany jako plastyfikator w proszku do zapraw cementowych, murarskich oraz tynkarskich. Po dodaniu do mieszanki zwi\u0119ksza jej obj\u0119to\u015b\u0107, uplastyczniaj\u0105c przy tym zapraw\u0119.<\/p>\n<h3>Najwa\u017cniejsze zalety plastyfikatora do zapraw ADMIX POWDER :<\/h3>\n<ul>\n<li>Zwi\u0119ksza plastyczno\u015b\u0107 mieszanki, dzi\u0119ki czemu jest ona \u0142atwiejsza w stosowaniu.<\/li>\n<li>Poprawia poziom obj\u0119to\u015bci mieszanki.<\/li>\n<li>Zwi\u0119ksza urabialno\u015b\u0107 zapraw, u\u0142atwiaj\u0105c nak\u0142adanie i formowanie jej na \u015bcianach i murach.<\/li>\n<li>Niska podatno\u015b\u0107 na wyst\u0119powanie wykwit\u00f3w.<\/li>\n<li>Nie powoduje korozji element\u00f3w metalowych.<\/li>\n<li>Redukcja zu\u017cycia wody zarobowej.<\/li>\n<li>Nie osiada pod ci\u0119\u017carem cegie\u0142 lub bloczk\u00f3w.<\/li>\n<li>Znacznie zmniejsza koszty transportu i budowy.<\/li>\n<li>Zwi\u0119ksza odporno\u015b\u0107 zaprawy na niskie temperatury.<\/li>\n<\/ul>\n<h2>Spos\u00f3b u\u017cycia:<\/h2>\n<p>Plastyfikator w proszku nale\u017cy dozowa\u0107 jednocze\u015bnie z wod\u0105 zarobow\u0105. Sugerowane zu\u017cycie to 16 g (jedna saszetka) na 50 kg cementu. Dozowa\u0107 w stosunku 0,03-0,06% w stosunku do wagi cementu. Pami\u0119ta\u0107 o dok\u0142adnym wymieszaniu. Proszek przechowywa\u0107 i transportowa\u0107 w oryginalnych i szczelnie zamkni\u0119tych opakowaniach, w temperaturze od +5\u00b0C do +25\u00b0C.<\/p>\n","protected":false},"excerpt":{"rendered":"<p>JURGA ADMIX POWDER to plastyfikator w proszku do zapraw cementowych \u2013 murarskich i tynkarskich.<\/p>\n","protected":false},"featured_media":21382,"comment_status":"open","ping_status":"closed","template":"","meta":{"_acf_changed":false,"inline_featured_image":false},"product_cat":[280],"product_tag":[1787,1638,1788],"class_list":{"0":"post-20936","1":"product","2":"type-product","3":"status-publish","4":"has-post-thumbnail","6":"product_cat-dodatki-do-zapraw-i-betonow","7":"product_tag-admix-powermix","8":"product_tag-plastyfikator-do-zapraw","9":"product_tag-zwiekszona-plastycznosc","11":"first","12":"instock","13":"shipping-taxable","14":"purchasable","15":"product-type-simple"},"acf":[],"_links":{"self":[{"href":"https:\/\/e-adams.pl\/de\/wp-json\/wp\/v2\/product\/20936","targetHints":{"allow":["GET"]}}],"collection":[{"href":"https:\/\/e-adams.pl\/de\/wp-json\/wp\/v2\/product"}],"about":[{"href":"https:\/\/e-adams.pl\/de\/wp-json\/wp\/v2\/types\/product"}],"replies":[{"embeddable":true,"href":"https:\/\/e-adams.pl\/de\/wp-json\/wp\/v2\/comments?post=20936"}],"wp:featuredmedia":[{"embeddable":true,"href":"https:\/\/e-adams.pl\/de\/wp-json\/wp\/v2\/media\/21382"}],"wp:attachment":[{"href":"https:\/\/e-adams.pl\/de\/wp-json\/wp\/v2\/media?parent=20936"}],"wp:term":[{"taxonomy":"product_cat","embeddable":true,"href":"https:\/\/e-adams.pl\/de\/wp-json\/wp\/v2\/product_cat?post=20936"},{"taxonomy":"product_tag","embeddable":true,"href":"https:\/\/e-adams.pl\/de\/wp-json\/wp\/v2\/product_tag?post=20936"}],"curies":[{"name":"wp","href":"https:\/\/api.w.org\/{rel}","templated":true}]}}