{"id":20937,"date":"2023-09-12T12:10:45","date_gmt":"2023-09-12T10:10:45","guid":{"rendered":"https:\/\/e-adams.pl\/produkt\/af-arch-flex-tasma-katownik-do-lukow-15mb\/"},"modified":"2025-06-23T13:03:04","modified_gmt":"2025-06-23T11:03:04","slug":"tasma-do-lukow-af-arch-flex-15m","status":"publish","type":"product","link":"https:\/\/e-adams.pl\/de\/produkt\/tasma-do-lukow-af-arch-flex-15m\/","title":{"rendered":"Ta\u015bma do \u0142uk\u00f3w AF ARCH-FLEX 15m"},"content":{"rendered":"<h3>OPIS:<\/h3>\n<p>Ta\u015bma do \u0142uk\u00f3w AF ARCH-FLEX stosuje si\u0119 przy wyka\u0144czaniu wszelkiego rodzaju \u0142uk\u00f3w, okr\u0119g\u00f3w oraz naro\u017cnik\u00f3w o dowolnym k\u0105cie rozwarcia, np. w okolicach okien lub drzwi.<\/p>\n<p>Ta\u015bma wyr\u00f3wnuje, prostuje i usztywnia skomplikowane, trudne do wyprowadzenia rogi zewn\u0119trzne i naro\u017cniki wewn\u0119trzne \u015bcian i sufit\u00f3w. ARCH-FLEX znajduje zastosowanie tam gdzie naro\u017cniki wewn\u0119trzne lub rogi zewn\u0119trzne \u015bcian przechodz\u0105<br \/>\nz linii prostych w \u0142uki.<\/p>\n<h3>Spos\u00f3b u\u017cycia:<\/h3>\n<p>1. Zmierz dok\u0142adnie ca\u0142\u0105 powierzchni\u0119, na kt\u00f3rej masz<br \/>\nzastosowa\u0107 ta\u015bm\u0119-k\u0105townik.<br \/>\n2. Utnij ta\u015bm\u0119 ARCH-FLEX na odpowiedni\u0105 d\u0142ugo\u015b\u0107,<br \/>\nprzytnij ko\u0144c\u00f3wki pod k\u0105tem 45 stopni, nast\u0119pnie<br \/>\nz\u0142\u00f3\u017c j\u0105 na p\u00f3\u0142.<br \/>\n3. Je\u015bli u\u017cywasz ARCH-FLEX przechodz\u0105c z kraw\u0119dzi prostej do \u0142uku, zaznacz punkt przej\u015bcia przed zainstalowaniem i usu\u0144 zewn\u0119trzny pasek w punkcie przej\u015bcia.<br \/>\n4. Zainstaluj k\u0105townik, stosuj\u0105c mas\u0119 gipsow\u0105 w miejscu przeznaczenia.<br \/>\n5. Usu\u0144 nadmiar masy, u\u017cywaj\u0105c szpachelki i dostosuj<br \/>\ndo g\u0142adkiej krzywej. Drugie pokrycie mas\u0105 mo\u017ce by\u0107<br \/>\nzastosowane po wyschni\u0119ciu pierwszego.<\/p>\n","protected":false},"excerpt":{"rendered":"<p>Ta\u015bma do \u0142uk\u00f3w AF ARCH-FLEX stosuje si\u0119 przy wyka\u0144czaniu wszelkiego rodzaju \u0142uk\u00f3w, okr\u0119g\u00f3w oraz naro\u017cnik\u00f3w o dowolnym k\u0105cie rozwarcia, np. w okolicach okien lub drzwi. Ta\u015bma wyr\u00f3wnuje, prostuje i usztywnia skomplikowane, trudne do wyprowadzenia rogi zewn\u0119trzne i naro\u017cniki wewn\u0119trzne \u015bcian i sufit\u00f3w.<\/p>\n","protected":false},"featured_media":22093,"comment_status":"open","ping_status":"closed","template":"","meta":{"_acf_changed":false,"inline_featured_image":false},"product_cat":[2282],"product_tag":[2064,2052,2065],"class_list":{"0":"post-20937","1":"product","2":"type-product","3":"status-publish","4":"has-post-thumbnail","6":"product_cat-tasmy-i-flizeliny","7":"product_tag-af-arch-flex","8":"product_tag-center-flex","9":"product_tag-tasma-do-lukow","11":"first","12":"instock","13":"shipping-taxable","14":"product-type-simple"},"acf":[],"_links":{"self":[{"href":"https:\/\/e-adams.pl\/de\/wp-json\/wp\/v2\/product\/20937","targetHints":{"allow":["GET"]}}],"collection":[{"href":"https:\/\/e-adams.pl\/de\/wp-json\/wp\/v2\/product"}],"about":[{"href":"https:\/\/e-adams.pl\/de\/wp-json\/wp\/v2\/types\/product"}],"replies":[{"embeddable":true,"href":"https:\/\/e-adams.pl\/de\/wp-json\/wp\/v2\/comments?post=20937"}],"wp:featuredmedia":[{"embeddable":true,"href":"https:\/\/e-adams.pl\/de\/wp-json\/wp\/v2\/media\/22093"}],"wp:attachment":[{"href":"https:\/\/e-adams.pl\/de\/wp-json\/wp\/v2\/media?parent=20937"}],"wp:term":[{"taxonomy":"product_cat","embeddable":true,"href":"https:\/\/e-adams.pl\/de\/wp-json\/wp\/v2\/product_cat?post=20937"},{"taxonomy":"product_tag","embeddable":true,"href":"https:\/\/e-adams.pl\/de\/wp-json\/wp\/v2\/product_tag?post=20937"}],"curies":[{"name":"wp","href":"https:\/\/api.w.org\/{rel}","templated":true}]}}