{"id":20938,"date":"2023-09-12T12:10:46","date_gmt":"2023-09-12T10:10:46","guid":{"rendered":"https:\/\/e-adams.pl\/produkt\/arbolex-u-5kg-masa-bitumiczna\/"},"modified":"2024-07-15T11:31:12","modified_gmt":"2024-07-15T09:31:12","slug":"masa-bitumiczna-den-braven-den-bit-u-5kg","status":"publish","type":"product","link":"https:\/\/e-adams.pl\/de\/produkt\/masa-bitumiczna-den-braven-den-bit-u-5kg\/","title":{"rendered":"Masa bitumiczna DEN BRAVEN Den Bit-U 5kg"},"content":{"rendered":"<h3>OPIS:<\/h3>\n<p>Masa bitumiczna DEN BRAVEN Den Bit-U kt\u00f3rej zadaniem jest w \u00a0szczeg\u00f3lno\u015bci naprawa przeciek\u00f3w i wype\u0142nianie ubytk\u00f3w w starych pokryciach papowych. Uszczelnianie po\u0142\u0105cze\u0144 obr\u00f3bek blacharskich i blach. Wyr\u00f3wnywanie powierzchni.<\/p>\n<h3>DANE TECHNICZNE:<\/h3>\n<p>\u2022 KLEJENIE pap tradycyjnych na zimno (bez ognia)<br \/>\n\u2022 MODYFIKOWANY kauczukiem syntetycznym<br \/>\n\u2022 Z dodatkiem zwi\u0105zk\u00f3w chemicznych poprawiaj\u0105cych PRZYCZEPNO\u015a\u0106 do pod\u0142o\u017ca<br \/>\n\u2022 Na SUCHE i lekko WILGOTNE pod\u0142o\u017ca<br \/>\n\u2022 ELASTYCZNO-PLASTYCZNY<br \/>\n\u2022 ODPORNY na dzia\u0142anie WODY<br \/>\n\u2022 Zawiera rozpuszczalnik<br \/>\n\u2022 Wysoce MODYFIKOWANA kauczukiem syntetycznym<br \/>\n\u2022 ZBROJONA W\u0141\u00d3KNAMI (KOMPENSACJA znacznych ruch\u00f3w pod\u0142o\u017ca)<br \/>\n\u2022 CA\u0141KOWITA ODPORNO\u015a\u0106 na wod\u0119 i zwi\u0105zki zawarte w ziemi<br \/>\n\u2022 Na SUCHE i lekko WILGOTNE pod\u0142o\u017ca<br \/>\n\u2022 Zawiera rozpuszczalnik<\/p>\n","protected":false},"excerpt":{"rendered":"<p>Masa bitumiczna DEN BRAVEN Den Bit-U kt\u00f3rej zadaniem jest w \u00a0szczeg\u00f3lno\u015bci naprawa przeciek\u00f3w i wype\u0142nianie ubytk\u00f3w w starych pokryciach papowych. Uszczelnianie po\u0142\u0105cze\u0144 obr\u00f3bek blacharskich i blach. Wyr\u00f3wnywanie powierzchni.<\/p>\n","protected":false},"featured_media":22204,"comment_status":"open","ping_status":"closed","template":"","meta":{"_acf_changed":false,"inline_featured_image":false},"product_cat":[1472],"product_tag":[955,2121],"class_list":{"0":"post-20938","1":"product","2":"type-product","3":"status-publish","4":"has-post-thumbnail","6":"product_cat-masy-uszczelniajace","7":"product_tag-den-braven","8":"product_tag-masa-bitumiczna","10":"first","11":"instock","12":"shipping-taxable","13":"purchasable","14":"product-type-simple"},"acf":[],"_links":{"self":[{"href":"https:\/\/e-adams.pl\/de\/wp-json\/wp\/v2\/product\/20938","targetHints":{"allow":["GET"]}}],"collection":[{"href":"https:\/\/e-adams.pl\/de\/wp-json\/wp\/v2\/product"}],"about":[{"href":"https:\/\/e-adams.pl\/de\/wp-json\/wp\/v2\/types\/product"}],"replies":[{"embeddable":true,"href":"https:\/\/e-adams.pl\/de\/wp-json\/wp\/v2\/comments?post=20938"}],"wp:featuredmedia":[{"embeddable":true,"href":"https:\/\/e-adams.pl\/de\/wp-json\/wp\/v2\/media\/22204"}],"wp:attachment":[{"href":"https:\/\/e-adams.pl\/de\/wp-json\/wp\/v2\/media?parent=20938"}],"wp:term":[{"taxonomy":"product_cat","embeddable":true,"href":"https:\/\/e-adams.pl\/de\/wp-json\/wp\/v2\/product_cat?post=20938"},{"taxonomy":"product_tag","embeddable":true,"href":"https:\/\/e-adams.pl\/de\/wp-json\/wp\/v2\/product_tag?post=20938"}],"curies":[{"name":"wp","href":"https:\/\/api.w.org\/{rel}","templated":true}]}}