{"id":20939,"date":"2023-09-12T12:10:47","date_gmt":"2023-09-12T10:10:47","guid":{"rendered":"https:\/\/e-adams.pl\/produkt\/atlas-gipsar-go-gladz-finiszowa-18kg\/"},"modified":"2024-05-10T11:02:24","modified_gmt":"2024-05-10T09:02:24","slug":"gladz-finiszowa-atlas-gipsar-go-18kg","status":"publish","type":"product","link":"https:\/\/e-adams.pl\/de\/produkt\/gladz-finiszowa-atlas-gipsar-go-18kg\/","title":{"rendered":"G\u0142ad\u017a finiszowa ATLAS GIPSAR GO 18kg"},"content":{"rendered":"<h3>OPIS:<\/h3>\n<p>G\u0142ad\u017a finiszowa <strong>ATLAS GIPSAR GO<\/strong> charakteryzuje si\u0119 gotow\u0105 do u\u017cywania bezpy\u0142ow\u0105 mas\u0105, kt\u00f3r\u0105 aplikujesz wprost na powierzchnie. Dzi\u0119ki zastosowaniu tej g\u0142adzi zyskasz idealnie g\u0142adkie powierzchnie, przygotowane do dalszego wyko\u0144czenia \u2013 np. za pomoc\u0105 farb. Mas\u0119 da si\u0119 stosowa\u0107 r\u0119cznie albo z wykorzystaniem plastikowych narz\u0119dzi.<\/p>\n<h2><b>G\u0142\u00f3wne w\u0142a\u015bciwo\u015bci<\/b><\/h2>\n<ul>\n<li>mo\u017cliwo\u015b\u0107 zastosowania bardzo cienkiej warstwy &#8211; pozwala dostosowa\u0107 ilo\u015bci nak\u0142adanego materia\u0142u do w\u0142a\u015bciwo\u015bci pod\u0142o\u017ca i zmniejszy\u0107 jego zu\u017cycie<\/li>\n<li>elastyczna i odporna na sp\u0119kania \u2013 warstwa utwardzonego materia\u0142u jest odporna na p\u0119kni\u0119cia, zar\u00f3wno podczas wi\u0105zania i wysychania g\u0142adzi, jak i w trakcie jej eksploatacji<\/li>\n<li>wysoka przyczepno\u015b\u0107 do pod\u0142o\u017ca \u2013 uzyskana dzi\u0119ki odpowiedniej zawarto\u015bci polimer\u00f3w.<\/li>\n<li>\u0142atwa do malowania \u2013 jednolity, \u015bnie\u017cnobia\u0142y kolor powierzchni g\u0142adzi u\u0142atwia jej pomalowanie, ni\u017csze jest zar\u00f3wno zu\u017cycie farby, jak i koszty samego malowania<\/li>\n<\/ul>\n<h3>DANE TECHNICZNE:<\/h3>\n<p>\u2022 Rodzaj produktu: g\u0142ad\u017a<br \/>\n\u2022 Rodzaj opakowania: wiadro<br \/>\n\u2022 Waga: 18 kg<br \/>\n\u2022 Kod producenta: 5905400601138<br \/>\n\u2022 Rodzaje tynk\u00f3w: mineralne, wewn\u0119trzne<\/p>\n","protected":false},"excerpt":{"rendered":"<p>G\u0142ad\u017a finiszowa ATLAS GIPSAR GO charakteryzuje si\u0119 gotow\u0105 do u\u017cywania bezpy\u0142ow\u0105 mas\u0105, kt\u00f3r\u0105 aplikujesz wprost na powierzchnie. Dzi\u0119ki zastosowaniu tej g\u0142adzi zyskasz idealnie g\u0142adkie powierzchnie, przygotowane do dalszego wyko\u0144czenia \u2013 np. za pomoc\u0105 farb. Mas\u0119 da si\u0119 stosowa\u0107 r\u0119cznie albo z wykorzystaniem plastikowych narz\u0119dzi.<\/p>\n","protected":false},"featured_media":22432,"comment_status":"open","ping_status":"closed","template":"","meta":{"_acf_changed":false,"inline_featured_image":false},"product_cat":[275],"product_tag":[265,2239,2240],"class_list":{"0":"post-20939","1":"product","2":"type-product","3":"status-publish","4":"has-post-thumbnail","6":"product_cat-gipsy-zaprawy","7":"product_tag-atlas","8":"product_tag-gipsar-go","9":"product_tag-gladz-finiszowa","11":"first","12":"outofstock","13":"shipping-taxable","14":"purchasable","15":"product-type-simple"},"acf":[],"_links":{"self":[{"href":"https:\/\/e-adams.pl\/de\/wp-json\/wp\/v2\/product\/20939","targetHints":{"allow":["GET"]}}],"collection":[{"href":"https:\/\/e-adams.pl\/de\/wp-json\/wp\/v2\/product"}],"about":[{"href":"https:\/\/e-adams.pl\/de\/wp-json\/wp\/v2\/types\/product"}],"replies":[{"embeddable":true,"href":"https:\/\/e-adams.pl\/de\/wp-json\/wp\/v2\/comments?post=20939"}],"wp:featuredmedia":[{"embeddable":true,"href":"https:\/\/e-adams.pl\/de\/wp-json\/wp\/v2\/media\/22432"}],"wp:attachment":[{"href":"https:\/\/e-adams.pl\/de\/wp-json\/wp\/v2\/media?parent=20939"}],"wp:term":[{"taxonomy":"product_cat","embeddable":true,"href":"https:\/\/e-adams.pl\/de\/wp-json\/wp\/v2\/product_cat?post=20939"},{"taxonomy":"product_tag","embeddable":true,"href":"https:\/\/e-adams.pl\/de\/wp-json\/wp\/v2\/product_tag?post=20939"}],"curies":[{"name":"wp","href":"https:\/\/api.w.org\/{rel}","templated":true}]}}