{"id":20942,"date":"2023-09-12T12:10:49","date_gmt":"2023-09-12T10:10:49","guid":{"rendered":"https:\/\/e-adams.pl\/produkt\/atlas-gta-biala-gladz-polimerowa-5kg\/"},"modified":"2024-07-15T11:31:20","modified_gmt":"2024-07-15T09:31:20","slug":"biala-gladz-polimerowa-atlas-gta-5kg","status":"publish","type":"product","link":"https:\/\/e-adams.pl\/de\/produkt\/biala-gladz-polimerowa-atlas-gta-5kg\/","title":{"rendered":"Bia\u0142a g\u0142ad\u017a polimerowa ATLAS GTA &#8211; 5kg"},"content":{"rendered":"<h3>Opis:<\/h3>\n<p>Masa g\u0142adzi polimerowej jest \u015bnie\u017cnobia\u0142a i idealnie g\u0142adka. Nie wymaga \u017cadnych bez poprawek, dzi\u0119ki spoiwom \u017cywicznym, wype\u0142niaczom mineralnym o optymalnym uziarnieniu i dodatkom modyfikuj\u0105cym, kt\u00f3rych u\u017cyto do jej produkcji. G\u0142adka konsystencja doskonale si\u0119 nak\u0142ada i profiluje. Elastyczno\u015b\u0107 gotowej masy Atlas GTA pozwala uzyska\u0107 g\u0142adk\u0105 powierzchni\u0119 ju\u017c od pierwszego zaci\u0105gni\u0119cia, a drug\u0105 warstw\u0119 mo\u017cna nak\u0142ada\u0107 ju\u017c po 2h.<\/p>\n<p>Doskona\u0142e w\u0142a\u015bciwo\u015bci produktu sprawiaj\u0105, \u017ce si\u0119ga po niego wielu klient\u00f3w indywidualnych oraz fachowc\u00f3w. Atlas Gotowa G\u0142ad\u017a Polimerowa GTA 5 kg tworzy idealnie bia\u0142e, g\u0142adkie pow\u0142oki o wysokiej wytrzyma\u0142o\u015bci, przyczepno\u015bci do pod\u0142o\u017ca oraz odporno\u015bci na p\u0119kanie. Dzi\u0119ki odpowiedniej konsystencji jest \u0142atwa w nak\u0142adaniu i profilowaniu. Produkt mo\u017cna nak\u0142ada\u0107 za pomoc\u0105 wa\u0142ka i pacy, a tak\u017ce metod\u0105 natryskow\u0105. Gotowa pow\u0142oka nadaje si\u0119 do szlifowania r\u0119cznego oraz mechanicznego.<\/p>\n<h2>Zu\u017cycie:<\/h2>\n<p>Wykonywanie g\u0142adzi: \u015brednio zu\u017cywa si\u0119 ok. 1,0 kg masy na 1 m2 na jedn\u0105 warstw\u0119, w zale\u017cno\u015bci od aplikowanej grubo\u015bci i jako\u015bci pod\u0142o\u017ca. Spoinowanie p\u0142yt: \u015brednio zu\u017cywa si\u0119 ok. 0,5 kg na 1 mb po\u0142\u0105czenia p\u0142yt gipsowo-kartonowych. (zu\u017cycie zale\u017cy od grubo\u015bci oraz kszta\u0142tu i sposobu profilowania kraw\u0119dzi p\u0142yt gipsowo-kartonowych).<\/p>\n<h3>Informacje techniczne:<\/h3>\n<ul>\n<li>Przeznaczenie: Do \u015bcian albo sufit\u00f3w<\/li>\n<li>Zastosowanie: wewn\u0105trz<\/li>\n<li>Wysoko\u015b\u0107 wyr\u00f3wnuj\u0105ca: Do 3<\/li>\n<li>Zawarto\u015b\u0107: 5 kg<\/li>\n<li>Wysoko\u015b\u0107: 24,4 cm<\/li>\n<li>Szeroko\u015b\u0107: 34,5 cm<\/li>\n<li>G\u0142\u0119boko\u015b\u0107 \/ Grubo\u015b\u0107: 26,5 cm<\/li>\n<\/ul>\n","protected":false},"excerpt":{"rendered":"<p>Masa g\u0142adzi polimerowej ATLAS GTA jest \u015bnie\u017cnobia\u0142a i idealnie g\u0142adka. Nie wymaga \u017cadnych bez poprawek, dzi\u0119ki spoiwom \u017cywicznym, wype\u0142niaczom mineralnym o optymalnym uziarnieniu i dodatkom modyfikuj\u0105cym, kt\u00f3rych u\u017cyto do jej produkcji. G\u0142adka konsystencja doskonale si\u0119 nak\u0142ada i profiluje.<\/p>\n","protected":false},"featured_media":21384,"comment_status":"open","ping_status":"closed","template":"","meta":{"_acf_changed":false,"inline_featured_image":false},"product_cat":[275],"product_tag":[1789,1791,1790],"class_list":{"0":"post-20942","1":"product","2":"type-product","3":"status-publish","4":"has-post-thumbnail","6":"product_cat-gipsy-zaprawy","7":"product_tag-atlas-gta","8":"product_tag-gladka-konsystencja","9":"product_tag-gladz-polimerowa","11":"first","12":"instock","13":"shipping-taxable","14":"purchasable","15":"product-type-simple"},"acf":[],"_links":{"self":[{"href":"https:\/\/e-adams.pl\/de\/wp-json\/wp\/v2\/product\/20942","targetHints":{"allow":["GET"]}}],"collection":[{"href":"https:\/\/e-adams.pl\/de\/wp-json\/wp\/v2\/product"}],"about":[{"href":"https:\/\/e-adams.pl\/de\/wp-json\/wp\/v2\/types\/product"}],"replies":[{"embeddable":true,"href":"https:\/\/e-adams.pl\/de\/wp-json\/wp\/v2\/comments?post=20942"}],"wp:featuredmedia":[{"embeddable":true,"href":"https:\/\/e-adams.pl\/de\/wp-json\/wp\/v2\/media\/21384"}],"wp:attachment":[{"href":"https:\/\/e-adams.pl\/de\/wp-json\/wp\/v2\/media?parent=20942"}],"wp:term":[{"taxonomy":"product_cat","embeddable":true,"href":"https:\/\/e-adams.pl\/de\/wp-json\/wp\/v2\/product_cat?post=20942"},{"taxonomy":"product_tag","embeddable":true,"href":"https:\/\/e-adams.pl\/de\/wp-json\/wp\/v2\/product_tag?post=20942"}],"curies":[{"name":"wp","href":"https:\/\/api.w.org\/{rel}","templated":true}]}}