{"id":20944,"date":"2023-09-12T12:10:50","date_gmt":"2023-09-12T10:10:50","guid":{"rendered":"https:\/\/e-adams.pl\/produkt\/atlas-rapid-28kg-gotowa-gladz-polimerowa\/"},"modified":"2024-05-10T11:02:18","modified_gmt":"2024-05-10T09:02:18","slug":"gotowa-gladz-polimerowa-atlas-rapid-28kg","status":"publish","type":"product","link":"https:\/\/e-adams.pl\/de\/produkt\/gotowa-gladz-polimerowa-atlas-rapid-28kg\/","title":{"rendered":"Gotowa g\u0142ad\u017a polimerowa ATLAS RAPID &#8211; 28kg"},"content":{"rendered":"<h3>Opis:<\/h3>\n<p>Gotowa g\u0142ad\u017a Rapid to produkt, kt\u00f3ry wyr\u00f3\u017cnia si\u0119 wysok\u0105 jako\u015bci\u0105. Jest niezwykle przydatny podczas prac wyko\u0144czeniowych. Ma elastyczn\u0105 formu\u0142\u0119 i jest odporny na sp\u0119kania. Dzi\u0119ki temu \u015bciana lub sufit pokryta materia\u0142em na d\u0142ugi czas zachowa swoje w\u0142a\u015bciwo\u015bci i w estetyczny spos\u00f3b b\u0119dzie trzyma\u0142 farb\u0119. Masa od razu po zakupie jest przeznaczona do u\u017cycia \u2013 nie ma konieczno\u015bci rozcie\u0144czania.<\/p>\n<h3>G\u0142\u00f3wne w\u0142a\u015bciwo\u015bci:<\/h3>\n<p>ATLAS RAPID produkowany jest jako masa polimerowa na bazie spoiw \u017cywicznych, wype\u0142niaczy mineralnych i dodatk\u00f3w modyfikuj\u0105cych<br \/>\nmo\u017cliwo\u015b\u0107 nak\u0142adania bardzo cienkiej warstwy &#8211; pozwala dostosowa\u0107 ilo\u015b\u0107 materia\u0142u do w\u0142a\u015bciwo\u015bci pod\u0142o\u017ca<br \/>\nbardzo drobne uziarnienie &#8211; umo\u017cliwia uzyskanie idealnie g\u0142adkiej powierzchni, stanowi\u0105cej doskona\u0142e pod\u0142o\u017ce pod malowanie i tapetowanie<br \/>\nwysoka przyczepno\u015b\u0107 do pod\u0142o\u017ca \u2013 uzyskana dzi\u0119ki zawarto\u015bci polimer\u00f3w<br \/>\nelastyczna i odporna na sp\u0119kania \u2013 warstwa utwardzonego materia\u0142u jest odporna na p\u0119kni\u0119cia, zar\u00f3wno podczas wi\u0105zania i wysychania g\u0142adzi, jak i w trakcie jej eksploatacji<br \/>\n\u0142atwa do malowania \u2013 jednolity, \u015bnie\u017cnobia\u0142y kolor powierzchni g\u0142adzi u\u0142atwia jej pomalowanie, ni\u017csze s\u0105 zar\u00f3wno zu\u017cycie farby, jak i koszty samego malowania<br \/>\nwygodna w u\u017cyciu \u2013 dostarczana w postaci gotowej do u\u017cycia, co umo\u017cliwia pozostawienie niewykorzystanej masy w oryginalnym opakowaniu i zastosowanie jej w p\u00f3\u017aniejszym terminie, przez ca\u0142y okres przydatno\u015bci do u\u017cycia czyli do 12 miesi\u0119cy od daty produkcji<br \/>\nefekt tiksotropowy u\u0142atwia aplikacj\u0119 &#8211; materia\u0142 pod naciskiem pacy up\u0142ynnia si\u0119 i \u0142atwiej jest go rozprowadzi\u0107 po powierzchni<br \/>\nprzystosowana do nak\u0142adania r\u0119cznego lub maszynowego:<\/p>\n<p>&#8211; nie sp\u0142ywa z narz\u0119dzi podczas aplikacji r\u0119cznej,<\/p>\n<p>&#8211; bez potrzeby dodawania wody podczas aplikacji mechanicznej<\/p>\n<h3>Informacje techniczne:<\/h3>\n<ul>\n<li>max. grubo\u015b\u0107 warstwy: 3 mm<\/li>\n<li>czas wysychania: ok. 6 h<\/li>\n<li>\u015arednio zu\u017cycie: ok. 1,0 kg masy na 1 m2.<\/li>\n<li>Zawarto\u015b\u0107: 28 kg<\/li>\n<li>Wysoko\u015b\u0107: 24,4 cm<\/li>\n<li>Szeroko\u015b\u0107: 34,5 cm<\/li>\n<li>G\u0142\u0119boko\u015b\u0107 \/ Grubo\u015b\u0107: 26,5 cm<\/li>\n<\/ul>\n","protected":false},"excerpt":{"rendered":"<p>Gotowa g\u0142ad\u017a ATLAS RAPID to produkt, kt\u00f3ry wyr\u00f3\u017cnia si\u0119 wysok\u0105 jako\u015bci\u0105. Jest niezwykle przydatny podczas prac wyko\u0144czeniowych.<\/p>\n","protected":false},"featured_media":21389,"comment_status":"open","ping_status":"closed","template":"","meta":{"_acf_changed":false,"inline_featured_image":false},"product_cat":[275],"product_tag":[1793,1790,1682],"class_list":{"0":"post-20944","1":"product","2":"type-product","3":"status-publish","4":"has-post-thumbnail","6":"product_cat-gipsy-zaprawy","7":"product_tag-atlas-rapid","8":"product_tag-gladz-polimerowa","9":"product_tag-gotowa-masa-reperacyjna-do-wnetrz","11":"first","12":"outofstock","13":"shipping-taxable","14":"purchasable","15":"product-type-simple"},"acf":[],"_links":{"self":[{"href":"https:\/\/e-adams.pl\/de\/wp-json\/wp\/v2\/product\/20944","targetHints":{"allow":["GET"]}}],"collection":[{"href":"https:\/\/e-adams.pl\/de\/wp-json\/wp\/v2\/product"}],"about":[{"href":"https:\/\/e-adams.pl\/de\/wp-json\/wp\/v2\/types\/product"}],"replies":[{"embeddable":true,"href":"https:\/\/e-adams.pl\/de\/wp-json\/wp\/v2\/comments?post=20944"}],"wp:featuredmedia":[{"embeddable":true,"href":"https:\/\/e-adams.pl\/de\/wp-json\/wp\/v2\/media\/21389"}],"wp:attachment":[{"href":"https:\/\/e-adams.pl\/de\/wp-json\/wp\/v2\/media?parent=20944"}],"wp:term":[{"taxonomy":"product_cat","embeddable":true,"href":"https:\/\/e-adams.pl\/de\/wp-json\/wp\/v2\/product_cat?post=20944"},{"taxonomy":"product_tag","embeddable":true,"href":"https:\/\/e-adams.pl\/de\/wp-json\/wp\/v2\/product_tag?post=20944"}],"curies":[{"name":"wp","href":"https:\/\/api.w.org\/{rel}","templated":true}]}}