{"id":20946,"date":"2023-09-12T12:10:52","date_gmt":"2023-09-12T10:10:52","guid":{"rendered":"https:\/\/e-adams.pl\/produkt\/atlas-uni-grunt-ultra-4l-zielony\/"},"modified":"2024-07-15T11:31:20","modified_gmt":"2024-07-15T09:31:20","slug":"grunt-gleboko-penetrujacy-atlas-uni-grunt-ultra-zielony-4l","status":"publish","type":"product","link":"https:\/\/e-adams.pl\/de\/produkt\/grunt-gleboko-penetrujacy-atlas-uni-grunt-ultra-zielony-4l\/","title":{"rendered":"Grunt g\u0142\u0119boko penetruj\u0105cy ATLAS UNI-GRUNT ULTRA ZIELONY &#8211; 4L"},"content":{"rendered":"<h3>Opis:<\/h3>\n<p>ATLAS UNI-GRUNT ULTRA jest preparatem gruntuj\u0105cym przeznaczonym do r\u00f3\u017cnych typ\u00f3w pod\u0142o\u017cy (\u015bcian, pod\u0142\u00f3g, sufit\u00f3w), wewn\u0105trz i na zewn\u0105trz budynk\u00f3w.S\u0142u\u017cy do gruntowania powierzchni przed wykonywaniem posadzek, mocowaniem ok\u0142adzin pod\u0142ogowych, tynkowaniem, szpachlowaniem, uk\u0142adaniem p\u0142ytek ceramicznych, tapetowaniem oraz malowaniem. Produkt ten produkowany jest jako ultra wydajna emulsja gotowa do u\u017cycia po rozcie\u0144czaniu z wod\u0105<\/p>\n<h2>G\u0142\u00f3wne w\u0142a\u015bciwo\u015bci:<\/h2>\n<p>bardzo kr\u00f3tki czas schni\u0119cia \u2013 zale\u017cnie od warunk\u00f3w temperaturowych i wilgotno\u015bci powietrza, aplikacja nowych warstw na zagruntowanym pod\u0142o\u017cu mo\u017cliwa jest ju\u017c po:<\/p>\n<p>&#8211; po 15 minutach \u2013 dotyczy zapraw klej\u0105cych ATLAS oraz pow\u0142ok malarskich na tynkach cementowo-wapiennych, pustakach silikatowych i bloczkach gazobetonowych,<\/p>\n<p>&#8211; po 2 godzinach \u2013 dotyczy posadzek i podk\u0142ad\u00f3w samopoziomuj\u0105cych.<\/p>\n<p>&nbsp;<\/p>\n<p>wzmacnia powierzchniowo gruntowane pod\u0142o\u017ca mineralne &#8211; wnika w struktur\u0119 materia\u0142u, wzmacnia j\u0105 i poprawia jej no\u015bno\u015b\u0107<\/p>\n<p>zwi\u0119ksza wydajno\u015b\u0107 farb, g\u0142adzi i klej\u00f3w \u2013 uszczelniaj\u0105c struktur\u0119 gruntowanego pod\u0142o\u017ca, zwi\u0119ksza wydajno\u015b\u0107 materia\u0142\u00f3w u\u017cytych do wykonania kolejnej warstwy, redukuje zu\u017cycie<\/p>\n<p>u\u0142atwia aplikacj\u0119 kolejnych warstw \u2013 pow\u0142ok malarskich, klej\u00f3w, g\u0142adzi i szpachl\u00f3wek, podk\u0142ad\u00f3w i posadzek samopoziomuj\u0105cych, klej\u00f3w do wyk\u0142adzin dywanowych, klej\u00f3w do tapet, klej\u00f3w do izolacji termicznej do pod\u0142o\u017cy, itp.<\/p>\n<p>ogranicza ch\u0142onno\u015b\u0107 pod\u0142o\u017ca &#8211; zapobiega \u201eodci\u0105ganiu\u201d nadmiernej ilo\u015bci wody z produktu nak\u0142adanego na zagruntowane pod\u0142o\u017ca: podk\u0142ady cementowe z ogrzewaniem pod\u0142ogowym lub bez, r\u00f3\u017cnego rodzaju tynki, itp.<\/p>\n<p>&nbsp;<\/p>\n<p>ujednolica ch\u0142onno\u015b\u0107 pod\u0142o\u017ca , aplikowany w kolejnej warstwie produkt ma takie same warunki wi\u0105zania na ca\u0142ej powierzchni, w tym w miejscach gdzie by\u0142y wykonywane lokalne naprawy<\/p>\n<p>wi\u0105\u017ce pod\u0142o\u017ca niestabilne &#8211; ogranicza pylenie posadzek i podk\u0142ad\u00f3w pod\u0142ogowych oraz tynk\u00f3w<\/p>\n<p>przeznaczony do aplikacji w podwy\u017cszonej temperaturze \u2013 rekomendowany do u\u017cycia w zakresie od 5 \u00b0C do 30 \u00b0C, wewn\u0105trz i na zewn\u0105trz budynk\u00f3w<\/p>\n<p>bardzo niska zawarto\u015b\u0107 LZO \u201315-krotnie zredukowana zawarto\u015b\u0107 lotnych zwi\u0105zk\u00f3w organicznych w stosunku do wymaga\u0144<\/p>\n<p>bezbarwny, bezrozpuszczalnikowy i wodorozcie\u0144czalny \u2013 produkt jest bezbarwny po wyschni\u0119ciu, nie powoduje przebarwie\u0144 pod\u0142o\u017ca do nanoszenia wa\u0142kiem, p\u0119dzlem lub metod\u0105 natryskow\u0105<\/p>\n<h2>G\u0142\u00f3wne parametry<\/h2>\n<ul>\n<li>temperatura stosowania: od +5 \u00b0C do +30 \u00b0C<\/li>\n<li>czas schni\u0119cia: 15 min \/ 2 godziny<\/li>\n<\/ul>\n","protected":false},"excerpt":{"rendered":"<p>ATLAS UNI-GRUNT ULTRA jest preparatem gruntuj\u0105cym przeznaczonym do r\u00f3\u017cnych typ\u00f3w pod\u0142o\u017cy (\u015bcian, pod\u0142\u00f3g, sufit\u00f3w), wewn\u0105trz i na zewn\u0105trz budynk\u00f3w. Zmniejsza i wyr\u00f3wnuje ch\u0142onno\u015b\u0107 pod\u0142o\u017cy<br \/>\npod posadzki, g\u0142adzie, tynki, farby, kleje<\/p>\n","protected":false},"featured_media":21393,"comment_status":"open","ping_status":"closed","template":"","meta":{"_acf_changed":false,"inline_featured_image":false},"product_cat":[1455],"product_tag":[1797,1798,1799],"class_list":{"0":"post-20946","1":"product","2":"type-product","3":"status-publish","4":"has-post-thumbnail","6":"product_cat-grunty-2","7":"product_tag-atlas-uni-grunt","8":"product_tag-emulsja","9":"product_tag-srodek-gruntujacy","11":"first","12":"instock","13":"shipping-taxable","14":"purchasable","15":"product-type-simple"},"acf":[],"_links":{"self":[{"href":"https:\/\/e-adams.pl\/de\/wp-json\/wp\/v2\/product\/20946","targetHints":{"allow":["GET"]}}],"collection":[{"href":"https:\/\/e-adams.pl\/de\/wp-json\/wp\/v2\/product"}],"about":[{"href":"https:\/\/e-adams.pl\/de\/wp-json\/wp\/v2\/types\/product"}],"replies":[{"embeddable":true,"href":"https:\/\/e-adams.pl\/de\/wp-json\/wp\/v2\/comments?post=20946"}],"wp:featuredmedia":[{"embeddable":true,"href":"https:\/\/e-adams.pl\/de\/wp-json\/wp\/v2\/media\/21393"}],"wp:attachment":[{"href":"https:\/\/e-adams.pl\/de\/wp-json\/wp\/v2\/media?parent=20946"}],"wp:term":[{"taxonomy":"product_cat","embeddable":true,"href":"https:\/\/e-adams.pl\/de\/wp-json\/wp\/v2\/product_cat?post=20946"},{"taxonomy":"product_tag","embeddable":true,"href":"https:\/\/e-adams.pl\/de\/wp-json\/wp\/v2\/product_tag?post=20946"}],"curies":[{"name":"wp","href":"https:\/\/api.w.org\/{rel}","templated":true}]}}