{"id":20947,"date":"2023-09-12T12:10:52","date_gmt":"2023-09-12T10:10:52","guid":{"rendered":"https:\/\/e-adams.pl\/produkt\/cekol-bezpylowa-gladz-szpachlowa-f-16-finisz-5kg\/"},"modified":"2024-02-15T11:49:03","modified_gmt":"2024-02-15T10:49:03","slug":"gotowa-gladz-bezpylowa-cekol-f-16-finisz-5kg","status":"publish","type":"product","link":"https:\/\/e-adams.pl\/de\/produkt\/gotowa-gladz-bezpylowa-cekol-f-16-finisz-5kg\/","title":{"rendered":"Gotowa g\u0142ad\u017a bezpy\u0142owa CEKOL F-16 FINISZ 5kg"},"content":{"rendered":"<h3>OPIS:<\/h3>\n<p>Gotowa g\u0142ad\u017a bezpy\u0142owa CEKOL F-16 FINISZ jest gotow\u0105 do u\u017cycia przy obr\u00f3bce metod\u0105 zacierania na mokro. Jest lekka do szlifowania, w przypadku zastosowania tradycyjnej metody obr\u00f3bki. Polecany do nak\u0142adania r\u0119cznego: pac\u0105, wa\u0142kiem i mechanicznego za pomoc\u0105 odpowiednich agregat\u00f3w. Po wyschni\u0119ciu mo\u017cna malowa\u0107 wszystkimi rodzajami farb.<\/p>\n<p>CEKOL F-16 Finisz mo\u017cna stosowa\u0107 wewn\u0105trz budynk\u00f3w w pomieszczeniach suchych, na pod\u0142o\u017cach betonowych, gipsowych, p\u0142ytach gipsowo-kartonowych, tradycyjnych tynkach cementowo \u2013 wapiennych oraz akrylowych pow\u0142okach malarskich, charakteryzuj\u0105cych si\u0119 du\u017c\u0105 przyczepno\u015bci\u0105 do pod\u0142o\u017ca. Jest mieszank\u0105 specjalnych spoiw polimerowych, wype\u0142niaczy mineralnych i dodatk\u00f3w modyfikuj\u0105cych.<\/p>\n<h3>DANE TECHNICZNE:<\/h3>\n<p>\u2022 Waga (kg) 5kg<br \/>\n\u2022 Minimalna temperatura aplikacji: 5\u00b0C<br \/>\n\u2022 Maksymalna temperatura aplikacji: 30\u00b0C<br \/>\n\u2022 Liczba warstw 1<br \/>\n\u2022 Instrukcje u\u017cytkowania: R\u0119czna, maszynowa<br \/>\n\u2022 Wysoko\u015b\u0107 pojemnika: 160mm<br \/>\n\u2022 Szeroko\u015b\u0107 pojemnika: 195mm<br \/>\n\u2022 D\u0142ugo\u015b\u0107 pojemnika: 195mm<br \/>\n\u2022 Grubo\u015b\u0107 nak\u0142adania: 3mm<br \/>\n\u2022 Kod EAN: 5906474150058<\/p>\n","protected":false},"excerpt":{"rendered":"<p>Gotowa g\u0142ad\u017a bezpy\u0142owa CEKOL F-16 FINISZ jest gotow\u0105 do u\u017cycia przy obr\u00f3bce metod\u0105 zacierania na mokro. Jest lekka do szlifowania, w przypadku zastosowania tradycyjnej metody obr\u00f3bki. Polecany do nak\u0142adania r\u0119cznego: pac\u0105, wa\u0142kiem i mechanicznego za pomoc\u0105 odpowiednich agregat\u00f3w. Po wyschni\u0119ciu mo\u017cna malowa\u0107 wszystkimi rodzajami farb.<\/p>\n","protected":false},"featured_media":22518,"comment_status":"open","ping_status":"closed","template":"","meta":{"_acf_changed":false,"inline_featured_image":false},"product_cat":[275],"product_tag":[2131,2277],"class_list":{"0":"post-20947","1":"product","2":"type-product","3":"status-publish","4":"has-post-thumbnail","6":"product_cat-gipsy-zaprawy","7":"product_tag-cekol","8":"product_tag-gotowa-gladz-bezpylowa","10":"first","11":"outofstock","12":"shipping-taxable","13":"purchasable","14":"product-type-simple"},"acf":[],"_links":{"self":[{"href":"https:\/\/e-adams.pl\/de\/wp-json\/wp\/v2\/product\/20947","targetHints":{"allow":["GET"]}}],"collection":[{"href":"https:\/\/e-adams.pl\/de\/wp-json\/wp\/v2\/product"}],"about":[{"href":"https:\/\/e-adams.pl\/de\/wp-json\/wp\/v2\/types\/product"}],"replies":[{"embeddable":true,"href":"https:\/\/e-adams.pl\/de\/wp-json\/wp\/v2\/comments?post=20947"}],"wp:featuredmedia":[{"embeddable":true,"href":"https:\/\/e-adams.pl\/de\/wp-json\/wp\/v2\/media\/22518"}],"wp:attachment":[{"href":"https:\/\/e-adams.pl\/de\/wp-json\/wp\/v2\/media?parent=20947"}],"wp:term":[{"taxonomy":"product_cat","embeddable":true,"href":"https:\/\/e-adams.pl\/de\/wp-json\/wp\/v2\/product_cat?post=20947"},{"taxonomy":"product_tag","embeddable":true,"href":"https:\/\/e-adams.pl\/de\/wp-json\/wp\/v2\/product_tag?post=20947"}],"curies":[{"name":"wp","href":"https:\/\/api.w.org\/{rel}","templated":true}]}}