{"id":20948,"date":"2023-09-12T12:10:53","date_gmt":"2023-09-12T10:10:53","guid":{"rendered":"https:\/\/e-adams.pl\/produkt\/cekol-masa-na-spekania-ms-01-15kg\/"},"modified":"2024-02-15T11:49:04","modified_gmt":"2024-02-15T10:49:04","slug":"masa-na-spekania-cekol-ms-01-15kg","status":"publish","type":"product","link":"https:\/\/e-adams.pl\/de\/produkt\/masa-na-spekania-cekol-ms-01-15kg\/","title":{"rendered":"Masa na sp\u0119kania CEKOL MS-01 1,5kg"},"content":{"rendered":"<h3>OPIS:<\/h3>\n<p>Masa na sp\u0119kania CEKOL MS-01 1,5kg jest gotow\u0105 mas\u0105 szpachlow\u0105 przeznaczon\u0105 do wype\u0142niania rys i p\u0119kni\u0119\u0107 na powierzchni \u015bcian i sufit\u00f3w. Masa r\u00f3wnie\u017c doskona\u0142a do spoinowania p\u0142yt gipsowo-kartonowych bez konieczno\u015bci stosowania ta\u015bmy wzmacniaj\u0105cej. Dodatkowo mo\u017ce stanowi\u0107 podk\u0142ad przed ostatecznym szpachlowaniem, zw\u0142aszcza na pod\u0142o\u017cach trudnych.<\/p>\n<p>Charakteryzuje si\u0119 zwi\u0119kszon\u0105 wytrzyma\u0142o\u015bci\u0105 i wysok\u0105 elastyczno\u015bci\u0105 dzi\u0119ki zawarto\u015bci w\u0142\u00f3kien.<\/p>\n<p>&nbsp;<\/p>\n","protected":false},"excerpt":{"rendered":"<p>Masa na sp\u0119kania CEKOL MS-01 1,5kg jest gotow\u0105 mas\u0105 szpachlow\u0105 przeznaczon\u0105 do wype\u0142niania rys i p\u0119kni\u0119\u0107 na powierzchni \u015bcian i sufit\u00f3w. Masa r\u00f3wnie\u017c doskona\u0142a do spoinowania p\u0142yt gipsowo-kartonowych bez konieczno\u015bci stosowania ta\u015bmy wzmacniaj\u0105cej. Dodatkowo mo\u017ce stanowi\u0107 podk\u0142ad przed ostatecznym szpachlowaniem, zw\u0142aszcza na pod\u0142o\u017cach trudnych.<\/p>\n","protected":false},"featured_media":22436,"comment_status":"open","ping_status":"closed","template":"","meta":{"_acf_changed":false,"inline_featured_image":false},"product_cat":[275],"product_tag":[2131,2241],"class_list":{"0":"post-20948","1":"product","2":"type-product","3":"status-publish","4":"has-post-thumbnail","6":"product_cat-gipsy-zaprawy","7":"product_tag-cekol","8":"product_tag-masa-na-spekania","10":"first","11":"outofstock","12":"shipping-taxable","13":"purchasable","14":"product-type-simple"},"acf":[],"_links":{"self":[{"href":"https:\/\/e-adams.pl\/de\/wp-json\/wp\/v2\/product\/20948","targetHints":{"allow":["GET"]}}],"collection":[{"href":"https:\/\/e-adams.pl\/de\/wp-json\/wp\/v2\/product"}],"about":[{"href":"https:\/\/e-adams.pl\/de\/wp-json\/wp\/v2\/types\/product"}],"replies":[{"embeddable":true,"href":"https:\/\/e-adams.pl\/de\/wp-json\/wp\/v2\/comments?post=20948"}],"wp:featuredmedia":[{"embeddable":true,"href":"https:\/\/e-adams.pl\/de\/wp-json\/wp\/v2\/media\/22436"}],"wp:attachment":[{"href":"https:\/\/e-adams.pl\/de\/wp-json\/wp\/v2\/media?parent=20948"}],"wp:term":[{"taxonomy":"product_cat","embeddable":true,"href":"https:\/\/e-adams.pl\/de\/wp-json\/wp\/v2\/product_cat?post=20948"},{"taxonomy":"product_tag","embeddable":true,"href":"https:\/\/e-adams.pl\/de\/wp-json\/wp\/v2\/product_tag?post=20948"}],"curies":[{"name":"wp","href":"https:\/\/api.w.org\/{rel}","templated":true}]}}