{"id":20951,"date":"2023-09-12T12:10:55","date_gmt":"2023-09-12T10:10:55","guid":{"rendered":"https:\/\/e-adams.pl\/produkt\/decamix-1kg-szpachla-asfalotowo-kauczukowa\/"},"modified":"2024-02-15T11:49:05","modified_gmt":"2024-02-15T10:49:05","slug":"szpachla-asfalotowo-kauczukowa-jurga-decamix-1kg","status":"publish","type":"product","link":"https:\/\/e-adams.pl\/de\/produkt\/szpachla-asfalotowo-kauczukowa-jurga-decamix-1kg\/","title":{"rendered":"Szpachla asfalotowo-kauczukowa JURGA DECAMIX 1kg"},"content":{"rendered":"<h3>OPIS:<\/h3>\n<p>Szpachla asfalotowo-kauczukowa JURGA DECAMIX do szybkich napraw i uszczelnie\u0144. Doskonale przyczepna i trwale elastyczna, zbrojona w\u0142\u00f3knami. Do stosowania przy ka\u017cdej pogodzie na pod\u0142o\u017ca suche i mokre. Mo\u017cna stosowa\u0107 w trakcie padaj\u0105cego deszczu lub \u015bniegu, przylega do pod\u0142o\u017ca nawet pod wod\u0105.<\/p>\n<p>Idealnie sprawdza si\u0119 w okresie zimowym podczas temperatur dochodz\u0105cych nawet do -5\u00b0C. Zalecany do napraw uszkodze\u0144, wype\u0142nie\u0144 i uszczelnie\u0144 konstrukcji budowlanych.<\/p>\n<h2><b>Spos\u00f3b u\u017cycia<\/b><\/h2>\n<p>Oczy\u015bci\u0107 miejsce przeznaczone do naprawy, usun\u0105\u0107 piasek, li\u015bcie, lu\u017ane cz\u0119\u015bci pod\u0142o\u017ca, rdz\u0119 itp. Pod\u0142o\u017ce nie mo\u017ce by\u0107 oszronione, zlodzone. Wszystkie k\u0105ty i naro\u017ca wyobli\u0107 wykonuj\u0105c faset\u0119. Nak\u0142ada\u0107 mas\u0119 DECAMIX przy pomocy szpachli wype\u0142niaj\u0105c uszkodzone lub przeciekaj\u0105ce miejsca pow\u0142ok\u0105 o grubo\u015bci 2 do 5mm. Przy pod\u0142o\u017cu wilgotnym i mokrym mas\u0119 nale\u017cy wciera\u0107 w pod\u0142o\u017ce wolnymi ruchami celem aktywizacji zwi\u0105zk\u00f3w chemicznych poprawiaj\u0105cych przyczepno\u015b\u0107 do mokrych pod\u0142o\u017cy.<\/p>\n<p>Korzystniej jest nak\u0142ada\u0107 dwie warstwy cie\u0144sze ni\u017c jedn\u0105 grub\u0105. Dzi\u0119ki temu eliminuje si\u0119 przypadkowe niedok\u0142adno\u015bci lub b\u0142\u0119dy wykonawcze. Podczas stosowania wyrobu w wysokich temperaturach stosowa\u0107 cie\u0144sze warstwy. Pozwala to na r\u00f3wnomierne odparowanie rozcie\u0144czalnika z ca\u0142ej grubo\u015bci warstwy.<\/p>\n<p>Przy wykonywaniu izolacji jedna warstwa powinna mie\u0107 grubo\u015b\u0107 2-3 mm. Ilo\u015b\u0107 warstw przy wykonywaniu hydroizolacji: 2-3. Prace prowadzi\u0107 w temp. Od 5 do +25\u00b0C. Napocz\u0119te opakowanie niezw\u0142ocznie zamkn\u0105\u0107.<\/p>\n<p>Zu\u017cycie szacunkowe dla warstwy grubo\u015bci 1mm 1 kg na 1m\u00b2. Rzeczywiste zu\u017cycie zale\u017cy od jako\u015bci pod\u0142o\u017ca, sposobu aplikacji i rozwi\u0105zania systemowego.<\/p>\n","protected":false},"excerpt":{"rendered":"<p>Szpachla asfalotowo-kauczukowa JURGA DECAMIX do szybkich napraw i uszczelnie\u0144. Doskonale przyczepna i trwale elastyczna, zbrojona w\u0142\u00f3knami. Do stosowania przy ka\u017cdej pogodzie na pod\u0142o\u017ca suche i mokre. Mo\u017cna stosowa\u0107 w trakcie padaj\u0105cego deszczu lub \u015bniegu, przylega do pod\u0142o\u017ca nawet pod wod\u0105.<\/p>\n","protected":false},"featured_media":22364,"comment_status":"open","ping_status":"closed","template":"","meta":{"_acf_changed":false,"inline_featured_image":false},"product_cat":[1472],"product_tag":[2197,953,2196],"class_list":{"0":"post-20951","1":"product","2":"type-product","3":"status-publish","4":"has-post-thumbnail","6":"product_cat-masy-uszczelniajace","7":"product_tag-decamix","8":"product_tag-jurga","9":"product_tag-szpachla-asfalotowo-kauczukowa","11":"first","12":"outofstock","13":"shipping-taxable","14":"purchasable","15":"product-type-simple"},"acf":[],"_links":{"self":[{"href":"https:\/\/e-adams.pl\/de\/wp-json\/wp\/v2\/product\/20951","targetHints":{"allow":["GET"]}}],"collection":[{"href":"https:\/\/e-adams.pl\/de\/wp-json\/wp\/v2\/product"}],"about":[{"href":"https:\/\/e-adams.pl\/de\/wp-json\/wp\/v2\/types\/product"}],"replies":[{"embeddable":true,"href":"https:\/\/e-adams.pl\/de\/wp-json\/wp\/v2\/comments?post=20951"}],"wp:featuredmedia":[{"embeddable":true,"href":"https:\/\/e-adams.pl\/de\/wp-json\/wp\/v2\/media\/22364"}],"wp:attachment":[{"href":"https:\/\/e-adams.pl\/de\/wp-json\/wp\/v2\/media?parent=20951"}],"wp:term":[{"taxonomy":"product_cat","embeddable":true,"href":"https:\/\/e-adams.pl\/de\/wp-json\/wp\/v2\/product_cat?post=20951"},{"taxonomy":"product_tag","embeddable":true,"href":"https:\/\/e-adams.pl\/de\/wp-json\/wp\/v2\/product_tag?post=20951"}],"curies":[{"name":"wp","href":"https:\/\/api.w.org\/{rel}","templated":true}]}}