{"id":20953,"date":"2023-09-12T12:10:56","date_gmt":"2023-09-12T10:10:56","guid":{"rendered":"https:\/\/e-adams.pl\/produkt\/dyble-do-jastrychow\/"},"modified":"2024-07-15T11:31:22","modified_gmt":"2024-07-15T09:31:22","slug":"dyble-do-jastrychow-mapei","status":"publish","type":"product","link":"https:\/\/e-adams.pl\/de\/produkt\/dyble-do-jastrychow-mapei\/","title":{"rendered":"Dyble do jastrych\u00f3w MAPEI"},"content":{"rendered":"<h3>OPIS:<\/h3>\n<p>Dyble do jastrych\u00f3w MAPEI s\u0105 to specjalne ko\u0142ki kotwi\u0105ce z wytrzyma\u0142ym trzpieniem stalowym, zapobiegaj\u0105cym pionowemu przemieszczaniu si\u0119 poszczeg\u00f3lnych cz\u0119\u015bci jastrychu wzgl\u0119dem siebie, bez utraty naturalnych funkcji dylatacji (kompensacja napr\u0119\u017ce\u0144 w p\u0142aszczy\u017anie poziomej, b\u0119d\u0105cych wynikiem obci\u0105\u017ce\u0144 termicznych lub skurczu higrometrycznego).<\/p>\n<p>Dyble mog\u0105 by\u0107 u\u017cyte zar\u00f3wno w czasie uk\u0142adania jastrychu (podk\u0142adu), jak i po jego wykonaniu. Dyble pozwalaj\u0105 na eliminacj\u0119 lub redukcj\u0119 ilo\u015bci dylatacji wyst\u0119puj\u0105cych na powierzchni posadzki, unikni\u0119cie przesuni\u0119\u0107 pionowych pomi\u0119dzy poszczeg\u00f3lnymi (zdylatowanymi) polami jastrychu lub po\u0142\u0105czenie sekcji grzewczych jastrychu z ogrzewaniem pod\u0142ogowym lub podk\u0142ad\u00f3w wykonanych z r\u00f3\u017cnych materia\u0142\u00f3w w celu unikni\u0119cia tzw. klawiszowania.<\/p>\n<h3>DANE TECHNICZNE:<\/h3>\n<ul>\n<li><strong>Kolor<\/strong>: tuleja \u2013 niebieski, \u0142\u0105cznik \u2013 \u017c\u00f3\u0142ty.<\/li>\n<li><strong>Materia\u0142: rdze\u0144<\/strong>\u00a0\u2013 stal nierdzewna.<\/li>\n<li><strong>Materia\u0142: tuleja<\/strong>\u00a0\u2013 tworzywo sztuczne.<\/li>\n<li><strong>Materia\u0142: \u0142\u0105cznik<\/strong>\u00a0\u2013 guma.<\/li>\n<li><strong>Materia\u0142: pier\u015bcie\u0144 ekspansywny<\/strong>\u00a0\u2013 pianka.<\/li>\n<li><strong>Wymiary<\/strong>: 200\u00d720 mm.<\/li>\n<li><strong>\u015arednica: tuleja i \u0142\u0105cznik<\/strong>\u00a0\u2013 8 mm.<\/li>\n<li><strong>\u015arednica<\/strong>: pier\u015bcie\u0144 z pianki ekspansywnej \u2013 18 mm.<\/li>\n<li><strong>Opakowania<\/strong>: kartony po 10 sztuk (w tej ofercie sprzedawane s\u0105 pojedyncze sztuki).<\/li>\n<\/ul>\n","protected":false},"excerpt":{"rendered":"<p>Dyble do jastrych\u00f3w MAPEI s\u0105 to specjalne ko\u0142ki kotwi\u0105ce z wytrzyma\u0142ym trzpieniem stalowym, zapobiegaj\u0105cym pionowemu przemieszczaniu si\u0119 poszczeg\u00f3lnych cz\u0119\u015bci jastrychu wzgl\u0119dem siebie, bez utraty naturalnych funkcji dylatacji (kompensacja napr\u0119\u017ce\u0144 w p\u0142aszczy\u017anie poziomej, b\u0119d\u0105cych wynikiem obci\u0105\u017ce\u0144 termicznych lub skurczu higrometrycznego).<\/p>\n","protected":false},"featured_media":22585,"comment_status":"open","ping_status":"closed","template":"","meta":{"_acf_changed":false,"inline_featured_image":false},"product_cat":[101],"product_tag":[2323,984],"class_list":{"0":"post-20953","1":"product","2":"type-product","3":"status-publish","4":"has-post-thumbnail","6":"product_cat-bramy-okna-ogrodzenia","7":"product_tag-dyble-do-jastrychow","8":"product_tag-mapei","10":"first","11":"instock","12":"shipping-taxable","13":"purchasable","14":"product-type-simple"},"acf":[],"_links":{"self":[{"href":"https:\/\/e-adams.pl\/de\/wp-json\/wp\/v2\/product\/20953","targetHints":{"allow":["GET"]}}],"collection":[{"href":"https:\/\/e-adams.pl\/de\/wp-json\/wp\/v2\/product"}],"about":[{"href":"https:\/\/e-adams.pl\/de\/wp-json\/wp\/v2\/types\/product"}],"replies":[{"embeddable":true,"href":"https:\/\/e-adams.pl\/de\/wp-json\/wp\/v2\/comments?post=20953"}],"wp:featuredmedia":[{"embeddable":true,"href":"https:\/\/e-adams.pl\/de\/wp-json\/wp\/v2\/media\/22585"}],"wp:attachment":[{"href":"https:\/\/e-adams.pl\/de\/wp-json\/wp\/v2\/media?parent=20953"}],"wp:term":[{"taxonomy":"product_cat","embeddable":true,"href":"https:\/\/e-adams.pl\/de\/wp-json\/wp\/v2\/product_cat?post=20953"},{"taxonomy":"product_tag","embeddable":true,"href":"https:\/\/e-adams.pl\/de\/wp-json\/wp\/v2\/product_tag?post=20953"}],"curies":[{"name":"wp","href":"https:\/\/api.w.org\/{rel}","templated":true}]}}