{"id":20955,"date":"2023-09-12T12:10:57","date_gmt":"2023-09-12T10:10:57","guid":{"rendered":"https:\/\/e-adams.pl\/produkt\/dysperbit-czarny-5kg-den-braven\/"},"modified":"2024-07-15T11:31:12","modified_gmt":"2024-07-15T09:31:12","slug":"dysperbit-dan-braven-5kg","status":"publish","type":"product","link":"https:\/\/e-adams.pl\/de\/produkt\/dysperbit-dan-braven-5kg\/","title":{"rendered":"Dysperbit DAN BRAVEN 5kg"},"content":{"rendered":"<h3>OPIS:<\/h3>\n<p>Dysperbit DAN BRAVEN to izolacja lekka przeciwwilgociowa fundament\u00f3w i tym podobnych podziemnych cz\u0119\u015bci budynk\u00f3w. Konserwacja bitumicznych pokry\u0107 dachowych dachy p\u0142askie kryte pap\u0105 (nie stosowa\u0107 do pap smo\u0142owanych). Bezspoinowe pokrycia dachowe zbrojone tkaninami technicznymi.<\/p>\n<h2>Zastosowanie:<\/h2>\n<ul>\n<li>izolacja lekka przeciwwilgociowa fundament\u00f3w i\u00a0podziemnych cz\u0119\u015bci budowli,<\/li>\n<li>renowacja i\u00a0konserwacja bitumicznych pokry\u0107 dachowych,<\/li>\n<li>izolacja podposadzkowa piwnic, gara\u017cy, taras\u00f3w, balkon\u00f3w (pomieszcze\u0144 kt\u00f3re nie\u00a0s\u0105\u00a0przeznaczone na\u00a0sta\u0142y pobyt ludzi),<\/li>\n<li>bezspoinowe pokrycia dachowe zbrojone tkaninami technicznymi,<\/li>\n<li>bezspoinowe pow\u0142oki dachowe na\u00a0podk\u0142adzie z\u00a0jednej warstwy papy.<\/li>\n<\/ul>\n","protected":false},"excerpt":{"rendered":"<p>Dysperbit DAN BRAVEN to izolacja lekka przeciwwilgociowa fundament\u00f3w i tym podobnych podziemnych cz\u0119\u015bci budynk\u00f3w. Konserwacja bitumicznych pokry\u0107 dachowych dachy p\u0142askie kryte pap\u0105 (nie stosowa\u0107 do pap smo\u0142owanych). Bezspoinowe pokrycia dachowe zbrojone tkaninami technicznymi.<\/p>\n","protected":false},"featured_media":22451,"comment_status":"open","ping_status":"closed","template":"","meta":{"_acf_changed":false,"inline_featured_image":false},"product_cat":[1472],"product_tag":[955,2244,2243],"class_list":{"0":"post-20955","1":"product","2":"type-product","3":"status-publish","4":"has-post-thumbnail","6":"product_cat-masy-uszczelniajace","7":"product_tag-den-braven","8":"product_tag-dyspervit","9":"product_tag-izolacja-lekka","11":"first","12":"instock","13":"shipping-taxable","14":"purchasable","15":"product-type-simple"},"acf":[],"_links":{"self":[{"href":"https:\/\/e-adams.pl\/de\/wp-json\/wp\/v2\/product\/20955","targetHints":{"allow":["GET"]}}],"collection":[{"href":"https:\/\/e-adams.pl\/de\/wp-json\/wp\/v2\/product"}],"about":[{"href":"https:\/\/e-adams.pl\/de\/wp-json\/wp\/v2\/types\/product"}],"replies":[{"embeddable":true,"href":"https:\/\/e-adams.pl\/de\/wp-json\/wp\/v2\/comments?post=20955"}],"wp:featuredmedia":[{"embeddable":true,"href":"https:\/\/e-adams.pl\/de\/wp-json\/wp\/v2\/media\/22451"}],"wp:attachment":[{"href":"https:\/\/e-adams.pl\/de\/wp-json\/wp\/v2\/media?parent=20955"}],"wp:term":[{"taxonomy":"product_cat","embeddable":true,"href":"https:\/\/e-adams.pl\/de\/wp-json\/wp\/v2\/product_cat?post=20955"},{"taxonomy":"product_tag","embeddable":true,"href":"https:\/\/e-adams.pl\/de\/wp-json\/wp\/v2\/product_tag?post=20955"}],"curies":[{"name":"wp","href":"https:\/\/api.w.org\/{rel}","templated":true}]}}