{"id":20959,"date":"2023-09-12T12:11:00","date_gmt":"2023-09-12T10:11:00","guid":{"rendered":"https:\/\/e-adams.pl\/produkt\/flizelina-txt-z-wloknem-szklanym-50mm-x-25m-xl-ta\/"},"modified":"2025-06-23T13:03:01","modified_gmt":"2025-06-23T11:03:01","slug":"tasma-flizelinowa-txt-bluedolphin-25m-xl-ta","status":"publish","type":"product","link":"https:\/\/e-adams.pl\/de\/produkt\/tasma-flizelinowa-txt-bluedolphin-25m-xl-ta\/","title":{"rendered":"Ta\u015bma flizelinowa TXT BLUEDOLPHIN 25m XL-TA"},"content":{"rendered":"<h3>OPIS:<\/h3>\n<p>Ta\u015bma flizelinowa TXT BLUEDOLPHIN\u00a0to produkt wykonany z wysokiej jako\u015bci w\u0142\u00f3kna szklanego. Doskonale sprawdza si\u0119 podczas r\u00f3\u017cnego rodzaju prac remontowo-budowlanych, gdzie wykorzystuje si\u0119 go do \u0142\u0105czenia p\u0142yt gipsowo-kartonowych. Ponadto \u015bwietnie maskuje wszelkie p\u0119kni\u0119cia czy ubytki w tynku.<\/p>\n<p>Ta\u015bma flizelinowa\u00a0jest nieoceniona na ka\u017cdej budowie i nie tylko. Dzi\u0119ki niej mo\u017cna szybko zamaskowa\u0107 i naprawi\u0107 wszelkiego rodzaju ubytki zwi\u0105zane z p\u0142ytami gipsowo-kartonowymi.<\/p>\n<h3>DANE TECHNICZNE:<\/h3>\n<p>\u2022 Kod EAN: 5907758500040<br \/>\n\u2022 Szeroko\u015b\u0107 50 mm<br \/>\n\u2022 D\u0142ugo\u015b\u0107 25 m<\/p>\n<p>&nbsp;<\/p>\n","protected":false},"excerpt":{"rendered":"<p>Ta\u015bma flizelinowa TXT BLUEDOLPHIN\u00a0to produkt wykonany z wysokiej jako\u015bci w\u0142\u00f3kna szklanego. Doskonale sprawdza si\u0119 podczas r\u00f3\u017cnego rodzaju prac remontowo-budowlanych, gdzie wykorzystuje si\u0119 go do \u0142\u0105czenia p\u0142yt gipsowo-kartonowych. Ponadto \u015bwietnie maskuje wszelkie p\u0119kni\u0119cia czy ubytki w tynku.<\/p>\n","protected":false},"featured_media":22608,"comment_status":"open","ping_status":"closed","template":"","meta":{"_acf_changed":false,"inline_featured_image":false},"product_cat":[2282],"product_tag":[2342,2327],"class_list":{"0":"post-20959","1":"product","2":"type-product","3":"status-publish","4":"has-post-thumbnail","6":"product_cat-tasmy-i-flizeliny","7":"product_tag-bluedolphin","8":"product_tag-tasma-flizelinowa","10":"first","11":"instock","12":"shipping-taxable","13":"product-type-simple"},"acf":[],"_links":{"self":[{"href":"https:\/\/e-adams.pl\/de\/wp-json\/wp\/v2\/product\/20959","targetHints":{"allow":["GET"]}}],"collection":[{"href":"https:\/\/e-adams.pl\/de\/wp-json\/wp\/v2\/product"}],"about":[{"href":"https:\/\/e-adams.pl\/de\/wp-json\/wp\/v2\/types\/product"}],"replies":[{"embeddable":true,"href":"https:\/\/e-adams.pl\/de\/wp-json\/wp\/v2\/comments?post=20959"}],"wp:featuredmedia":[{"embeddable":true,"href":"https:\/\/e-adams.pl\/de\/wp-json\/wp\/v2\/media\/22608"}],"wp:attachment":[{"href":"https:\/\/e-adams.pl\/de\/wp-json\/wp\/v2\/media?parent=20959"}],"wp:term":[{"taxonomy":"product_cat","embeddable":true,"href":"https:\/\/e-adams.pl\/de\/wp-json\/wp\/v2\/product_cat?post=20959"},{"taxonomy":"product_tag","embeddable":true,"href":"https:\/\/e-adams.pl\/de\/wp-json\/wp\/v2\/product_tag?post=20959"}],"curies":[{"name":"wp","href":"https:\/\/api.w.org\/{rel}","templated":true}]}}