{"id":20960,"date":"2023-09-12T12:11:01","date_gmt":"2023-09-12T10:11:01","guid":{"rendered":"https:\/\/e-adams.pl\/produkt\/folia-w-plynie-cl51-15kg-ceresit\/"},"modified":"2024-02-15T11:49:48","modified_gmt":"2024-02-15T10:49:48","slug":"folia-w-plynie-cl51-ceresit-15kg","status":"publish","type":"product","link":"https:\/\/e-adams.pl\/de\/produkt\/folia-w-plynie-cl51-ceresit-15kg\/","title":{"rendered":"Folia w p\u0142ynie CL51 CERESIT 15kg"},"content":{"rendered":"<h3>OPIS:<\/h3>\n<p>Folia w p\u0142ynie CL51 CERESIT s\u0142u\u017cy do powierzchniowego, bezspoinowego uszczelnienia pod\u0142o\u017cy przed mocowaniem p\u0142ytek ceramicznych, gresowych i kamiennych w: \u0142azienkach, kuchniach, toaletach, natryskach, pralniach. Mo\u017ce by\u0107 stosowana w budownictwie mieszkaniowym, w pomieszczeniach nara\u017conych na okresowe zawilgocenie do uszczelniania takich pod\u0142o\u017cy jak: tynki i jastrychy cementowe (r\u00f3wnie\u017c grzejne), tynki cementowo-wapienne, mury wykonane na pe\u0142n\u0105 spoin\u0119. CL 51 nadaje si\u0119 r\u00f3wnie\u017c do zabezpieczania pod\u0142o\u017cy wra\u017cliwych na zawilgocenie: gazobetou, p\u0142yt gipsowokartonowych, gipsowo-w\u0142\u00f3knowych, w\u0142\u00f3knowo-cementowych i OSB, pod\u0142o\u017cy anhydrytowych, pod\u0142o\u017cy i tynk\u00f3w gipsowych, pod\u0142ogowych zapraw wyr\u00f3wnuj\u0105cych. Pow\u0142oka uszczelniaj\u0105ca CL 51 spe\u0142nia wymagania izolacji typu lekkiego.<\/p>\n<h3>ZAKRES ZASTOSOWANIA:<\/h3>\n<p>Na powierzchnie poziome i pionowe wewn\u0105trz pomieszcze\u0144 nara\u017conych na okresowe zawilgocenie.<\/p>\n<p>Do powierzchniowego, bezspoinowego uszczelnienia pod\u0142o\u017cy przed mocowaniem p\u0142ytek ceramicznych.<\/p>\n<p>Do uszczelniania takich pod\u0142o\u017cy jak: tynki i jastrychy cementowe (r\u00f3wnie\u017c grzejne), tynki cementowo-wapienne, mury wykonane na pe\u0142n\u0105 spoin\u0119.<\/p>\n<p>Do zabezpieczania pod\u0142o\u017cy wra\u017cliwych na zawilgocenie: gazobetonu, p\u0142yt gipsowo-kartonowych, gipsowo-w\u0142\u00f3knowych, w\u0142\u00f3knowo-cementowych i OSB, pod\u0142o\u017cy anhydrytowych, pod\u0142o\u017cy i tynk\u00f3w gipsowych, pod\u0142ogowych zapraw wyr\u00f3wnuj\u0105cych.<\/p>\n","protected":false},"excerpt":{"rendered":"<p>Folia w p\u0142ynie CL51 CERESIT s\u0142u\u017cy do powierzchniowego, bezspoinowego uszczelnienia pod\u0142o\u017cy przed mocowaniem p\u0142ytek ceramicznych, gresowych i kamiennych w: \u0142azienkach, kuchniach, toaletach, natryskach, pralniach. Mo\u017ce by\u0107 stosowana w budownictwie mieszkaniowym, w pomieszczeniach nara\u017conych na okresowe zawilgocenie.<\/p>\n","protected":false},"featured_media":22058,"comment_status":"open","ping_status":"closed","template":"","meta":{"_acf_changed":false,"inline_featured_image":false},"product_cat":[288],"product_tag":[158,2035,1611],"class_list":{"0":"post-20960","1":"product","2":"type-product","3":"status-publish","4":"has-post-thumbnail","6":"product_cat-ochrona-antywilgociowa","7":"product_tag-ceresit","8":"product_tag-folia-w-plynie","9":"product_tag-uszczelnianie","11":"first","12":"outofstock","13":"shipping-taxable","14":"purchasable","15":"product-type-simple"},"acf":[],"_links":{"self":[{"href":"https:\/\/e-adams.pl\/de\/wp-json\/wp\/v2\/product\/20960","targetHints":{"allow":["GET"]}}],"collection":[{"href":"https:\/\/e-adams.pl\/de\/wp-json\/wp\/v2\/product"}],"about":[{"href":"https:\/\/e-adams.pl\/de\/wp-json\/wp\/v2\/types\/product"}],"replies":[{"embeddable":true,"href":"https:\/\/e-adams.pl\/de\/wp-json\/wp\/v2\/comments?post=20960"}],"wp:featuredmedia":[{"embeddable":true,"href":"https:\/\/e-adams.pl\/de\/wp-json\/wp\/v2\/media\/22058"}],"wp:attachment":[{"href":"https:\/\/e-adams.pl\/de\/wp-json\/wp\/v2\/media?parent=20960"}],"wp:term":[{"taxonomy":"product_cat","embeddable":true,"href":"https:\/\/e-adams.pl\/de\/wp-json\/wp\/v2\/product_cat?post=20960"},{"taxonomy":"product_tag","embeddable":true,"href":"https:\/\/e-adams.pl\/de\/wp-json\/wp\/v2\/product_tag?post=20960"}],"curies":[{"name":"wp","href":"https:\/\/api.w.org\/{rel}","templated":true}]}}