{"id":20962,"date":"2023-09-12T12:11:02","date_gmt":"2023-09-12T10:11:02","guid":{"rendered":"https:\/\/e-adams.pl\/produkt\/folia-w-plynie-mapegum-wps-hydroizolacja-5-kg\/"},"modified":"2024-07-15T11:31:21","modified_gmt":"2024-07-15T09:31:21","slug":"folia-w-plynie-mapei-mapegum-wps-5kg","status":"publish","type":"product","link":"https:\/\/e-adams.pl\/de\/produkt\/folia-w-plynie-mapei-mapegum-wps-5kg\/","title":{"rendered":"Folia w p\u0142ynie Mapei Mapegum WPS 5kg"},"content":{"rendered":"<h3>OPIS:<\/h3>\n<p>Folia w p\u0142ynie Mapei Mapegum WPS to elastyczna, gotowa do u\u017cycia, \u00a0o kr\u00f3tkim czasie schni\u0119cia do wykonywania izolacji przeciwwilgociowych wewn\u0105trz budynk\u00f3w.<\/p>\n<p><strong>MAPEGUM WPS<\/strong>\u00a0s\u0142u\u017cy do wykonywania izolacji przeciwwilgociowych na powierzchniach nara\u017conych na zawilgocenie lub okresowy kontakt z wod\u0105, nienara\u017conych na podci\u0105ganie wilgoci z pod\u0142o\u017ca.<\/p>\n<p>Mapegum WPS mo\u017ce by\u0107 stosowany na ka\u017cdym rodzaju pod\u0142o\u017ca: p\u0142ytach kartonowo-gipsowych, tynkach gipsowych, tynkach tradycyjnych, wylewkach cementowych\u00a0 i anhydrytowych, \u015bcianach z bloczk\u00f3w\u00a0 gazobetonowych, p\u0142ytach drewnianych, wi\u00f3rowych i OSB, starych ok\u0142adzinach ceramicznych i z kamienia naturalnego.<\/p>\n<p>Mapegum WPS zabezpiecza przed wilgoci\u0105 \u015bciany, posadzki i sufity w pomieszczeniach mokrych, tj. kuchnie, \u0142azienki itp. Powinien by\u0107 stosowany przed u\u0142o\u017ceniem ok\u0142adziny ceramicznej lub kamienia naturalnego.<\/p>\n<h3>DANE TECHNICZNE:<\/h3>\n<p>\u2022 Czas nask\u00f3rkowania: 1 godzina (przy 2 mm).<br \/>\n\u2022 Czas wymogi przed monta\u017cem ok\u0142adziny: 12 godzin.<br \/>\n\u2022 Nanoszenie drugiej warstwy: 1 do 2 godzin.<br \/>\n\u2022 Nak\u0142adanie: wa\u0142kiem, p\u0119dzlem, pac\u0105 albo metod\u0105 natrysku.<br \/>\n\u2022 Przechowywanie: 24 miesi\u0105ce.<br \/>\n\u2022 chroni\u0107 przed mrozem.<br \/>\n\u2022 Zu\u017cycie: 1,5 kg\/m2 na 1 mm grubo\u015bci warstwy.<br \/>\n\u2022 EAN &#8211; 8022452002113<\/p>\n","protected":false},"excerpt":{"rendered":"<p>Folia w p\u0142ynie Mapei Mapegum WPS to elastyczna, gotowa do u\u017cycia, \u00a0o kr\u00f3tkim czasie schni\u0119cia do wykonywania izolacji przeciwwilgociowych wewn\u0105trz budynk\u00f3w. MAPEGUM WPS\u00a0s\u0142u\u017cy do wykonywania izolacji przeciwwilgociowych na powierzchniach nara\u017conych na zawilgocenie lub okresowy kontakt z wod\u0105, nienara\u017conych na podci\u0105ganie wilgoci z pod\u0142o\u017ca.<\/p>\n","protected":false},"featured_media":22070,"comment_status":"open","ping_status":"closed","template":"","meta":{"_acf_changed":false,"inline_featured_image":false},"product_cat":[288],"product_tag":[2035,2042],"class_list":{"0":"post-20962","1":"product","2":"type-product","3":"status-publish","4":"has-post-thumbnail","6":"product_cat-ochrona-antywilgociowa","7":"product_tag-folia-w-plynie","8":"product_tag-mapei-mapegum-wps","10":"first","11":"instock","12":"shipping-taxable","13":"purchasable","14":"product-type-simple"},"acf":[],"_links":{"self":[{"href":"https:\/\/e-adams.pl\/de\/wp-json\/wp\/v2\/product\/20962","targetHints":{"allow":["GET"]}}],"collection":[{"href":"https:\/\/e-adams.pl\/de\/wp-json\/wp\/v2\/product"}],"about":[{"href":"https:\/\/e-adams.pl\/de\/wp-json\/wp\/v2\/types\/product"}],"replies":[{"embeddable":true,"href":"https:\/\/e-adams.pl\/de\/wp-json\/wp\/v2\/comments?post=20962"}],"wp:featuredmedia":[{"embeddable":true,"href":"https:\/\/e-adams.pl\/de\/wp-json\/wp\/v2\/media\/22070"}],"wp:attachment":[{"href":"https:\/\/e-adams.pl\/de\/wp-json\/wp\/v2\/media?parent=20962"}],"wp:term":[{"taxonomy":"product_cat","embeddable":true,"href":"https:\/\/e-adams.pl\/de\/wp-json\/wp\/v2\/product_cat?post=20962"},{"taxonomy":"product_tag","embeddable":true,"href":"https:\/\/e-adams.pl\/de\/wp-json\/wp\/v2\/product_tag?post=20962"}],"curies":[{"name":"wp","href":"https:\/\/api.w.org\/{rel}","templated":true}]}}