{"id":20965,"date":"2023-09-12T12:11:04","date_gmt":"2023-09-12T10:11:04","guid":{"rendered":"https:\/\/e-adams.pl\/produkt\/franspol-gladz-szpachlowa-finisz-8kg\/"},"modified":"2024-07-15T11:31:17","modified_gmt":"2024-07-15T09:31:17","slug":"gotowa-gladz-szpachlowa-finisz-franspol-8kg","status":"publish","type":"product","link":"https:\/\/e-adams.pl\/de\/produkt\/gotowa-gladz-szpachlowa-finisz-franspol-8kg\/","title":{"rendered":"Gotowa g\u0142ad\u017a szpachlowa FINISZ FRANSPOL 8kg"},"content":{"rendered":"<h3>OPIS:<\/h3>\n<p>Gotowa g\u0142ad\u017a szpachlowa FINISZ FRANSPOL to najwy\u017cszej jako\u015bci, \u015bnie\u017cnobia\u0142a, przeznaczona g\u0142\u00f3wnie do prac remontowych, wyko\u0144czeniowych i dekoracyjnych. Pozwala doprowadzi\u0107 \u015bciany i sufity do idealnej g\u0142adko\u015bci przed malowaniem. Jest doskona\u0142ym materia\u0142em s\u0142u\u017c\u0105cym do ostatecznego wype\u0142niania niewielkich ubytk\u00f3w i rys na tynkach.<\/p>\n<p>S\u0142u\u017cy do szpachlowania na pod\u0142o\u017cach betonowych, tynkach cementowych i cementowo &#8211; wapiennych wewn\u0105trz pomieszcze\u0144. Mo\u017ce s\u0142u\u017cy\u0107 do szpachlowania z\u0142\u0105czy p\u0142yt gipsowo &#8211; kartonowych jako ostateczna warstwa.<\/p>\n<p>Ze wzgl\u0119du na wysok\u0105 elastyczno\u015b\u0107 Gotowa G\u0142ad\u017a Szpachlowa Finisz jest \u0142atwa w nak\u0142adaniu i rozprowadzaniu zar\u00f3wno metod\u0105 r\u0119czn\u0105 jak i za pomoc\u0105 agregatu natryskowego.<\/p>\n<h2><strong>Spos\u00f3b u\u017cycia:<\/strong><\/h2>\n<p>G\u0142ad\u017a szpachlow\u0105 nale\u017cy dobrze wymiesza\u0107. Nie rozcie\u0144cza\u0107 z wod\u0105. Nast\u0119pnie na\u0142o\u017cy\u0107 produkt na przygotowan\u0105 powierzchni\u0119 za pomoc\u0105 szpachelki b\u0105d\u017a metalowej pacy.<\/p>\n<p>Warstwa produktu powinna wynosi\u0107 1-2 mm. W przypadku nier\u00f3wnych pod\u0142o\u017cy g\u0142ad\u017a na\u0142o\u017cy\u0107 po wyschni\u0119ciu poprzedniej warstwy.<\/p>\n<p>Such\u0105 powierzchni\u0119 wyg\u0142adzi\u0107 papierem \u015bciernym, odpyli\u0107 i rozpocz\u0105\u0107 malowanie. Proces szpachlowania prowadzi\u0107 w temperaturze +10 \u00b0C.<\/p>\n<h3>DANE TECHNICZNE:<\/h3>\n<p>\u2022 Marka: Frans-Pol<br \/>\n\u2022 Kolor dominuj\u0105cy: Bia\u0142y<br \/>\n\u2022 Waga: 8 kg<br \/>\n\u2022 Rodzaj: Masa szpachlowa<br \/>\n\u2022 Opakowanie: Wiadro<br \/>\n\u2022 Kod EAN: 5903116580242<\/p>\n","protected":false},"excerpt":{"rendered":"<p>Gotowa g\u0142ad\u017a szpachlowa FINISZ FRANSPOL to najwy\u017cszej jako\u015bci, \u015bnie\u017cnobia\u0142a, przeznaczona g\u0142\u00f3wnie do prac remontowych, wyko\u0144czeniowych i dekoracyjnych. Pozwala doprowadzi\u0107 \u015bciany i sufity do idealnej g\u0142adko\u015bci przed malowaniem. Jest doskona\u0142ym materia\u0142em s\u0142u\u017c\u0105cym do ostatecznego wype\u0142niania niewielkich ubytk\u00f3w i rys na tynkach.<\/p>\n","protected":false},"featured_media":22534,"comment_status":"open","ping_status":"closed","template":"","meta":{"_acf_changed":false,"inline_featured_image":false},"product_cat":[275],"product_tag":[966,2265],"class_list":{"0":"post-20965","1":"product","2":"type-product","3":"status-publish","4":"has-post-thumbnail","6":"product_cat-gipsy-zaprawy","7":"product_tag-franspol","8":"product_tag-gotowa-gladz-szpachlowa","10":"first","11":"instock","12":"shipping-taxable","13":"purchasable","14":"product-type-simple"},"acf":[],"_links":{"self":[{"href":"https:\/\/e-adams.pl\/de\/wp-json\/wp\/v2\/product\/20965","targetHints":{"allow":["GET"]}}],"collection":[{"href":"https:\/\/e-adams.pl\/de\/wp-json\/wp\/v2\/product"}],"about":[{"href":"https:\/\/e-adams.pl\/de\/wp-json\/wp\/v2\/types\/product"}],"replies":[{"embeddable":true,"href":"https:\/\/e-adams.pl\/de\/wp-json\/wp\/v2\/comments?post=20965"}],"wp:featuredmedia":[{"embeddable":true,"href":"https:\/\/e-adams.pl\/de\/wp-json\/wp\/v2\/media\/22534"}],"wp:attachment":[{"href":"https:\/\/e-adams.pl\/de\/wp-json\/wp\/v2\/media?parent=20965"}],"wp:term":[{"taxonomy":"product_cat","embeddable":true,"href":"https:\/\/e-adams.pl\/de\/wp-json\/wp\/v2\/product_cat?post=20965"},{"taxonomy":"product_tag","embeddable":true,"href":"https:\/\/e-adams.pl\/de\/wp-json\/wp\/v2\/product_tag?post=20965"}],"curies":[{"name":"wp","href":"https:\/\/api.w.org\/{rel}","templated":true}]}}