{"id":20966,"date":"2023-09-12T12:11:05","date_gmt":"2023-09-12T10:11:05","guid":{"rendered":"https:\/\/e-adams.pl\/produkt\/franspol-raptor-5kg-gotowa-gladz\/"},"modified":"2024-02-15T11:49:32","modified_gmt":"2024-02-15T10:49:32","slug":"gotowa-gladz-szpachlowa-franspol-raptor-5kg","status":"publish","type":"product","link":"https:\/\/e-adams.pl\/de\/produkt\/gotowa-gladz-szpachlowa-franspol-raptor-5kg\/","title":{"rendered":"Gotowa g\u0142ad\u017a szpachlowa FRANSPOL RAPTOR 5kg"},"content":{"rendered":"<h3>OPIS:<\/h3>\n<p>Gotowa G\u0142ad\u017a Szpachlowa FRANSPOL Raptor to najwy\u017cszej jako\u015bci, gotowa do u\u017cycia G\u0142ad\u017a przeznaczona g\u0142\u00f3wnie do prac remontowych, wyko\u0144czeniowych i dekoracyjnych w budownictwie. Pozwala doprowadzi\u0107 \u015bciany i sufity do idealnej g\u0142adko\u015bci przed malowaniem. Jest doskona\u0142ym materia\u0142em s\u0142u\u017c\u0105cym do ostatecznego wype\u0142niania niewielkich ubytk\u00f3w i rys na tynkach.<\/p>\n<p>Mo\u017cna j\u0105 u\u017cywa\u0107 na pod\u0142o\u017cach betonowych, tynkach cementowych i cementowo-wapiennych wewn\u0105trz pomieszcze\u0144. Ze wzgl\u0119du na wysok\u0105 elastyczno\u015b\u0107 oraz wyra\u017any efekt tiksotropowy Gotowa G\u0142ad\u017a Szpachlowa Raptor jest \u0142atwa w nak\u0142adaniu i rozprowadzaniu zar\u00f3wno metod\u0105 r\u0119czn\u0105, wa\u0142kiem jak i za pomoc\u0105 agregatu natryskowego.<\/p>\n<p>Szczeg\u00f3lnie polecana do agregatu hydrodynamicznego \u2013 Graco dzi\u0119ki zdolno\u015bci do zmniejszania lepko\u015bci pozornej pod dzia\u0142aniem napr\u0119\u017cenia \u015bcinaj\u0105cego, a nast\u0119pnie jej stopniowego wzrostu po usuni\u0119ciu napr\u0119\u017cenia.<\/p>\n<h3><strong>Spos\u00f3b u\u017cycia:<\/strong><\/h3>\n<p>G\u0142ad\u017a szpachlow\u0105 dobrze wymiesza\u0107. Nie rozcie\u0144cza\u0107 z wod\u0105. Nast\u0119pnie na\u0142o\u017cy\u0107 produkt na przygotowan\u0105 powierzchni\u0119 za pomoc\u0105 narz\u0119dzi ze stali nierdzewnej, wa\u0142kiem lub przy pomocy agregatu malarskiego.<\/p>\n<p>Warstwa produktu powinna wynosi\u0107 1-3 mm. W przypadku nier\u00f3wnych pod\u0142o\u017cy g\u0142ad\u017a na\u0142o\u017cy\u0107 po wyschni\u0119ciu poprzedniej warstwy. Jest r\u00f3wnie\u017c mo\u017cliwo\u015b\u0107 na\u0142o\u017cenia drugiej warstwy metod\u0105 &#8222;mokre na mokre&#8220; po dw\u00f3ch godzinach.<\/p>\n<p>Such\u0105 powierzchnie wyg\u0142adzi\u0107 papierem \u015bciernym, odpyli\u0107 i rozpocz\u0105\u0107 malowanie. Proces szpachlowania prowadzi\u0107 w temperaturze +10 \u00b0C oraz wilgotno\u015bci powietrza do 70%.<\/p>\n<h3>DANE TECHNICZNE:<\/h3>\n<p>\u2022 Kolor: bia\u0142y<br \/>\n\u2022 Wydajno\u015b\u0107: 0,5 kg\/m\u00b2<br \/>\n\u2022 Zastosowanie: wewn\u0105trz<br \/>\n\u2022 Grubo\u015b\u0107 warstwy: 1-3 mm<br \/>\n\u2022 Aplikacja: r\u0119cznie \/ maszynowo<br \/>\n\u2022 Kod EAN: 5903116584318<\/p>\n","protected":false},"excerpt":{"rendered":"<p>Gotowa G\u0142ad\u017a Szpachlowa FRANSPOL Raptor to najwy\u017cszej jako\u015bci, gotowa do u\u017cycia G\u0142ad\u017a przeznaczona g\u0142\u00f3wnie do prac remontowych, wyko\u0144czeniowych i dekoracyjnych w budownictwie. Pozwala doprowadzi\u0107 \u015bciany i sufity do idealnej g\u0142adko\u015bci przed malowaniem. Jest doskona\u0142ym materia\u0142em s\u0142u\u017c\u0105cym do ostatecznego wype\u0142niania niewielkich ubytk\u00f3w i rys na tynkach.<\/p>\n","protected":false},"featured_media":22543,"comment_status":"open","ping_status":"closed","template":"","meta":{"_acf_changed":false,"inline_featured_image":false},"product_cat":[275],"product_tag":[966,2309],"class_list":{"0":"post-20966","1":"product","2":"type-product","3":"status-publish","4":"has-post-thumbnail","6":"product_cat-gipsy-zaprawy","7":"product_tag-franspol","8":"product_tag-gotowa-gladz","10":"first","11":"outofstock","12":"shipping-taxable","13":"purchasable","14":"product-type-simple"},"acf":[],"_links":{"self":[{"href":"https:\/\/e-adams.pl\/de\/wp-json\/wp\/v2\/product\/20966","targetHints":{"allow":["GET"]}}],"collection":[{"href":"https:\/\/e-adams.pl\/de\/wp-json\/wp\/v2\/product"}],"about":[{"href":"https:\/\/e-adams.pl\/de\/wp-json\/wp\/v2\/types\/product"}],"replies":[{"embeddable":true,"href":"https:\/\/e-adams.pl\/de\/wp-json\/wp\/v2\/comments?post=20966"}],"wp:featuredmedia":[{"embeddable":true,"href":"https:\/\/e-adams.pl\/de\/wp-json\/wp\/v2\/media\/22543"}],"wp:attachment":[{"href":"https:\/\/e-adams.pl\/de\/wp-json\/wp\/v2\/media?parent=20966"}],"wp:term":[{"taxonomy":"product_cat","embeddable":true,"href":"https:\/\/e-adams.pl\/de\/wp-json\/wp\/v2\/product_cat?post=20966"},{"taxonomy":"product_tag","embeddable":true,"href":"https:\/\/e-adams.pl\/de\/wp-json\/wp\/v2\/product_tag?post=20966"}],"curies":[{"name":"wp","href":"https:\/\/api.w.org\/{rel}","templated":true}]}}