{"id":20967,"date":"2023-09-12T12:11:06","date_gmt":"2023-09-12T10:11:06","guid":{"rendered":"https:\/\/e-adams.pl\/produkt\/gabka-celulozowa-150-110-60-mm-a-100-6227\/"},"modified":"2024-07-15T11:31:19","modified_gmt":"2024-07-15T09:31:19","slug":"gabka-celulozowa-solid-150-110-60-mm","status":"publish","type":"product","link":"https:\/\/e-adams.pl\/de\/produkt\/gabka-celulozowa-solid-150-110-60-mm\/","title":{"rendered":"G\u0105bka celulozowa SOLID 150\/110\/60 mm"},"content":{"rendered":"<h3>OPIS:<\/h3>\n<p>G\u0105bka celulozowa <a href=\"https:\/\/e-adams.pl\/solid\">SOLID<\/a> jej zalet\u0105 jest ergonomiczny kszta\u0142t, kt\u00f3ry dopasowuje si\u0119 do d\u0142oni oraz przyczynia si\u0119 do zwi\u0119kszenia komfortu w czasie pracy. Dodatkowym zastosowaniem dla g\u0105bki jest kszta\u0142towanie fug epoksydowych, jak r\u00f3wnie\u017c cementowych. Jest bardzo przydatna podczas czyszczenia po pracach glazurniczych.<\/p>\n<p>Produkty marki SOLID przeznaczone s\u0105 dla profesjonalnych wykonawc\u00f3w budowlanych, kt\u00f3rzy doceniaj\u0105 wysok\u0105 jako\u015b\u0107 i niezawodno\u015b\u0107 u\u017cytych narz\u0119dzi. Do produkcji wyrob\u00f3w u\u017cywane s\u0105 wy\u0142\u0105cznie najwy\u017cszej jako\u015bci komponenty takie jak stal pochodz\u0105ca z renomowanych europejskich hut czy wysokogatunkowych tworzyw sztucznych.<\/p>\n<h3>DANE TECHNICZNE:<\/h3>\n<p><strong>\u2022 EAN: <\/strong>5906554519669<\/p>\n<p><strong>\u2022 Symbol producenta:<\/strong>\u00a06227<\/p>\n<p><strong>\u2022 Wymiar:<\/strong>\u00a0150 mm x 110 mm x 60 mm<\/p>\n","protected":false},"excerpt":{"rendered":"<p>G\u0105bka celulozowa SOLID jej zalet\u0105 jest ergonomiczny kszta\u0142t, kt\u00f3ry dopasowuje si\u0119 do d\u0142oni oraz przyczynia si\u0119 do zwi\u0119kszenia komfortu w czasie pracy. Dodatkowym zastosowaniem dla g\u0105bki jest kszta\u0142towanie fug epoksydowych, jak r\u00f3wnie\u017c cementowych. Jest bardzo przydatna podczas czyszczenia po pracach glazurniczych.<\/p>\n","protected":false},"featured_media":22576,"comment_status":"open","ping_status":"closed","template":"","meta":{"_acf_changed":false,"inline_featured_image":false},"product_cat":[2294],"product_tag":[2318,2319,1815],"class_list":{"0":"post-20967","1":"product","2":"type-product","3":"status-publish","4":"has-post-thumbnail","6":"product_cat-akcesoria-do-czyszczenia-plytek-i-fug","7":"product_tag-gabka-celulozowa","8":"product_tag-ksztaltowanie-fug","9":"product_tag-solid","11":"first","12":"instock","13":"shipping-taxable","14":"purchasable","15":"product-type-simple"},"acf":[],"_links":{"self":[{"href":"https:\/\/e-adams.pl\/de\/wp-json\/wp\/v2\/product\/20967","targetHints":{"allow":["GET"]}}],"collection":[{"href":"https:\/\/e-adams.pl\/de\/wp-json\/wp\/v2\/product"}],"about":[{"href":"https:\/\/e-adams.pl\/de\/wp-json\/wp\/v2\/types\/product"}],"replies":[{"embeddable":true,"href":"https:\/\/e-adams.pl\/de\/wp-json\/wp\/v2\/comments?post=20967"}],"wp:featuredmedia":[{"embeddable":true,"href":"https:\/\/e-adams.pl\/de\/wp-json\/wp\/v2\/media\/22576"}],"wp:attachment":[{"href":"https:\/\/e-adams.pl\/de\/wp-json\/wp\/v2\/media?parent=20967"}],"wp:term":[{"taxonomy":"product_cat","embeddable":true,"href":"https:\/\/e-adams.pl\/de\/wp-json\/wp\/v2\/product_cat?post=20967"},{"taxonomy":"product_tag","embeddable":true,"href":"https:\/\/e-adams.pl\/de\/wp-json\/wp\/v2\/product_tag?post=20967"}],"curies":[{"name":"wp","href":"https:\/\/api.w.org\/{rel}","templated":true}]}}