{"id":20968,"date":"2023-09-12T12:11:06","date_gmt":"2023-09-12T10:11:06","guid":{"rendered":"https:\/\/e-adams.pl\/produkt\/gabka-kostka-hydrochlonna-140-110-70-5356\/"},"modified":"2024-07-15T11:31:18","modified_gmt":"2024-07-15T09:31:18","slug":"gabka-kostka-hydrochlonna-140-110-70-mm","status":"publish","type":"product","link":"https:\/\/e-adams.pl\/de\/produkt\/gabka-kostka-hydrochlonna-140-110-70-mm\/","title":{"rendered":"G\u0105bka kostka hydroch\u0142onna 140\/110\/70 mm"},"content":{"rendered":"<h3>OPIS:<\/h3>\n<p>G\u0105bka kostka hydroch\u0142onna <a href=\"https:\/\/e-adams.pl\/solid\">SOLID<\/a>\u00a0 umo\u017cliwia sprawne i dok\u0142adne czyszczenie p\u0142ytek po fugowaniu. Stosowana jest zar\u00f3wno podczas wykonywania prac remontowych, jak te\u017c w czasie ozdabiania ma\u0142ych powierzchni. Umo\u017cliwia b\u0142yskawiczne wykonywanie zaplanowanych prac, poniewa\u017c doskonale ch\u0142onie wod\u0119.<\/p>\n<p>Produkty marki SOLID przeznaczone s\u0105 dla profesjonalnych wykonawc\u00f3w budowlanych, kt\u00f3rzy doceniaj\u0105 wysok\u0105 jako\u015b\u0107 i niezawodno\u015b\u0107 u\u017cytych narz\u0119dzi. Do produkcji wyrob\u00f3w u\u017cywane s\u0105 wy\u0142\u0105cznie najwy\u017cszej jako\u015bci komponenty takie jak stal pochodz\u0105ca z renomowanych europejskich hut czy wysokogatunkowych tworzyw sztucznych.<\/p>\n<h3>DANE TECHNICZNE:<\/h3>\n<p><strong>\u2022 EAN:<\/strong>5906554510505<\/p>\n<p><strong>\u2022 Symbol producenta:<\/strong> 5356<\/p>\n<p><strong>\u2022 Wymiar:<\/strong> 140 mm x 110 mm x 70 mm<\/p>\n","protected":false},"excerpt":{"rendered":"<p>G\u0105bka kostka hydroch\u0142onna <a href=\"https:\/\/e-adams.pl\/solid\">SOLID<\/a>\u00a0 umo\u017cliwia sprawne i dok\u0142adne czyszczenie p\u0142ytek po fugowaniu. Stosowana jest zar\u00f3wno podczas wykonywania prac remontowych, jak te\u017c w czasie ozdabiania ma\u0142ych powierzchni. Umo\u017cliwia b\u0142yskawiczne wykonywanie zaplanowanych prac, poniewa\u017c doskonale ch\u0142onie wod\u0119.<\/p>\n","protected":false},"featured_media":22578,"comment_status":"open","ping_status":"closed","template":"","meta":{"_acf_changed":false,"inline_featured_image":false},"product_cat":[2294],"product_tag":[2321,2320,1815],"class_list":{"0":"post-20968","1":"product","2":"type-product","3":"status-publish","4":"has-post-thumbnail","6":"product_cat-akcesoria-do-czyszczenia-plytek-i-fug","7":"product_tag-czyszczenie-po-fugowaniu","8":"product_tag-gabka-kostka-hydrochlonna","9":"product_tag-solid","11":"first","12":"instock","13":"shipping-taxable","14":"purchasable","15":"product-type-simple"},"acf":[],"_links":{"self":[{"href":"https:\/\/e-adams.pl\/de\/wp-json\/wp\/v2\/product\/20968","targetHints":{"allow":["GET"]}}],"collection":[{"href":"https:\/\/e-adams.pl\/de\/wp-json\/wp\/v2\/product"}],"about":[{"href":"https:\/\/e-adams.pl\/de\/wp-json\/wp\/v2\/types\/product"}],"replies":[{"embeddable":true,"href":"https:\/\/e-adams.pl\/de\/wp-json\/wp\/v2\/comments?post=20968"}],"wp:featuredmedia":[{"embeddable":true,"href":"https:\/\/e-adams.pl\/de\/wp-json\/wp\/v2\/media\/22578"}],"wp:attachment":[{"href":"https:\/\/e-adams.pl\/de\/wp-json\/wp\/v2\/media?parent=20968"}],"wp:term":[{"taxonomy":"product_cat","embeddable":true,"href":"https:\/\/e-adams.pl\/de\/wp-json\/wp\/v2\/product_cat?post=20968"},{"taxonomy":"product_tag","embeddable":true,"href":"https:\/\/e-adams.pl\/de\/wp-json\/wp\/v2\/product_tag?post=20968"}],"curies":[{"name":"wp","href":"https:\/\/api.w.org\/{rel}","templated":true}]}}