{"id":20969,"date":"2023-09-12T12:11:07","date_gmt":"2023-09-12T10:11:07","guid":{"rendered":"https:\/\/e-adams.pl\/produkt\/gabka-kostka-hydrochlonna-premium-140-110-70-6229\/"},"modified":"2024-05-10T11:02:23","modified_gmt":"2024-05-10T09:02:23","slug":"gabka-kostka-hydrochlonna-solid-premium","status":"publish","type":"product","link":"https:\/\/e-adams.pl\/de\/produkt\/gabka-kostka-hydrochlonna-solid-premium\/","title":{"rendered":"G\u0105bka kostka hydroch\u0142onna SOLID Premium"},"content":{"rendered":"<h3>OPIS:<\/h3>\n<p>G\u0105bka kostka hydroch\u0142onna <a href=\"https:\/\/e-adams.pl\/solid\">SOLID<\/a>\u00a0 umo\u017cliwia sprawne i dok\u0142adne czyszczenie p\u0142ytek po fugowaniu. Stosowana jest zar\u00f3wno podczas wykonywania prac remontowych, jak te\u017c w czasie ozdabiania ma\u0142ych powierzchni. Umo\u017cliwia b\u0142yskawiczne wykonywanie zaplanowanych prac, poniewa\u017c doskonale ch\u0142onie wod\u0119.<\/p>\n<p>Produkty marki SOLID przeznaczone s\u0105 dla profesjonalnych wykonawc\u00f3w budowlanych, kt\u00f3rzy doceniaj\u0105 wysok\u0105 jako\u015b\u0107 i niezawodno\u015b\u0107 u\u017cytych narz\u0119dzi. Do produkcji wyrob\u00f3w u\u017cywane s\u0105 wy\u0142\u0105cznie najwy\u017cszej jako\u015bci komponenty takie jak stal pochodz\u0105ca z renomowanych europejskich hut czy wysokogatunkowych tworzyw sztucznych.<\/p>\n<h3>DANE TECHNICZNE:<\/h3>\n<p><strong>\u2022 EAN: <\/strong>5906554518990<\/p>\n<p><strong>\u2022 Symbol producenta:<\/strong> 6229<\/p>\n<p><strong>\u2022 Wymiar:<\/strong> 140 mm x 110 mm x 70 mm<\/p>\n","protected":false},"excerpt":{"rendered":"<p>G\u0105bka kostka hydroch\u0142onna <a href=\"https:\/\/e-adams.pl\/solid\">SOLID<\/a>\u00a0 umo\u017cliwia sprawne i dok\u0142adne czyszczenie p\u0142ytek po fugowaniu. Stosowana jest zar\u00f3wno podczas wykonywania prac remontowych, jak te\u017c w czasie ozdabiania ma\u0142ych powierzchni. Umo\u017cliwia b\u0142yskawiczne wykonywanie zaplanowanych prac, poniewa\u017c doskonale ch\u0142onie wod\u0119.<\/p>\n","protected":false},"featured_media":22583,"comment_status":"open","ping_status":"closed","template":"","meta":{"_acf_changed":false,"inline_featured_image":false},"product_cat":[2294],"product_tag":[2320,2322,1815],"class_list":{"0":"post-20969","1":"product","2":"type-product","3":"status-publish","4":"has-post-thumbnail","6":"product_cat-akcesoria-do-czyszczenia-plytek-i-fug","7":"product_tag-gabka-kostka-hydrochlonna","8":"product_tag-premium","9":"product_tag-solid","11":"first","12":"instock","13":"shipping-taxable","14":"purchasable","15":"product-type-simple"},"acf":[],"_links":{"self":[{"href":"https:\/\/e-adams.pl\/de\/wp-json\/wp\/v2\/product\/20969","targetHints":{"allow":["GET"]}}],"collection":[{"href":"https:\/\/e-adams.pl\/de\/wp-json\/wp\/v2\/product"}],"about":[{"href":"https:\/\/e-adams.pl\/de\/wp-json\/wp\/v2\/types\/product"}],"replies":[{"embeddable":true,"href":"https:\/\/e-adams.pl\/de\/wp-json\/wp\/v2\/comments?post=20969"}],"wp:featuredmedia":[{"embeddable":true,"href":"https:\/\/e-adams.pl\/de\/wp-json\/wp\/v2\/media\/22583"}],"wp:attachment":[{"href":"https:\/\/e-adams.pl\/de\/wp-json\/wp\/v2\/media?parent=20969"}],"wp:term":[{"taxonomy":"product_cat","embeddable":true,"href":"https:\/\/e-adams.pl\/de\/wp-json\/wp\/v2\/product_cat?post=20969"},{"taxonomy":"product_tag","embeddable":true,"href":"https:\/\/e-adams.pl\/de\/wp-json\/wp\/v2\/product_tag?post=20969"}],"curies":[{"name":"wp","href":"https:\/\/api.w.org\/{rel}","templated":true}]}}