{"id":20973,"date":"2023-09-12T12:11:10","date_gmt":"2023-09-12T10:11:10","guid":{"rendered":"https:\/\/e-adams.pl\/produkt\/gladz-tynkowa-a-2-smig-5-kg\/"},"modified":"2024-07-15T11:31:16","modified_gmt":"2024-07-15T09:31:16","slug":"gotowa-gladz-szpachlowa-smig-a-2-megaron-5kg","status":"publish","type":"product","link":"https:\/\/e-adams.pl\/de\/produkt\/gotowa-gladz-szpachlowa-smig-a-2-megaron-5kg\/","title":{"rendered":"Gotowa g\u0142ad\u017a szpachlowa \u015aMIG A-2 MEGARON 5kg"},"content":{"rendered":"<h3>OPIS:<\/h3>\n<p>Gotowa g\u0142ad\u017a szpachlowa \u015aMIG A-2 MEGARON przeznaczona jest do wyg\u0142adzania powierzchni \u015bcian i sufit\u00f3w wewn\u0105trz budynk\u00f3w. Proces wi\u0105zania produktu zachodzi w trakcie odparowywania wody z zaprawy. Wi\u0105zanie jest procesem nieodwracalnym. Tworzy trwa\u0142e pod\u0142o\u017ce pod pow\u0142oki malarskie i tapety. \u015aMIG mo\u017cna stosowa\u0107 na wszelkie mineralne pod\u0142o\u017ca budowlane oraz stare pow\u0142oki malarskie \u2013 w tym olejn\u0105 i emulsyjn\u0105 &#8211; o trwa\u0142ej, czystej i suchej powierzchni.<\/p>\n<h3>DANE TECHNICZNE:<\/h3>\n<ul>\n<li>Sk\u0142ad chemiczny: mieszanka surowc\u00f3w mineralnych, dyspersji polimerowej, chemicznych dodatk\u00f3w modyfikuj\u0105cych i wody, o konsystencji tiksotropowej pasty.<\/li>\n<li>Zgodno\u015b\u0107 z normami: EN 15824:2017, EN 13963:2005, EN, 13963:2005\/AC:2006<\/li>\n<li>Przyczepno\u015b\u0107 do pod\u0142o\u017ca: \u2265 0,4 MPa<\/li>\n<li>Reakcja na ogie\u0144: A2 \u2013 s1, d0<\/li>\n<li>Wytrzyma\u0142o\u015b\u0107 na zginanie: 300 N<\/li>\n<li>Ci\u0119\u017car w\u0142a\u015bciwy: 1,65 kg\/l<\/li>\n<li>Temperatura aplikacji: od +10 do +40\u00b0C<\/li>\n<li>Temperatura przechowywania: od 0 do +40\u00b0C<\/li>\n<li>Wydajno\u015b\u0107 przy warstwie 1 mm: ok. 2 kg\/m2<\/li>\n<li>Czas wi\u0105zania przy warstwie 1 mm: 1-2 h przy temp. +20\u00b0C i wilgotno\u015bci 50%<\/li>\n<li>Maksymalna grubo\u015b\u0107 jednej warstwy: 5 mm<\/li>\n<\/ul>\n","protected":false},"excerpt":{"rendered":"<p>Gotowa g\u0142ad\u017a szpachlowa \u015aMIG A-2 MEGARON przeznaczona jest do wyg\u0142adzania powierzchni \u015bcian i sufit\u00f3w wewn\u0105trz budynk\u00f3w. Proces wi\u0105zania produktu zachodzi w trakcie odparowywania wody z zaprawy. Wi\u0105zanie jest procesem nieodwracalnym. Tworzy trwa\u0142e pod\u0142o\u017ce pod pow\u0142oki malarskie i tapety. \u015aMIG mo\u017cna stosowa\u0107 na wszelkie mineralne pod\u0142o\u017ca budowlane oraz stare pow\u0142oki malarskie \u2013 w tym olejn\u0105 i emulsyjn\u0105 &#8211; o trwa\u0142ej, czystej i suchej powierzchni.<\/p>\n","protected":false},"featured_media":22494,"comment_status":"open","ping_status":"closed","template":"","meta":{"_acf_changed":false,"inline_featured_image":false},"product_cat":[275],"product_tag":[2265,970,2264],"class_list":{"0":"post-20973","1":"product","2":"type-product","3":"status-publish","4":"has-post-thumbnail","6":"product_cat-gipsy-zaprawy","7":"product_tag-gotowa-gladz-szpachlowa","8":"product_tag-megaron","9":"product_tag-smig","11":"first","12":"instock","13":"shipping-taxable","14":"purchasable","15":"product-type-simple"},"acf":[],"_links":{"self":[{"href":"https:\/\/e-adams.pl\/de\/wp-json\/wp\/v2\/product\/20973","targetHints":{"allow":["GET"]}}],"collection":[{"href":"https:\/\/e-adams.pl\/de\/wp-json\/wp\/v2\/product"}],"about":[{"href":"https:\/\/e-adams.pl\/de\/wp-json\/wp\/v2\/types\/product"}],"replies":[{"embeddable":true,"href":"https:\/\/e-adams.pl\/de\/wp-json\/wp\/v2\/comments?post=20973"}],"wp:featuredmedia":[{"embeddable":true,"href":"https:\/\/e-adams.pl\/de\/wp-json\/wp\/v2\/media\/22494"}],"wp:attachment":[{"href":"https:\/\/e-adams.pl\/de\/wp-json\/wp\/v2\/media?parent=20973"}],"wp:term":[{"taxonomy":"product_cat","embeddable":true,"href":"https:\/\/e-adams.pl\/de\/wp-json\/wp\/v2\/product_cat?post=20973"},{"taxonomy":"product_tag","embeddable":true,"href":"https:\/\/e-adams.pl\/de\/wp-json\/wp\/v2\/product_tag?post=20973"}],"curies":[{"name":"wp","href":"https:\/\/api.w.org\/{rel}","templated":true}]}}