{"id":20974,"date":"2023-09-12T12:11:10","date_gmt":"2023-09-12T10:11:10","guid":{"rendered":"https:\/\/e-adams.pl\/produkt\/gotowa-masa-szpachlowa-super-finish-28kg-knauf\/"},"modified":"2024-07-15T11:31:17","modified_gmt":"2024-07-15T09:31:17","slug":"gotowa-masa-szpachlowa-knauf-super-finish-28kg","status":"publish","type":"product","link":"https:\/\/e-adams.pl\/de\/produkt\/gotowa-masa-szpachlowa-knauf-super-finish-28kg\/","title":{"rendered":"Gotowa masa szpachlowa KNAUF SUPER FINISH 28kg"},"content":{"rendered":"<h3>OPIS:<\/h3>\n<p>Gotowa masa szpachlowa KNAUF SUPER FINISH do ca\u0142o powierzchniowego szpachlowania p\u0142yt G-K bez gruntowania. Podczas budowy domu oraz remontowania konieczna jest g\u0142ad\u017a. G\u0142ad\u017a gotowa charakteryzuje si\u0119 gotow\u0105 do nak\u0142adania bezpy\u0142ow\u0105 mas\u0105, kt\u00f3r\u0105 aplikujesz centralnie na powierzchnie.<br \/>\nDzi\u0119ki u\u017cyciu tej g\u0142adzi uzyskasz doskonale g\u0142adkie powierzchnie, przygotowane do dalszego wyka\u0144czania \u2013 np. za pomoc\u0105 farb. Mas\u0119 da si\u0119 stosowa\u0107 r\u0119cznie ewentualnie z wykorzystaniem plastikowych narz\u0119dzi.<\/p>\n<p>Nak\u0142adanie i szlifowanie jest bardzo \u0142atwe. Mo\u017ce by\u0107 nak\u0142adana r\u0119cznie i maszynowo w warstwach o grubo\u015bci do 3mm. Masa z up\u0142ywem czasu twardnieje, co sprawia, \u017ce \u015bciany i sufity s\u0105 trwa\u0142e i odporne na uszkodzenia.<\/p>\n<h2>Spos\u00f3b u\u017cytkowania:<\/h2>\n<ul>\n<li>\u015arednie zu\u017cycie 1mm grubo\u015bci: 1,5 kg\/m2<\/li>\n<li>Czas schni\u0119cia pojedynczej warstwy o grubo\u015bci 1 mm wynosi ok 2,5 h<\/li>\n<li>Nak\u0142ada\u0107 warstwami o grubo\u015bci do 3 mm<\/li>\n<li>Kolejn\u0105 warstw\u0119 nak\u0142ada\u0107 po wyschni\u0119ciu poprzedniej<\/li>\n<li>Such\u0105 powierzchni\u0119 szlifowa\u0107 papierem o ziarnisto\u015bci #180 &#8211; #220 najp\u00f3\u017aniej 3-4 dni po na\u0142o\u017ceniu<\/li>\n<li>Po d\u0142u\u017cszym czasie powierzchnia staje si\u0119 twarda i wytrzyma\u0142a<\/li>\n<li>Powierzchni\u0119 po wyschni\u0119ciu zagruntowa\u0107 \u015brodkiem gruntuj\u0105cym<\/li>\n<li>Tak wyko\u0144czon\u0105 powierzchni\u0119 mo\u017cna malowa\u0107 wszystkimi rodzajami farb<\/li>\n<\/ul>\n","protected":false},"excerpt":{"rendered":"<p>Gotowa masa szpachlowa KNAUF SUPER FINISH do ca\u0142o powierzchniowego szpachlowania p\u0142yt G-K bez gruntowania. Podczas budowy domu oraz remontowania konieczna jest g\u0142ad\u017a. G\u0142ad\u017a gotowa charakteryzuje si\u0119 gotow\u0105 do nak\u0142adania bezpy\u0142ow\u0105 mas\u0105, kt\u00f3r\u0105 aplikujesz centralnie na powierzchnie.<\/p>\n","protected":false},"featured_media":22140,"comment_status":"open","ping_status":"closed","template":"","meta":{"_acf_changed":false,"inline_featured_image":false},"product_cat":[275],"product_tag":[2091,2090,2089],"class_list":{"0":"post-20974","1":"product","2":"type-product","3":"status-publish","4":"has-post-thumbnail","6":"product_cat-gipsy-zaprawy","7":"product_tag-gladz","8":"product_tag-gotowa-masa-szpachlowa","9":"product_tag-knauf-super-finish","11":"first","12":"instock","13":"shipping-taxable","14":"purchasable","15":"product-type-simple"},"acf":[],"_links":{"self":[{"href":"https:\/\/e-adams.pl\/de\/wp-json\/wp\/v2\/product\/20974","targetHints":{"allow":["GET"]}}],"collection":[{"href":"https:\/\/e-adams.pl\/de\/wp-json\/wp\/v2\/product"}],"about":[{"href":"https:\/\/e-adams.pl\/de\/wp-json\/wp\/v2\/types\/product"}],"replies":[{"embeddable":true,"href":"https:\/\/e-adams.pl\/de\/wp-json\/wp\/v2\/comments?post=20974"}],"wp:featuredmedia":[{"embeddable":true,"href":"https:\/\/e-adams.pl\/de\/wp-json\/wp\/v2\/media\/22140"}],"wp:attachment":[{"href":"https:\/\/e-adams.pl\/de\/wp-json\/wp\/v2\/media?parent=20974"}],"wp:term":[{"taxonomy":"product_cat","embeddable":true,"href":"https:\/\/e-adams.pl\/de\/wp-json\/wp\/v2\/product_cat?post=20974"},{"taxonomy":"product_tag","embeddable":true,"href":"https:\/\/e-adams.pl\/de\/wp-json\/wp\/v2\/product_tag?post=20974"}],"curies":[{"name":"wp","href":"https:\/\/api.w.org\/{rel}","templated":true}]}}