{"id":20976,"date":"2023-09-12T12:11:12","date_gmt":"2023-09-12T10:11:12","guid":{"rendered":"https:\/\/e-adams.pl\/produkt\/grunt-capasol-konzentrat-elf-ec-25l\/"},"modified":"2024-02-15T11:49:30","modified_gmt":"2024-02-15T10:49:30","slug":"grunt-caparol-capasol-elf-ec-25l-koncentrat","status":"publish","type":"product","link":"https:\/\/e-adams.pl\/de\/produkt\/grunt-caparol-capasol-elf-ec-25l-koncentrat\/","title":{"rendered":"Grunt CAPAROL CAPASOL ELF EC 2,5l koncentrat"},"content":{"rendered":"<h3>OPIS:<\/h3>\n<p>Grunt <a href=\"https:\/\/e-adams.pl\/caparol\/\">CAPAROL<\/a> CAPASOL to skoncentrowany, wodorozcie\u0144czalny \u015brodek gruntuj\u0105cy przeznaczony do stosowania na powierzchniach zar\u00f3wno wewn\u0119trznych, jak i zewn\u0119trznych. Ten preparat gruntuj\u0105cy zosta\u0142 opracowany w celu wyr\u00f3wnywania ch\u0142onno\u015bci pod\u0142o\u017cy sta\u0142ych, porowatych, silnie lub nier\u00f3wnomiernie ch\u0142onnych przed nak\u0142adaniem kolejnych pow\u0142ok.<\/p>\n<p>Mo\u017ce by\u0107 stosowany do obr\u00f3bki porowatych, ch\u0142onnych pod\u0142o\u017cy, takich jak tynk, mur, gazobeton, kamie\u0144 naturalny i p\u0142yty gipsowo-kartonowe (p\u0142yty GK), a tak\u017ce na betonie, betonie lekkim, zaprawie tynkarskiej i masie szpachlowej.<\/p>\n<h3>DANE TECHNICZNE:<\/h3>\n<p>\u2022 Maksymalna wydajno\u015b\u0107 z opakowania: 40 m\u00b2<br \/>\n\u2022 Marka: Caparol<br \/>\n\u2022 Temperatura pracy: 5-20\u00b0C<br \/>\n\u2022 Przybli\u017cony czas wyschni\u0119cia: 12 h<br \/>\n\u2022 Kod producenta: 822389<br \/>\n\u2022 EAN : 4002382044272<br \/>\n\u2022 Pojemno\u015b\u0107: 2.5 l<\/p>\n","protected":false},"excerpt":{"rendered":"<p>Grunt CAPAROL CAPASOL to skoncentrowany, wodorozcie\u0144czalny \u015brodek gruntuj\u0105cy przeznaczony do stosowania na powierzchniach zar\u00f3wno wewn\u0119trznych, jak i zewn\u0119trznych. Ten preparat gruntuj\u0105cy zosta\u0142 opracowany w celu wyr\u00f3wnywania ch\u0142onno\u015bci pod\u0142o\u017cy sta\u0142ych, porowatych, silnie lub nier\u00f3wnomiernie ch\u0142onnych przed nak\u0142adaniem kolejnych pow\u0142ok.<\/p>\n","protected":false},"featured_media":22210,"comment_status":"open","ping_status":"closed","template":"","meta":{"_acf_changed":false,"inline_featured_image":false},"product_cat":[1455],"product_tag":[2128,2129,1799],"class_list":{"0":"post-20976","1":"product","2":"type-product","3":"status-publish","4":"has-post-thumbnail","6":"product_cat-grunty-2","7":"product_tag-caparol","8":"product_tag-capasol","9":"product_tag-srodek-gruntujacy","11":"first","12":"instock","13":"shipping-taxable","14":"purchasable","15":"product-type-simple"},"acf":[],"_links":{"self":[{"href":"https:\/\/e-adams.pl\/de\/wp-json\/wp\/v2\/product\/20976","targetHints":{"allow":["GET"]}}],"collection":[{"href":"https:\/\/e-adams.pl\/de\/wp-json\/wp\/v2\/product"}],"about":[{"href":"https:\/\/e-adams.pl\/de\/wp-json\/wp\/v2\/types\/product"}],"replies":[{"embeddable":true,"href":"https:\/\/e-adams.pl\/de\/wp-json\/wp\/v2\/comments?post=20976"}],"wp:featuredmedia":[{"embeddable":true,"href":"https:\/\/e-adams.pl\/de\/wp-json\/wp\/v2\/media\/22210"}],"wp:attachment":[{"href":"https:\/\/e-adams.pl\/de\/wp-json\/wp\/v2\/media?parent=20976"}],"wp:term":[{"taxonomy":"product_cat","embeddable":true,"href":"https:\/\/e-adams.pl\/de\/wp-json\/wp\/v2\/product_cat?post=20976"},{"taxonomy":"product_tag","embeddable":true,"href":"https:\/\/e-adams.pl\/de\/wp-json\/wp\/v2\/product_tag?post=20976"}],"curies":[{"name":"wp","href":"https:\/\/api.w.org\/{rel}","templated":true}]}}