{"id":20979,"date":"2023-09-12T12:11:14","date_gmt":"2023-09-12T10:11:14","guid":{"rendered":"https:\/\/e-adams.pl\/produkt\/kerapoxy-ultracare-cleaner-plyn-do-pielegnacji-i-czyszczenia-0750l\/"},"modified":"2024-07-15T11:31:15","modified_gmt":"2024-07-15T09:31:15","slug":"srodek-czyszczacy-mapei-kerapoxy-cleaner-750ml","status":"publish","type":"product","link":"https:\/\/e-adams.pl\/de\/produkt\/srodek-czyszczacy-mapei-kerapoxy-cleaner-750ml\/","title":{"rendered":"\u015arodek czyszcz\u0105cy Mapei Kerapoxy Cleaner 750ml"},"content":{"rendered":"<h3>OPIS:<\/h3>\n<p>\u015arodek czyszcz\u0105cy Mapei Kerapoxy Cleaner jest preparatem przeznaczonym do usuwania wszelakich zabrudze\u0144 po fugach epoksydowych zar\u00f3wno \u015bwie\u017cych, jak i ju\u017c zaschni\u0119tych. Z powodzeniem usuwa \u015blady, zabrudzenia oraz pozosta\u0142o\u015bci po u\u017cyciu wszystkich fug epoksydowych, w tym tak\u017ce fug firmy Mapei.<\/p>\n<p><span dir=\"ltr\" role=\"presentation\">UltraCare Kerapoxy\u00a0<\/span><span dir=\"ltr\" role=\"presentation\">Cleaner<\/span>\u00a0radzi sobie r\u00f3wnie\u017c ze starymi zabrudzeniami, jednak w takim wypadku nale\u017cy pozostawi\u0107 preparat na d\u0142u\u017cszy czas (ok. 15-20 minut) lub powt\u00f3rzy\u0107 cykl czyszczenia do uzyskania po\u017c\u0105danego efektu.<\/p>\n<h3>DANE TECHNICZNE:<\/h3>\n<ul>\n<li><span dir=\"ltr\" role=\"presentation\"><strong>Posta\u0107<\/strong>:<\/span>\u00a0<span dir=\"ltr\" role=\"presentation\">p\u0142yn.<\/span><\/li>\n<li><span dir=\"ltr\" role=\"presentation\"><strong>Kolor<\/strong>:<\/span>\u00a0<span dir=\"ltr\" role=\"presentation\">opalizuj\u0105cy.<\/span><\/li>\n<li><span dir=\"ltr\" role=\"presentation\"><strong>pH<\/strong>:<\/span>\u00a0<span dir=\"ltr\" role=\"presentation\">11.<\/span><\/li>\n<li><span dir=\"ltr\" role=\"presentation\"><strong>Zakres temperatury stosowania<\/strong>:<\/span>\u00a0<span dir=\"ltr\" role=\"presentation\">od 0\u00b0C do +40\u00b0C.<\/span><\/li>\n<li><strong>Nanoszenie<\/strong>: natryskowo.<\/li>\n<li><span dir=\"ltr\" role=\"presentation\"><strong>Czas oczekiwania przed zmywaniem<\/strong>:<\/span>\u00a0kilka lub kilkana\u015bcie minut, w zale\u017cno\u015bci od stopnia utwardzenia fugi.<span dir=\"ltr\" role=\"presentation\"><br \/>\n<\/span><\/li>\n<li><strong>Zu\u017cycie<\/strong>:\u00a0<span dir=\"ltr\" role=\"presentation\">zale\u017cy od stopnia i rodzaju\u00a0<\/span><span dir=\"ltr\" role=\"presentation\">zabrudzenia.<\/span><\/li>\n<li><strong>Opakowania<\/strong>: butelka z atomizerem 750ml.<\/li>\n<li><strong>Przechowywanie<\/strong>: 24 miesi\u0105ce.<\/li>\n<\/ul>\n","protected":false},"excerpt":{"rendered":"<p>\u015arodek czyszcz\u0105cy Mapei Kerapoxy Cleaner jest preparatem przeznaczonym do usuwania wszelakich zabrudze\u0144 po fugach epoksydowych zar\u00f3wno \u015bwie\u017cych, jak i ju\u017c zaschni\u0119tych. Z powodzeniem usuwa \u015blady, zabrudzenia oraz pozosta\u0142o\u015bci po u\u017cyciu wszystkich fug epoksydowych, w tym tak\u017ce fug firmy Mapei.<\/p>\n","protected":false},"featured_media":22214,"comment_status":"open","ping_status":"closed","template":"","meta":{"_acf_changed":false,"inline_featured_image":false},"product_cat":[1590],"product_tag":[984,1603],"class_list":{"0":"post-20979","1":"product","2":"type-product","3":"status-publish","4":"has-post-thumbnail","6":"product_cat-impregnaty-i-srodki-do-czyszczenia","7":"product_tag-mapei","8":"product_tag-srodek-czyszczacy","10":"first","11":"instock","12":"shipping-taxable","13":"purchasable","14":"product-type-simple"},"acf":[],"_links":{"self":[{"href":"https:\/\/e-adams.pl\/de\/wp-json\/wp\/v2\/product\/20979","targetHints":{"allow":["GET"]}}],"collection":[{"href":"https:\/\/e-adams.pl\/de\/wp-json\/wp\/v2\/product"}],"about":[{"href":"https:\/\/e-adams.pl\/de\/wp-json\/wp\/v2\/types\/product"}],"replies":[{"embeddable":true,"href":"https:\/\/e-adams.pl\/de\/wp-json\/wp\/v2\/comments?post=20979"}],"wp:featuredmedia":[{"embeddable":true,"href":"https:\/\/e-adams.pl\/de\/wp-json\/wp\/v2\/media\/22214"}],"wp:attachment":[{"href":"https:\/\/e-adams.pl\/de\/wp-json\/wp\/v2\/media?parent=20979"}],"wp:term":[{"taxonomy":"product_cat","embeddable":true,"href":"https:\/\/e-adams.pl\/de\/wp-json\/wp\/v2\/product_cat?post=20979"},{"taxonomy":"product_tag","embeddable":true,"href":"https:\/\/e-adams.pl\/de\/wp-json\/wp\/v2\/product_tag?post=20979"}],"curies":[{"name":"wp","href":"https:\/\/api.w.org\/{rel}","templated":true}]}}