{"id":20980,"date":"2023-09-12T12:11:15","date_gmt":"2023-09-12T10:11:15","guid":{"rendered":"https:\/\/e-adams.pl\/produkt\/kielnia-do-betonu-kom-ytong-180mm-a-10-6178\/"},"modified":"2024-02-15T11:49:25","modified_gmt":"2024-02-15T10:49:25","slug":"kielnia-do-betonu-komorkowego-solid-180mm","status":"publish","type":"product","link":"https:\/\/e-adams.pl\/de\/produkt\/kielnia-do-betonu-komorkowego-solid-180mm\/","title":{"rendered":"Kielnia do betonu kom\u00f3rkowego SOLID 180mm"},"content":{"rendered":"<p>Kielnia do betonu kom\u00f3rkowego <a href=\"https:\/\/e-adams.pl\/solid\">SOLID<\/a> umo\u017cliwia nak\u0142adanie i r\u00f3wnomierne rozprowadzanie zaprawy klejowej przy uk\u0142adaniu bloczk\u00f3w z betonu kom\u00f3rkowego. Kielnia wykonana jest z wysokiej jako\u015bci blachy stalowej,\u00a0malowanej\u00a0proszkowo. Kielnia wyposa\u017cona jest w solidn\u0105, drewnian\u0105 r\u0105czk\u0119.<\/p>\n<p>Dzi\u0119ki swojej budowie\u00a0zaprawa nie skapuje\u00a0z bok\u00f3w kielni i bloczk\u00f3w,\u00a0nie pozostawia\u00a0zaciek\u00f3w,\u00a0a wymurowana \u015bciana jest g\u0142adka i czysta.<\/p>\n<h3>DANE TECHNICZNE:<\/h3>\n<p>\u2022 Kod producenta: 6178<br \/>\n\u2022 Kod EAN: 5906554517351<\/p>\n","protected":false},"excerpt":{"rendered":"<p>Kielnia do betonu kom\u00f3rkowego <a href=\"https:\/\/e-adams.pl\/solid\">SOLID<\/a> umo\u017cliwia nak\u0142adanie i r\u00f3wnomierne rozprowadzanie zaprawy klejowej przy uk\u0142adaniu bloczk\u00f3w z betonu kom\u00f3rkowego. Kielnia wykonana jest z wysokiej jako\u015bci blachy stalowej,\u00a0malowanej\u00a0proszkowo. Kielnia wyposa\u017cona jest w solidn\u0105, drewnian\u0105 r\u0105czk\u0119.<\/p>\n","protected":false},"featured_media":22426,"comment_status":"open","ping_status":"closed","template":"","meta":{"_acf_changed":false,"inline_featured_image":false},"product_cat":[196],"product_tag":[2237,1815],"class_list":{"0":"post-20980","1":"product","2":"type-product","3":"status-publish","4":"has-post-thumbnail","6":"product_cat-narzedzia-reczne","7":"product_tag-kielnia-do-betonu-komorkowego","8":"product_tag-solid","10":"first","11":"instock","12":"shipping-taxable","13":"purchasable","14":"product-type-simple"},"acf":[],"_links":{"self":[{"href":"https:\/\/e-adams.pl\/de\/wp-json\/wp\/v2\/product\/20980","targetHints":{"allow":["GET"]}}],"collection":[{"href":"https:\/\/e-adams.pl\/de\/wp-json\/wp\/v2\/product"}],"about":[{"href":"https:\/\/e-adams.pl\/de\/wp-json\/wp\/v2\/types\/product"}],"replies":[{"embeddable":true,"href":"https:\/\/e-adams.pl\/de\/wp-json\/wp\/v2\/comments?post=20980"}],"wp:featuredmedia":[{"embeddable":true,"href":"https:\/\/e-adams.pl\/de\/wp-json\/wp\/v2\/media\/22426"}],"wp:attachment":[{"href":"https:\/\/e-adams.pl\/de\/wp-json\/wp\/v2\/media?parent=20980"}],"wp:term":[{"taxonomy":"product_cat","embeddable":true,"href":"https:\/\/e-adams.pl\/de\/wp-json\/wp\/v2\/product_cat?post=20980"},{"taxonomy":"product_tag","embeddable":true,"href":"https:\/\/e-adams.pl\/de\/wp-json\/wp\/v2\/product_tag?post=20980"}],"curies":[{"name":"wp","href":"https:\/\/api.w.org\/{rel}","templated":true}]}}